{"id":118451,"date":"2021-10-24T00:00:00","date_gmt":"2021-10-24T05:00:00","guid":{"rendered":"https:\/\/gpl-love.com\/es\/?post_type=product&#038;p=118451"},"modified":"2026-03-09T08:06:23","modified_gmt":"2026-03-09T13:06:23","slug":"sensei-course-progress","status":"publish","type":"product","link":"https:\/\/gpl-love.com\/es\/producto\/sensei-course-progress\/","title":{"rendered":"Sensei Course Progress 2.0.4"},"content":{"rendered":"<h3>Sensei Course Progress Caracteristicas<\/h3>\n<p>El progreso del curso Sensei es una herramienta de aprendizaje electr\u00f3nico de vanguardia que ha sido meticulosamente elaborada para ayudar a los estudiantes a monitorear de manera efectiva su progreso en los cursos en l\u00ednea. Al utilizar las caracter\u00edsticas notables del progreso del curso Sensei, los estudiantes est\u00e1n facultados para rastrear meticulosamente su progreso a trav\u00e9s de varios componentes del curso, como materiales, evaluaciones y tareas. En consecuencia, esta invaluable herramienta otorga a los estudiantes un profundo sentido de control y direcci\u00f3n a lo largo de su viaje de aprendizaje. La gran potencia de esta herramienta radica en su capacidad para demostrar visualmente el progreso de los estudiantes, proporcion\u00e1ndoles actualizaciones en tiempo real que les permiten comprender de manera integral hasta qu\u00e9 punto han avanzado y la distancia que a\u00fan necesitan atravesar para conquistar sus objetivos de aprendizaje . A trav\u00e9s de la provisi\u00f3n de informes y an\u00e1lisis de progreso integrales, el progreso del curso Sensei facilita la identificaci\u00f3n de \u00e1reas que necesitan mejoras, equipando a los estudiantes con un arsenal de herramientas y recursos imperativos para su triunfo. Independientemente de si asume el papel de un instructor o un estudiante, el progreso del curso Sensei es un activo indispensable que est\u00e1 listo para facilitar el logro de sus objetivos de aprendizaje con una facilidad y eficiencia incomparables.<\/p>\n<ul>\n<li>Actualizaciones en tiempo real sobre el progreso de los estudiantes en los cursos de Sensei<\/li>\n<li>Dashboard e informes f\u00e1ciles de leer y caracter\u00edsticas de informes<\/li>\n<li>Opciones de seguimiento de progreso personalizable<\/li>\n<li>Notificaciones para cursos incompletos o atrasados<\/li>\n<li>Integraci\u00f3n con sistemas populares de gesti\u00f3n de aprendizaje (LMS)<\/li>\n<li>Compatible con dispositivos de escritorio y m\u00f3viles<\/li>\n<li>Accesible tanto para los instructores como para los administradores<\/li>\n<li>Ahorra tiempo y optimiza el proceso de calificaci\u00f3n<\/li>\n<li>Ayuda a identificar \u00e1reas donde los estudiantes pueden necesitar apoyo o atenci\u00f3n adicional<\/li>\n<li>Mejora el \u00e9xito general de los estudiantes y la participaci\u00f3n en los cursos en l\u00ednea.<\/li>\n<\/ul>\n","protected":false},"excerpt":{"rendered":"<p>El progreso del curso Sensei es una herramienta altamente sofisticada e innovadora meticulosamente elaborada para facilitar el monitoreo sin problemas del progreso del curso en l\u00ednea por parte de los estudiantes e instructores de una manera excepcionalmente eficiente y f\u00e1cil de usar. En virtud de su an\u00e1lisis notablemente l\u00facido e integral, los usuarios est\u00e1n dotados de la invaluable capacidad para vigilar sin esfuerzo sobre los cursos, las lecciones y las pruebas que se han completado satisfactoriamente, al tiempo que se est\u00e1 facultando simult\u00e1neamente para imponer requisitos y plazos relacionados con la finalizaci\u00f3n del curso. Lo que distingue a este programa de sus contrapartes es su integraci\u00f3n perfecta con WordPress, lo que lo convierte en un sistema de gesti\u00f3n de aprendizaje extremadamente avanzado y notablemente potente hecho a medida para educadores e instituciones acad\u00e9micas.<\/p>\n","protected":false},"featured_media":167453,"comment_status":"open","ping_status":"open","template":"","meta":[],"product_brand":[2344],"product_cat":[1207,1248,1206],"product_tag":[1423],"class_list":{"0":"post-118451","1":"product","2":"type-product","3":"status-publish","4":"has-post-thumbnail","6":"product_brand-woocommerce","7":"product_cat-comercio-electronico-plugins","8":"product_cat-personalizacion-comercio-electronico-plugins","9":"product_cat-plugins","10":"product_tag-woocommerce","11":"member-discount","12":"discount-restricted","14":"first","15":"instock","16":"sale","17":"downloadable","18":"virtual","19":"sold-individually","20":"purchasable","21":"product-type-simple"},"_links":{"self":[{"href":"https:\/\/gpl-love.com\/es\/wp-json\/wp\/v2\/product\/118451","targetHints":{"allow":["GET"]}}],"collection":[{"href":"https:\/\/gpl-love.com\/es\/wp-json\/wp\/v2\/product"}],"about":[{"href":"https:\/\/gpl-love.com\/es\/wp-json\/wp\/v2\/types\/product"}],"replies":[{"embeddable":true,"href":"https:\/\/gpl-love.com\/es\/wp-json\/wp\/v2\/comments?post=118451"}],"wp:featuredmedia":[{"embeddable":true,"href":"https:\/\/gpl-love.com\/es\/wp-json\/wp\/v2\/media\/167453"}],"wp:attachment":[{"href":"https:\/\/gpl-love.com\/es\/wp-json\/wp\/v2\/media?parent=118451"}],"wp:term":[{"taxonomy":"product_brand","embeddable":true,"href":"https:\/\/gpl-love.com\/es\/wp-json\/wp\/v2\/product_brand?post=118451"},{"taxonomy":"product_cat","embeddable":true,"href":"https:\/\/gpl-love.com\/es\/wp-json\/wp\/v2\/product_cat?post=118451"},{"taxonomy":"product_tag","embeddable":true,"href":"https:\/\/gpl-love.com\/es\/wp-json\/wp\/v2\/product_tag?post=118451"}],"curies":[{"name":"wp","href":"https:\/\/api.w.org\/{rel}","templated":true}]}}