{"id":118449,"date":"2021-10-24T00:00:00","date_gmt":"2021-10-24T05:00:00","guid":{"rendered":"https:\/\/gpl-love.com\/es\/?post_type=product&#038;p=118449"},"modified":"2026-03-09T08:06:21","modified_gmt":"2026-03-09T13:06:21","slug":"sensei-content-drip","status":"publish","type":"product","link":"https:\/\/gpl-love.com\/es\/producto\/sensei-content-drip\/","title":{"rendered":"Sensei Content Drip 2.1.1"},"content":{"rendered":"<h3>Sensei Content Drip Caracteristicas<\/h3>\n<p>Sensei Content Drip es una soluci\u00f3n de software revolucionaria que permite a los propietarios de negocios y a los especialistas en marketing a optimizar y mejorar sus esfuerzos de marketing de contenido, todo mientras cautivan sin problemas a su audiencia. Al aprovechar el poder del goteo de contenido sensei, puede programar y automatizar de manera inteligente la difusi\u00f3n de su contenido meticulosamente elaborado, que abarca desde publicaciones de blog cautivadoras hasta atractivas campa\u00f1as de correo electr\u00f3nico, asegurando as\u00ed que su estimada audiencia se otorgue un flujo constante y sin interrupciones de informaci\u00f3n invaluable durante un per\u00edodo prolongado de tiempo. Adem\u00e1s, este software de vanguardia tambi\u00e9n cuenta con una gama integral de an\u00e1lisis avanzados y herramientas de seguimiento, lo que le permite evaluar y evaluar meticulosamente la eficacia y el triunfo de sus iniciativas de marketing de contenido, facilitando as\u00ed las adaptaciones y modificaciones necesarias a su enfoque estrat\u00e9gico. Independientemente de si usted es un propietario emprendedor de una peque\u00f1a empresa o un vendedor experimentado y astuto, Sensei Content Drip lo equipa indudablemente con una plataforma f\u00e1cil de usar y altamente eficiente para concebir y ejecutar un plan de marketing de contenido rotundamente triunfante.<\/p>\n<ul>\n<li>Programaci\u00f3n de contenido inteligente para entregar el contenido correcto en el momento adecuado a su audiencia<\/li>\n<li>Opciones avanzadas de segmentaci\u00f3n y etiquetado para personalizar su contenido para audiencias espec\u00edficas<\/li>\n<li>An\u00e1lisis incorporado para medir el rendimiento del contenido y ajustar su estrategia en consecuencia<\/li>\n<li>Integraci\u00f3n con plataformas de automatizaci\u00f3n de marketing populares para flujo de trabajo y organizaci\u00f3n sin problemas<\/li>\n<li>Opciones de entrega multicanal que incluyen notificaciones por correo electr\u00f3nico, redes sociales y push<\/li>\n<li>Flexibilidad para ajustar la programaci\u00f3n y la entrega en funci\u00f3n del comportamiento individual del usuario y los patrones de participaci\u00f3n<\/li>\n<li>Creaci\u00f3n y gesti\u00f3n de contenido eficiente con interfaz visual intuitiva y funcionalidad de arrastrar y soltar<\/li>\n<li>Entrega confiable con opciones de copia de seguridad autom\u00e1ticas y capacidades de manejo de errores<\/li>\n<li>Soporte y recursos dedicados para una implementaci\u00f3n y \u00e9xito \u00f3ptimos con la herramienta.<\/li>\n<\/ul>\n","protected":false},"excerpt":{"rendered":"<p>Sensei Content Drip es una herramienta de marketing de contenido de vanguardia y de vanguardia, dise\u00f1ada para mantener cautivada y absorta de manera efectiva a su audiencia en su marca. Esta invaluable herramienta le presenta la capacidad de generar y programar meticulosamente una campa\u00f1a de goteo, que dispensar\u00e1 ingeniosamente contenido valioso y pertinente para sus estimados suscriptores. Dicho contenido puede abarcar una amplia gama de formatos, como publicaciones de blog que invitan a la reflexi\u00f3n, videos visualmente cautivadores, podcasts cautivadores y otras formas igualmente atractivas de contenido capaces de tentarse continuamente y atraer a su audiencia, asegurando as\u00ed su lealtad inquebrantable y su deseo insaciable por su deseo por un deseo insacable por m\u00e1s. La belleza del goteo de contenido Sensei se encuentra en su naturaleza f\u00e1cil de usar y su capacidad inherente para integrarse sin problemas con sus plataformas de marketing preexistentes, sirviendo as\u00ed como una adici\u00f3n formidable e indispensable a su estrategia general de marketing digital.<\/p>\n","protected":false},"featured_media":167451,"comment_status":"open","ping_status":"open","template":"","meta":[],"product_brand":[2344],"product_cat":[1207,1248,1206],"product_tag":[1423],"class_list":{"0":"post-118449","1":"product","2":"type-product","3":"status-publish","4":"has-post-thumbnail","6":"product_brand-woocommerce","7":"product_cat-comercio-electronico-plugins","8":"product_cat-personalizacion-comercio-electronico-plugins","9":"product_cat-plugins","10":"product_tag-woocommerce","11":"member-discount","12":"discount-restricted","14":"first","15":"instock","16":"sale","17":"downloadable","18":"virtual","19":"sold-individually","20":"purchasable","21":"product-type-simple"},"_links":{"self":[{"href":"https:\/\/gpl-love.com\/es\/wp-json\/wp\/v2\/product\/118449","targetHints":{"allow":["GET"]}}],"collection":[{"href":"https:\/\/gpl-love.com\/es\/wp-json\/wp\/v2\/product"}],"about":[{"href":"https:\/\/gpl-love.com\/es\/wp-json\/wp\/v2\/types\/product"}],"replies":[{"embeddable":true,"href":"https:\/\/gpl-love.com\/es\/wp-json\/wp\/v2\/comments?post=118449"}],"wp:featuredmedia":[{"embeddable":true,"href":"https:\/\/gpl-love.com\/es\/wp-json\/wp\/v2\/media\/167451"}],"wp:attachment":[{"href":"https:\/\/gpl-love.com\/es\/wp-json\/wp\/v2\/media?parent=118449"}],"wp:term":[{"taxonomy":"product_brand","embeddable":true,"href":"https:\/\/gpl-love.com\/es\/wp-json\/wp\/v2\/product_brand?post=118449"},{"taxonomy":"product_cat","embeddable":true,"href":"https:\/\/gpl-love.com\/es\/wp-json\/wp\/v2\/product_cat?post=118449"},{"taxonomy":"product_tag","embeddable":true,"href":"https:\/\/gpl-love.com\/es\/wp-json\/wp\/v2\/product_tag?post=118449"}],"curies":[{"name":"wp","href":"https:\/\/api.w.org\/{rel}","templated":true}]}}