{"id":118447,"date":"2025-06-08T00:00:00","date_gmt":"2025-06-08T05:00:00","guid":{"rendered":"https:\/\/gpl-love.com\/es\/?post_type=product&#038;p=118447"},"modified":"2026-03-09T07:56:47","modified_gmt":"2026-03-09T12:56:47","slug":"ninja-forms-user-management","status":"publish","type":"product","link":"https:\/\/gpl-love.com\/es\/producto\/ninja-forms-user-management\/","title":{"rendered":"Ninja Forms User Management 3.2.2"},"content":{"rendered":"<h3>Ninja Forms User Management Caracteristicas<\/h3>\n<p>El complemento de administraci\u00f3n de usuarios Ninja Forms es una herramienta excepcionalmente potente que permite a los propietarios de sitios web supervisar a los usuarios sin esfuerzo en sus sitios de WordPress. Este complemento optimiza el proceso de administrar y modificar los datos de los usuarios, facilitando la incorporaci\u00f3n r\u00e1pida de nuevos usuarios al sitio. Adem\u00e1s, proporciona una variedad de opciones para el registro e inicio de sesi\u00f3n del usuario, notificaciones por correo electr\u00f3nico, as\u00ed como la administraci\u00f3n de roles de usuario. Adem\u00e1s, posee la capacidad de especificar meticulosamente los campos que desea incorporar dentro de su formulario de registro y personalice a\u00fan m\u00e1s las notificaciones de correo electr\u00f3nico enviadas a los usuarios. Al aprovechar las caracter\u00edsticas notables ofrecidas por el complemento de administraci\u00f3n de usuarios Ninja Forms, puede ejercer una autoridad incomparable sobre el aspecto de administraci\u00f3n de usuarios de su sitio de WordPress, asegurando as\u00ed una experiencia de usuario impecablemente perfecta para sus apreciados visitantes.<\/p>\n<ul>\n<li>Un poderoso sistema de administraci\u00f3n de usuarios para formularios Ninja que le permite crear perfiles de usuario personalizados y administrar datos de usuario con facilidad.<\/li>\n<li>Establezca f\u00e1cilmente los formularios de registro de usuario para su sitio web o negocio en l\u00ednea y los personalice para incluir los campos e informaci\u00f3n que necesita.<\/li>\n<li>Administre cuentas y datos de usuario de manera segura y organizada con caracter\u00edsticas como protecci\u00f3n de contrase\u00f1a, verificaci\u00f3n de correo electr\u00f3nico y campos de perfil de usuario.<\/li>\n<li>Tambi\u00e9n puede configurar roles y permisos de usuario personalizados para brindar a los usuarios espec\u00edficos diferentes niveles de acceso y control sobre los formularios y datos.<\/li>\n<li>Obtenga an\u00e1lisis e informes detallados para rastrear el comportamiento del usuario y el rendimiento del formulario, y use esta informaci\u00f3n para optimizar sus formularios y mejorar la experiencia del usuario.<\/li>\n<li>Con la administraci\u00f3n de usuarios Ninja Forms, puede optimizar su proceso de administraci\u00f3n de usuarios y crear un sistema m\u00e1s eficiente y f\u00e1cil de usar para su negocio u organizaci\u00f3n.<\/li>\n<\/ul>\n","protected":false},"excerpt":{"rendered":"<p>Ninja forma gesti\u00f3n de usuarios, un complemento de WordPress incre\u00edblemente robusto, otorga a los propietarios de sitios web la capacidad invaluable para supervisar y regular sin esfuerzo los registros y datos de los usuarios. Esta herramienta extraordinaria le permite concebir y adaptar los formularios de registro personalizados, administrar efectivamente los roles y permisos de los usuarios, as\u00ed como enviar correos electr\u00f3nicos automatizados a los usuarios. Al integrar perfectamente la gesti\u00f3n de usuarios Ninja Forms en su arsenal, puede optimizar el intrincado proceso de administraci\u00f3n de usuarios y, por lo tanto, garantizar una experiencia de usuario incomparable y fluida en su estimado sitio web.<\/p>\n","protected":false},"featured_media":167041,"comment_status":"open","ping_status":"open","template":"","meta":[],"product_brand":[2509],"product_cat":[1214,1206,1211],"product_tag":[1338],"class_list":{"0":"post-118447","1":"product","2":"type-product","3":"status-publish","4":"has-post-thumbnail","6":"product_brand-ninja-forms","7":"product_cat-personalizacion","8":"product_cat-plugins","9":"product_cat-wordpress-plugins","10":"product_tag-ninja-forms","11":"member-discount","12":"discount-restricted","14":"first","15":"instock","16":"sale","17":"downloadable","18":"virtual","19":"sold-individually","20":"purchasable","21":"product-type-simple"},"_links":{"self":[{"href":"https:\/\/gpl-love.com\/es\/wp-json\/wp\/v2\/product\/118447","targetHints":{"allow":["GET"]}}],"collection":[{"href":"https:\/\/gpl-love.com\/es\/wp-json\/wp\/v2\/product"}],"about":[{"href":"https:\/\/gpl-love.com\/es\/wp-json\/wp\/v2\/types\/product"}],"replies":[{"embeddable":true,"href":"https:\/\/gpl-love.com\/es\/wp-json\/wp\/v2\/comments?post=118447"}],"wp:featuredmedia":[{"embeddable":true,"href":"https:\/\/gpl-love.com\/es\/wp-json\/wp\/v2\/media\/167041"}],"wp:attachment":[{"href":"https:\/\/gpl-love.com\/es\/wp-json\/wp\/v2\/media?parent=118447"}],"wp:term":[{"taxonomy":"product_brand","embeddable":true,"href":"https:\/\/gpl-love.com\/es\/wp-json\/wp\/v2\/product_brand?post=118447"},{"taxonomy":"product_cat","embeddable":true,"href":"https:\/\/gpl-love.com\/es\/wp-json\/wp\/v2\/product_cat?post=118447"},{"taxonomy":"product_tag","embeddable":true,"href":"https:\/\/gpl-love.com\/es\/wp-json\/wp\/v2\/product_tag?post=118447"}],"curies":[{"name":"wp","href":"https:\/\/api.w.org\/{rel}","templated":true}]}}