{"id":118445,"date":"2021-10-24T00:00:00","date_gmt":"2021-10-24T05:00:00","guid":{"rendered":"https:\/\/gpl-love.com\/es\/?post_type=product&#038;p=118445"},"modified":"2026-03-09T07:56:40","modified_gmt":"2026-03-09T12:56:40","slug":"ninja-forms-table-editor","status":"publish","type":"product","link":"https:\/\/gpl-love.com\/es\/producto\/ninja-forms-table-editor\/","title":{"rendered":"Ninja Forms Table Editor 3.0.4"},"content":{"rendered":"<h3>Ninja Forms Table Editor Caracteristicas<\/h3>\n<p>El Editor de Tabla Ninja Forms es una herramienta inmensamente poderosa que otorga a los usuarios la capacidad de crear y modificar directamente las tablas dentro del complemento Ninja Forms. Al utilizar esta herramienta, los usuarios pueden manipular sin esfuerzo filas y columnas, al tiempo que tienen la opci\u00f3n de personalizar los aspectos visuales de sus respectivas tablas. Este producto en particular presenta a los usuarios una interfaz que no solo es f\u00e1cil de usar, sino que tambi\u00e9n es extremadamente f\u00e1cil de navegar, lo que lo convierte en una opci\u00f3n \u00f3ptima para las personas de todos los niveles de habilidad, independientemente de si son novatos o expertos experimentados. Adem\u00e1s, el editor de la tabla Ninja Forms tambi\u00e9n ofrece a los usuarios la capacidad de generar tablas visualmente cautivadoras que muestran efectivamente datos de una manera que es tanto met\u00f3dica como profesional. En \u00faltima instancia, la implementaci\u00f3n de este producto sirve para optimizar el proceso de creaci\u00f3n y modificaci\u00f3n de la tabla, transform\u00e1ndolo en un recurso indispensable que seguramente mejorar\u00e1 las capacidades de gesti\u00f3n de datos de sus usuarios.<\/p>\n<ul>\n<li>Permite a los usuarios editar y organizar f\u00e1cilmente datos en tablas de formularios ninja<\/li>\n<li>Proporciona una interfaz f\u00e1cil de usar que muestra todos los datos de la tabla de una manera visualmente atractiva<\/li>\n<li>Permite el clasificaci\u00f3n y el filtrado r\u00e1pido de los datos de la tabla basados \u200b\u200ben criterios espec\u00edficos<\/li>\n<li>Proporciona varias opciones de personalizaci\u00f3n, incluida la capacidad de ajustar el ancho de la columna y reorganizar el orden de las columnas<\/li>\n<li>Ofrece la capacidad de agregar, eliminar y duplicar filas de datos de manera r\u00e1pida y f\u00e1cil<\/li>\n<li>Guarda autom\u00e1ticamente los cambios realizados en la tabla, asegurando que los datos siempre est\u00e9n actualizados<\/li>\n<li>Se integra a la perfecci\u00f3n con los formularios ninja, por lo que todos los env\u00edos de formulario se agregan autom\u00e1ticamente a la tabla para una f\u00e1cil edici\u00f3n y gesti\u00f3n<\/li>\n<li>Ahorra tiempo y aumenta la eficiencia al eliminar la necesidad de entrada y manipulaci\u00f3n de datos manuales<\/li>\n<li>Proporciona una soluci\u00f3n robusta para administrar grandes conjuntos de datos de manera clara y organizada<\/li>\n<li>Mejora la experiencia general del usuario al optimizar la gesti\u00f3n y la organizaci\u00f3n de datos.<\/li>\n<\/ul>\n","protected":false},"excerpt":{"rendered":"<p>El Ninja Forms Table Editor es una herramienta extremadamente poderosa que otorga a los usuarios la capacidad de modelar tablas cautivadoras e interactivas en sus respectivos sitios web. Una de las caracter\u00edsticas clave de esta herramienta es su capacidad para construir y supervisar sin esfuerzo tablas que sean completamente adaptables y receptivas, facilitando as\u00ed la visi\u00f3n perfecta y la interactividad de los datos para los visitantes del sitio. Independientemente de si desea mostrar planes de precios, listados de productos o cualquier otra variante de contenido, el editor de tabla Ninja Forms agiliza el proceso de generar tablas llamativas e inmersivas que poseen el potencial para elevar su sitio web a alturas sin precedentes.<\/p>\n","protected":false},"featured_media":167036,"comment_status":"open","ping_status":"open","template":"","meta":[],"product_brand":[2509],"product_cat":[1214,1206,1211],"product_tag":[1338],"class_list":{"0":"post-118445","1":"product","2":"type-product","3":"status-publish","4":"has-post-thumbnail","6":"product_brand-ninja-forms","7":"product_cat-personalizacion","8":"product_cat-plugins","9":"product_cat-wordpress-plugins","10":"product_tag-ninja-forms","11":"member-discount","12":"discount-restricted","14":"first","15":"instock","16":"sale","17":"downloadable","18":"virtual","19":"sold-individually","20":"purchasable","21":"product-type-simple"},"_links":{"self":[{"href":"https:\/\/gpl-love.com\/es\/wp-json\/wp\/v2\/product\/118445","targetHints":{"allow":["GET"]}}],"collection":[{"href":"https:\/\/gpl-love.com\/es\/wp-json\/wp\/v2\/product"}],"about":[{"href":"https:\/\/gpl-love.com\/es\/wp-json\/wp\/v2\/types\/product"}],"replies":[{"embeddable":true,"href":"https:\/\/gpl-love.com\/es\/wp-json\/wp\/v2\/comments?post=118445"}],"wp:featuredmedia":[{"embeddable":true,"href":"https:\/\/gpl-love.com\/es\/wp-json\/wp\/v2\/media\/167036"}],"wp:attachment":[{"href":"https:\/\/gpl-love.com\/es\/wp-json\/wp\/v2\/media?parent=118445"}],"wp:term":[{"taxonomy":"product_brand","embeddable":true,"href":"https:\/\/gpl-love.com\/es\/wp-json\/wp\/v2\/product_brand?post=118445"},{"taxonomy":"product_cat","embeddable":true,"href":"https:\/\/gpl-love.com\/es\/wp-json\/wp\/v2\/product_cat?post=118445"},{"taxonomy":"product_tag","embeddable":true,"href":"https:\/\/gpl-love.com\/es\/wp-json\/wp\/v2\/product_tag?post=118445"}],"curies":[{"name":"wp","href":"https:\/\/api.w.org\/{rel}","templated":true}]}}