{"id":118443,"date":"2025-06-08T00:00:00","date_gmt":"2025-06-08T05:00:00","guid":{"rendered":"https:\/\/gpl-love.com\/es\/?post_type=product&#038;p=118443"},"modified":"2026-04-10T11:19:31","modified_gmt":"2026-04-10T16:19:31","slug":"ninja-forms-slack","status":"publish","type":"product","link":"https:\/\/gpl-love.com\/es\/producto\/ninja-forms-slack\/","title":{"rendered":"Ninja Forms Slack 3.0.4"},"content":{"rendered":"<h3>Ninja Forms Slack Caracteristicas<\/h3>\n<p>Ninja Forms Slack, un complemento incre\u00edblemente formidable e instintivo, fusiona impecablemente sus datos Ninja Forms con su cuenta Slack. Al utilizar este complemento, puede obtener notificaciones en sus canales de holgura cada vez que un individuo env\u00eda un formulario en su sitio web. Adem\u00e1s, posee la capacidad de personalizar estas notificaciones para abarcar los datos de la forma pertinente, asegurando as\u00ed que permanezca perpetuamente consciente de precisamente qu\u00e9 informaci\u00f3n se ha presentado. Este complemento es inequ\u00edvocamente ideal para empresas y organizaciones que aspiran a optimizar sus procesos de comunicaci\u00f3n y monitorear efectivamente los env\u00edos de formularios cruciales. Con la incorporaci\u00f3n de los formularios ninja flojos, permanecer\u00e1 perpetuamente vigilante y nunca pasar\u00e1 por alto una sumisi\u00f3n de formulario una vez m\u00e1s.<\/p>\n<ul>\n<li>Integraci\u00f3n f\u00e1cil con la aplicaci\u00f3n de mensajer\u00eda Slack<\/li>\n<li>Env\u00eda notificaciones de env\u00edo del formulario directamente a los canales Slack<\/li>\n<li>Mensajes de notificaci\u00f3n personalizables para diferentes formularios y canales<\/li>\n<li>Actualizaciones instant\u00e1neas sobre env\u00edos de formularios, mejora de la comunicaci\u00f3n del equipo y el flujo de trabajo<\/li>\n<li>Ahorra tiempo eliminando la necesidad de verificaci\u00f3n manual para las presentaciones de formulario<\/li>\n<li>Proporciona una plataforma centralizada para la colaboraci\u00f3n del equipo y la gesti\u00f3n de formularios<\/li>\n<li>Compatible con m\u00faltiples sitios web y formularios, lo que permite una integraci\u00f3n perfecta entre equipos y proyectos<\/li>\n<li>Interfaz f\u00e1cil de usar que no requiere codificaci\u00f3n o habilidades t\u00e9cnicas<\/li>\n<li>Confiado en miles de empresas y organizaciones por su confiabilidad y eficiencia.<\/li>\n<\/ul>\n","protected":false},"excerpt":{"rendered":"<p>La integraci\u00f3n Slack Forms Ninja ofrece una gran cantidad de caracter\u00edsticas robustas, lo que permite a los usuarios recibir notificaciones de manera r\u00e1pida y sin problemas con respecto a los env\u00edos de formulario directamente dentro de sus canales de holgura designados. Al configurar sin esfuerzo, las notificaciones de activaci\u00f3n personalizadas, especificando los env\u00edos de formulario deseados para ser alertados y seleccionando el canal de holgura preciso al que se enviar\u00e1n estas notificaciones, los usuarios pueden optimizar sus procesos operativos, mejorar la eficiencia y garantizar que sus equipos permanezcan constantemente actualizados con realizaci\u00f3n real. Informaci\u00f3n de tiempo. D\u00e9jate despedir a la ardua tarea de monitorear manualmente los formularios y adoptar la automatizaci\u00f3n sin esfuerzo facilitada por los formularios Ninja Slack.<\/p>\n","protected":false},"featured_media":167034,"comment_status":"open","ping_status":"open","template":"","meta":[],"product_brand":[2509],"product_cat":[1212,1206,1211],"product_tag":[1338],"class_list":{"0":"post-118443","1":"product","2":"type-product","3":"status-publish","4":"has-post-thumbnail","6":"product_brand-ninja-forms","7":"product_cat-administracion-wordpress-plugins","8":"product_cat-plugins","9":"product_cat-wordpress-plugins","10":"product_tag-ninja-forms","11":"member-discount","12":"discount-restricted","14":"first","15":"instock","16":"sale","17":"downloadable","18":"virtual","19":"sold-individually","20":"purchasable","21":"product-type-simple"},"_links":{"self":[{"href":"https:\/\/gpl-love.com\/es\/wp-json\/wp\/v2\/product\/118443","targetHints":{"allow":["GET"]}}],"collection":[{"href":"https:\/\/gpl-love.com\/es\/wp-json\/wp\/v2\/product"}],"about":[{"href":"https:\/\/gpl-love.com\/es\/wp-json\/wp\/v2\/types\/product"}],"replies":[{"embeddable":true,"href":"https:\/\/gpl-love.com\/es\/wp-json\/wp\/v2\/comments?post=118443"}],"wp:featuredmedia":[{"embeddable":true,"href":"https:\/\/gpl-love.com\/es\/wp-json\/wp\/v2\/media\/167034"}],"wp:attachment":[{"href":"https:\/\/gpl-love.com\/es\/wp-json\/wp\/v2\/media?parent=118443"}],"wp:term":[{"taxonomy":"product_brand","embeddable":true,"href":"https:\/\/gpl-love.com\/es\/wp-json\/wp\/v2\/product_brand?post=118443"},{"taxonomy":"product_cat","embeddable":true,"href":"https:\/\/gpl-love.com\/es\/wp-json\/wp\/v2\/product_cat?post=118443"},{"taxonomy":"product_tag","embeddable":true,"href":"https:\/\/gpl-love.com\/es\/wp-json\/wp\/v2\/product_tag?post=118443"}],"curies":[{"name":"wp","href":"https:\/\/api.w.org\/{rel}","templated":true}]}}