{"id":118441,"date":"2021-10-24T00:00:00","date_gmt":"2021-10-24T05:00:00","guid":{"rendered":"https:\/\/gpl-love.com\/es\/?post_type=product&#038;p=118441"},"modified":"2026-03-09T07:56:36","modified_gmt":"2026-03-09T12:56:36","slug":"ninja-forms-sendy","status":"publish","type":"product","link":"https:\/\/gpl-love.com\/es\/producto\/ninja-forms-sendy\/","title":{"rendered":"Ninja Forms Sendy 3.0"},"content":{"rendered":"<h3>Ninja Forms Sendy Caracteristicas<\/h3>\n<p>Ninja Forms Sendy es una herramienta incre\u00edblemente robusta e influyente que le ofrece la capacidad perfecta para establecer una conexi\u00f3n entre su sitio web de WordPress y su cuenta de marketing por correo electr\u00f3nico de Sendy. Este complemento excepcional sirve para simplificar el intrincado proceso de adquirir y acumular informaci\u00f3n del usuario al tiempo que los incorpora simult\u00e1neamente en su valiosa lista de correo electr\u00f3nico. Con una interfaz incre\u00edblemente intuitiva y f\u00e1cil de usar, este complemento le permite generar y personalizar formas sin esfuerzo y optar por las p\u00e1ginas que cautivan sin esfuerzo la atenci\u00f3n de sus estimados visitantes del sitio web. Adem\u00e1s, el complemento admite la utilizaci\u00f3n de campos personalizados, lo que le permite asignarlos de manera efectiva a sus campos de suscriptores Sendy, mejorando a\u00fan m\u00e1s las opciones de versatilidad y personalizaci\u00f3n a su disposici\u00f3n. Adem\u00e1s, Ninja Forms Sendy tambi\u00e9n le proporciona una gran cantidad de informes detallados e integrales, lo que le permite rastrear y analizar meticulosamente el rendimiento de sus campa\u00f1as de correo electr\u00f3nico excepcionalmente dise\u00f1adas. Al implementar sin esfuerzo este complemento notable, puede conservar inequ\u00edvocamente un tiempo y un esfuerzo valiosos, lo que en \u00faltima instancia le permite concentrarse de todo coraz\u00f3n en la creaci\u00f3n e implementaci\u00f3n de estrategias de marketing por correo electr\u00f3nico altamente eficientes y efectivas que contribuyen innienablemente al crecimiento exponencial y la prosperidad de su empresa comercial estimada.<\/p>\n<ul>\n<li>Integraci\u00f3n potente y perfecta entre los formularios ninja y el software de marketing por correo electr\u00f3nico de Sendy<\/li>\n<li>Agregue sin esfuerzo suscriptores a sus listas Sendy directamente desde sus env\u00edos de formularios ninja<\/li>\n<li>Enviar campa\u00f1as de correo electr\u00f3nico personalizadas y espec\u00edficas a sus suscriptores con facilidad<\/li>\n<li>Ahorre tiempo y racionalice sus esfuerzos de marketing por correo electr\u00f3nico con esta integraci\u00f3n simple y efectiva<\/li>\n<li>Mejore la efectividad de sus formularios ninja con el beneficio adicional de las caracter\u00edsticas y funcionalidades de Sendy<\/li>\n<li>Personalice y ajuste su estrategia de marketing por correo electr\u00f3nico para maximizar el compromiso y las conversiones<\/li>\n<li>Disfrute de los beneficios de una soluci\u00f3n rentable de marketing por correo electr\u00f3nico que escala sin problemas con su negocio<\/li>\n<li>Una herramienta imprescindible para empresas y organizaciones que dependen del marketing por correo electr\u00f3nico para construir y nutrir a su audiencia.<\/li>\n<\/ul>\n","protected":false},"excerpt":{"rendered":"<p>Ninja Forms Sendy, un complemento de marketing por correo electr\u00f3nico excepcionalmente robusto, ofrece una integraci\u00f3n perfecta entre sus formularios de WordPress y su cuenta Sendy para elevar su juego de marketing por correo electr\u00f3nico. A trav\u00e9s de su interfaz f\u00e1cil de usar, puede construir sin esfuerzo formularios de suscripci\u00f3n personalizados, supervisar eficientemente sus listas de correo y ejecutar campa\u00f1as meticulosamente espec\u00edficas para cautivar a sus suscriptores. Adem\u00e1s, la amalgamaci\u00f3n sin esfuerzo de este complemento con formularios ninja agiliza el proceso de recopilar correos electr\u00f3nicos y elaboraci\u00f3n de campa\u00f1as de marketing por correo electr\u00f3nico convincentes, independientemente de si es un blogger apasionado, un propietario de negocios determinado o un vendedor inteligente. En esencia, Ninja Forms Sendy sirve como la soluci\u00f3n por excelencia para intensificar y optimizar sus esfuerzos en el \u00e1mbito del marketing por correo electr\u00f3nico.<\/p>\n","protected":false},"featured_media":167033,"comment_status":"open","ping_status":"open","template":"","meta":[],"product_brand":[2509],"product_cat":[1214,1206,1211],"product_tag":[1338],"class_list":{"0":"post-118441","1":"product","2":"type-product","3":"status-publish","4":"has-post-thumbnail","6":"product_brand-ninja-forms","7":"product_cat-personalizacion","8":"product_cat-plugins","9":"product_cat-wordpress-plugins","10":"product_tag-ninja-forms","11":"member-discount","12":"discount-restricted","14":"first","15":"instock","16":"sale","17":"downloadable","18":"virtual","19":"sold-individually","20":"purchasable","21":"product-type-simple"},"_links":{"self":[{"href":"https:\/\/gpl-love.com\/es\/wp-json\/wp\/v2\/product\/118441","targetHints":{"allow":["GET"]}}],"collection":[{"href":"https:\/\/gpl-love.com\/es\/wp-json\/wp\/v2\/product"}],"about":[{"href":"https:\/\/gpl-love.com\/es\/wp-json\/wp\/v2\/types\/product"}],"replies":[{"embeddable":true,"href":"https:\/\/gpl-love.com\/es\/wp-json\/wp\/v2\/comments?post=118441"}],"wp:featuredmedia":[{"embeddable":true,"href":"https:\/\/gpl-love.com\/es\/wp-json\/wp\/v2\/media\/167033"}],"wp:attachment":[{"href":"https:\/\/gpl-love.com\/es\/wp-json\/wp\/v2\/media?parent=118441"}],"wp:term":[{"taxonomy":"product_brand","embeddable":true,"href":"https:\/\/gpl-love.com\/es\/wp-json\/wp\/v2\/product_brand?post=118441"},{"taxonomy":"product_cat","embeddable":true,"href":"https:\/\/gpl-love.com\/es\/wp-json\/wp\/v2\/product_cat?post=118441"},{"taxonomy":"product_tag","embeddable":true,"href":"https:\/\/gpl-love.com\/es\/wp-json\/wp\/v2\/product_tag?post=118441"}],"curies":[{"name":"wp","href":"https:\/\/api.w.org\/{rel}","templated":true}]}}