{"id":118439,"date":"2021-10-24T00:00:00","date_gmt":"2021-10-24T05:00:00","guid":{"rendered":"https:\/\/gpl-love.com\/es\/?post_type=product&#038;p=118439"},"modified":"2026-03-09T07:56:30","modified_gmt":"2026-03-09T12:56:30","slug":"ninja-forms-pushover","status":"publish","type":"product","link":"https:\/\/gpl-love.com\/es\/producto\/ninja-forms-pushover\/","title":{"rendered":"Ninja Forms Pushover 1.0.3"},"content":{"rendered":"<h3>Ninja Forms Pushover Caracteristicas<\/h3>\n<p>El complemento Ninja Forms Pushver es una herramienta incre\u00edblemente robusta que proporciona a los usuarios la capacidad de recibir notificaciones push inmediatamente en tiempo real cada vez que se produce un env\u00edo de formulario en su sitio web. Al integrar a la perfecci\u00f3n sus formularios ninja con su cuenta de empuje, puede obtener alertas inmediatas sin esfuerzo, ya sea en su dispositivo m\u00f3vil o escritorio cuando se env\u00ede un formulario. Esta caracter\u00edstica excepcional demuestra ser particularmente ventajosa para los propietarios de sitios web, ya que les permite monitorear y manejar de manera efectiva los env\u00edos de formularios de manera oportuna. En consecuencia, el complemento de empuje de Ninja Forms sirve como un activo invaluable para optimizar la eficiencia del flujo de trabajo y mejorar la comunicaci\u00f3n del cliente, lo que lo convierte en una adici\u00f3n indispensable y altamente deseable a cualquier sitio web.<\/p>\n<ul>\n<li>Convierte los env\u00edos de formularios en notificaciones push en la aplicaci\u00f3n Pushver<\/li>\n<li>Las notificaciones push incluyen contenido de mensajes personalizable y usuario\/grupo destinatario<\/li>\n<li>Agiliza el proceso de notificaci\u00f3n para formularios sin requerir una verificaci\u00f3n manual<\/li>\n<li>Proporciona alertas en tiempo real para env\u00edos de formularios importantes<\/li>\n<li>Ofrece una interfaz f\u00e1cil de usar para configurar la configuraci\u00f3n de notificaci\u00f3n de impulso dentro de la plataforma Ninja Forms<\/li>\n<li>Permite la integraci\u00f3n perfecta de los env\u00edos de formularios con otras herramientas y flujos de trabajo conectados a Pushver<\/li>\n<li>Mejora la comunicaci\u00f3n y la capacidad de respuesta para las empresas que utilizan formularios en l\u00ednea<\/li>\n<\/ul>\n","protected":false},"excerpt":{"rendered":"<p>El complemento Ninja Forms Pushver es una herramienta incre\u00edblemente robusta que ofrece la capacidad de recibir notificaciones inmediatas para cualquier env\u00edo realizado a trav\u00e9s de sus formularios ninja. Al aprovechar la integraci\u00f3n perfecta con el servicio de empuje, est\u00e1 facultado para enviar notificaciones personalizadas sin esfuerzo directamente a su dispositivo o tableta de mano, lo que garantiza la conectividad ininterrumpida incluso mientras est\u00e1 en movimiento. Con los formularios ninja a trav\u00e9s de su disposici\u00f3n, puede mantenerse por delante del juego administrando y realizando un seguimiento de todas sus presentaciones de formulario sin encontrar ninguna fallas inoportunas.<\/p>\n","protected":false},"featured_media":167029,"comment_status":"open","ping_status":"open","template":"","meta":[],"product_brand":[2509],"product_cat":[1232,1206,1211],"product_tag":[1338],"class_list":{"0":"post-118439","1":"product","2":"type-product","3":"status-publish","4":"has-post-thumbnail","6":"product_brand-ninja-forms","7":"product_cat-marketing-wordpress-plugins","8":"product_cat-plugins","9":"product_cat-wordpress-plugins","10":"product_tag-ninja-forms","11":"member-discount","12":"discount-restricted","14":"first","15":"instock","16":"sale","17":"downloadable","18":"virtual","19":"sold-individually","20":"purchasable","21":"product-type-simple"},"_links":{"self":[{"href":"https:\/\/gpl-love.com\/es\/wp-json\/wp\/v2\/product\/118439","targetHints":{"allow":["GET"]}}],"collection":[{"href":"https:\/\/gpl-love.com\/es\/wp-json\/wp\/v2\/product"}],"about":[{"href":"https:\/\/gpl-love.com\/es\/wp-json\/wp\/v2\/types\/product"}],"replies":[{"embeddable":true,"href":"https:\/\/gpl-love.com\/es\/wp-json\/wp\/v2\/comments?post=118439"}],"wp:featuredmedia":[{"embeddable":true,"href":"https:\/\/gpl-love.com\/es\/wp-json\/wp\/v2\/media\/167029"}],"wp:attachment":[{"href":"https:\/\/gpl-love.com\/es\/wp-json\/wp\/v2\/media?parent=118439"}],"wp:term":[{"taxonomy":"product_brand","embeddable":true,"href":"https:\/\/gpl-love.com\/es\/wp-json\/wp\/v2\/product_brand?post=118439"},{"taxonomy":"product_cat","embeddable":true,"href":"https:\/\/gpl-love.com\/es\/wp-json\/wp\/v2\/product_cat?post=118439"},{"taxonomy":"product_tag","embeddable":true,"href":"https:\/\/gpl-love.com\/es\/wp-json\/wp\/v2\/product_tag?post=118439"}],"curies":[{"name":"wp","href":"https:\/\/api.w.org\/{rel}","templated":true}]}}