{"id":118437,"date":"2023-02-14T00:00:00","date_gmt":"2023-02-14T05:00:00","guid":{"rendered":"https:\/\/gpl-love.com\/es\/?post_type=product&#038;p=118437"},"modified":"2026-04-10T11:19:28","modified_gmt":"2026-04-10T16:19:28","slug":"ninja-forms-pipelinedeals-crm","status":"publish","type":"product","link":"https:\/\/gpl-love.com\/es\/producto\/ninja-forms-pipelinedeals-crm\/","title":{"rendered":"Ninja Forms PipelineDeals CRM 3.0.2"},"content":{"rendered":"<h3>Ninja Forms PipelineDeals CRM Caracteristicas<\/h3>\n<p>La integraci\u00f3n de Ninja Forms Pipelineals CRM ofrece una soluci\u00f3n robusta para optimizar el proceso de gesti\u00f3n de la relaci\u00f3n con el cliente. Al integrarse sin problemas con los formularios Ninja, puede recopilar sin esfuerzo clientes potenciales e informaci\u00f3n del cliente, que luego se sincroniza autom\u00e1ticamente con su CRM de PipelineineS. Esta integraci\u00f3n permite una gesti\u00f3n eficiente de su canal de ventas, el seguimiento de las interacciones del cliente y la capacidad de capitalizar completamente cada plomo. Con su interfaz f\u00e1cil de usar y su amplia gama de caracter\u00edsticas, Ninja Forms Pipelineals CRM presenta la soluci\u00f3n ideal para las empresas que buscan mejorar sus procedimientos de gesti\u00f3n de relaciones con el cliente.<\/p>\n<ul>\n<li>Conecte a la perfecci\u00f3n sus formularios ninja con sus PipelineAnals CRM<\/li>\n<li>Completar autom\u00e1ticamente la informaci\u00f3n de contacto y conduce directamente a Pipelineals<\/li>\n<li>Realice un seguimiento de las ventas y acuerdos en tiempo real con integraci\u00f3n de ebipelineals<\/li>\n<li>Ahorre tiempo y mejore la precisi\u00f3n de los datos eliminando la entrada de datos manuales<\/li>\n<li>Aelgumentar su generaci\u00f3n de leads y proceso de ventas con formularios ninja Pipelineals CRM<\/li>\n<li>Gestionar y priorizar f\u00e1cilmente los clientes potenciales y las oportunidades dentro de su CRM<\/li>\n<li>Aproveche los informes avanzados y el an\u00e1lisis para tomar decisiones comerciales informadas<\/li>\n<li>Personalice sus formularios ninja e integraci\u00f3n de tuber\u00eda para satisfacer sus necesidades espec\u00edficas<\/li>\n<li>Mant\u00e9ngase organizado y eficiente centralizando sus esfuerzos de ventas y marketing con Ninja Forms Pipelineals CRM.<\/li>\n<\/ul>\n","protected":false},"excerpt":{"rendered":"<p>Ninja Forms Pipelineals CRM ofrece una soluci\u00f3n de integraci\u00f3n excepcionalmente robusta que vincula sin esfuerzo sus env\u00edos de Ninja Forms a su cuenta Pipelineals CRM con una eficiencia incomparable. Al aprovechar el poder de esta integraci\u00f3n, obtiene la capacidad de capturar sin esfuerzo clientes potenciales, contactos y ofertas de sus formularios ninja, transmiti\u00e9ndolos de inmediato a sus canales de tuber\u00eda que representan una gesti\u00f3n integral y un seguimiento meticuloso. La perfecci\u00f3n de esta integraci\u00f3n es un gran regalo del regalo del cielo, ya que no solo le ahorra un tiempo precioso, sino que tambi\u00e9n aumenta significativamente la productividad general de su equipo al automatizar el arduo proceso de actualizaci\u00f3n de sus datos de CRM, lo que le permite dedicar lujosamente su atenci\u00f3n indivisa a que atienda a su tareas m\u00e1s apremiantes y cr\u00edticas en cuesti\u00f3n. No pierda m\u00e1s tiempo, se lanzar\u00e1 hoy y le limite a la eficiencia incomparable que el ninja forma la integraci\u00f3n de CRM de tuber\u00edas otorga a su flujo de trabajo de captura de plomo, refin\u00e1ndolo diligentemente a una perfecci\u00f3n incomparable.<\/p>\n","protected":false},"featured_media":167028,"comment_status":"open","ping_status":"open","template":"","meta":[],"product_brand":[2509],"product_cat":[1232,1206,1211],"product_tag":[1338],"class_list":{"0":"post-118437","1":"product","2":"type-product","3":"status-publish","4":"has-post-thumbnail","6":"product_brand-ninja-forms","7":"product_cat-marketing-wordpress-plugins","8":"product_cat-plugins","9":"product_cat-wordpress-plugins","10":"product_tag-ninja-forms","11":"member-discount","12":"discount-restricted","14":"first","15":"instock","16":"sale","17":"downloadable","18":"virtual","19":"sold-individually","20":"purchasable","21":"product-type-simple"},"_links":{"self":[{"href":"https:\/\/gpl-love.com\/es\/wp-json\/wp\/v2\/product\/118437","targetHints":{"allow":["GET"]}}],"collection":[{"href":"https:\/\/gpl-love.com\/es\/wp-json\/wp\/v2\/product"}],"about":[{"href":"https:\/\/gpl-love.com\/es\/wp-json\/wp\/v2\/types\/product"}],"replies":[{"embeddable":true,"href":"https:\/\/gpl-love.com\/es\/wp-json\/wp\/v2\/comments?post=118437"}],"wp:featuredmedia":[{"embeddable":true,"href":"https:\/\/gpl-love.com\/es\/wp-json\/wp\/v2\/media\/167028"}],"wp:attachment":[{"href":"https:\/\/gpl-love.com\/es\/wp-json\/wp\/v2\/media?parent=118437"}],"wp:term":[{"taxonomy":"product_brand","embeddable":true,"href":"https:\/\/gpl-love.com\/es\/wp-json\/wp\/v2\/product_brand?post=118437"},{"taxonomy":"product_cat","embeddable":true,"href":"https:\/\/gpl-love.com\/es\/wp-json\/wp\/v2\/product_cat?post=118437"},{"taxonomy":"product_tag","embeddable":true,"href":"https:\/\/gpl-love.com\/es\/wp-json\/wp\/v2\/product_tag?post=118437"}],"curies":[{"name":"wp","href":"https:\/\/api.w.org\/{rel}","templated":true}]}}