{"id":118435,"date":"2023-05-02T00:00:00","date_gmt":"2023-05-02T05:00:00","guid":{"rendered":"https:\/\/gpl-love.com\/es\/?post_type=product&#038;p=118435"},"modified":"2026-04-10T11:19:26","modified_gmt":"2026-04-10T16:19:26","slug":"ninja-forms-paypal-express","status":"publish","type":"product","link":"https:\/\/gpl-love.com\/es\/producto\/ninja-forms-paypal-express\/","title":{"rendered":"Ninja Forms PayPal Express 3.1.3"},"content":{"rendered":"<h3>Ninja Forms PayPal Express Caracteristicas<\/h3>\n<p>Ninja Forms PayPal Express sirve como un complemento de WordPress inmensamente potente y f\u00e1cil de usar, que faculta a los usuarios integrar sin problemas los pagos de PayPal en sus formularios existentes. Su interfaz, caracterizada por su simplicidad e intuici\u00f3n, facilita la r\u00e1pida creaci\u00f3n de formularios personalizados que incorporan opciones de pago de PayPal. En consecuencia, este complemento acelera el proceso de pagos en l\u00ednea, asegurando as\u00ed la facilidad de los clientes para realizar transacciones seguras. Ya sea que uno opere una tienda de comercio electr\u00f3nico o solicite donaciones para una organizaci\u00f3n sin fines de lucro, Ninja Forms PayPal Express surge como la soluci\u00f3n final para las personas que buscan optimizar sus procedimientos de pago y aumentar las tasas de conversi\u00f3n. Contamentos de conteo de la confirmaci\u00f3n de pago autom\u00e1tico y notificaciones de correo electr\u00f3nico personalizables, este complemento resulta indispensable para aquellos que buscan mejorar sus sistemas de pago en l\u00ednea.<\/p>\n<ul>\n<li>Integraci\u00f3n perfecta de PayPal Express con formularios ninja<\/li>\n<li>Permitir que los usuarios realicen pagos a trav\u00e9s de PayPal directamente desde el formulario Ninja<\/li>\n<li>Capacidad para configurar y personalizar los campos de PayPal en el formulario<\/li>\n<li>Procesamiento de pagos seguro y f\u00e1cil con pago de PayPal Express<\/li>\n<li>Administrar y rastrear eficientemente las transacciones y pedidos de los clientes<\/li>\n<li>Opci\u00f3n para habilitar el pago de invitados para usuarios no registrados<\/li>\n<li>Compatibilidad con varios temas y complementos de WordPress<\/li>\n<li>Documentaci\u00f3n detallada y soporte disponible para la resoluci\u00f3n de problemas y asistencia<\/li>\n<li>Actualizaciones y mejoras regulares para garantizar un rendimiento y funcionalidad \u00f3ptimos<\/li>\n<li>Adecuado para varios tipos de empresas y organizaciones que requieren un procesamiento de pagos f\u00e1cil y confiable a trav\u00e9s de formularios en l\u00ednea.<\/li>\n<\/ul>\n","protected":false},"excerpt":{"rendered":"<p>Ninja Forms PayPal Express es un complemento inmensamente robusto que integra sin esfuerzo el pago de PayPal Express altamente eficiente y f\u00e1cil de usar sin problemas en sus formularios ninja. Al aprovechar las capacidades avanzadas de este complemento, puede aceptar pagos en l\u00ednea sin esfuerzo, eliminando cualquier posible complicaci\u00f3n u obst\u00e1culos. Esta soluci\u00f3n innovadora optimiza la ardua tarea de recopilar pagos, asegurando el mayor nivel de eficiencia, seguridad y facilidad. Independientemente de si usted es un propietario de una empresa a peque\u00f1a escala o un conglomerado, Ninja Forms PayPal Express demuestra ser la mejor panacea para cualquier persona que busque automatizar y optimizar su proceso de pago. No pierda tiempo y se embarque en un viaje de conveniencia incomparable, \u00a1mientras adopta la notable funcionalidad de aceptar pagos de PayPal con una facilidad incomparable!<\/p>\n","protected":false},"featured_media":167026,"comment_status":"open","ping_status":"open","template":"","meta":[],"product_brand":[2509],"product_cat":[1278,1206,1211],"product_tag":[1338],"class_list":{"0":"post-118435","1":"product","2":"type-product","3":"status-publish","4":"has-post-thumbnail","6":"product_brand-ninja-forms","7":"product_cat-pago","8":"product_cat-plugins","9":"product_cat-wordpress-plugins","10":"product_tag-ninja-forms","11":"member-discount","12":"discount-restricted","14":"first","15":"instock","16":"sale","17":"downloadable","18":"virtual","19":"sold-individually","20":"purchasable","21":"product-type-simple"},"_links":{"self":[{"href":"https:\/\/gpl-love.com\/es\/wp-json\/wp\/v2\/product\/118435","targetHints":{"allow":["GET"]}}],"collection":[{"href":"https:\/\/gpl-love.com\/es\/wp-json\/wp\/v2\/product"}],"about":[{"href":"https:\/\/gpl-love.com\/es\/wp-json\/wp\/v2\/types\/product"}],"replies":[{"embeddable":true,"href":"https:\/\/gpl-love.com\/es\/wp-json\/wp\/v2\/comments?post=118435"}],"wp:featuredmedia":[{"embeddable":true,"href":"https:\/\/gpl-love.com\/es\/wp-json\/wp\/v2\/media\/167026"}],"wp:attachment":[{"href":"https:\/\/gpl-love.com\/es\/wp-json\/wp\/v2\/media?parent=118435"}],"wp:term":[{"taxonomy":"product_brand","embeddable":true,"href":"https:\/\/gpl-love.com\/es\/wp-json\/wp\/v2\/product_brand?post=118435"},{"taxonomy":"product_cat","embeddable":true,"href":"https:\/\/gpl-love.com\/es\/wp-json\/wp\/v2\/product_cat?post=118435"},{"taxonomy":"product_tag","embeddable":true,"href":"https:\/\/gpl-love.com\/es\/wp-json\/wp\/v2\/product_tag?post=118435"}],"curies":[{"name":"wp","href":"https:\/\/api.w.org\/{rel}","templated":true}]}}