{"id":118433,"date":"2021-10-24T00:00:00","date_gmt":"2021-10-24T05:00:00","guid":{"rendered":"https:\/\/gpl-love.com\/es\/?post_type=product&#038;p=118433"},"modified":"2026-03-09T07:56:20","modified_gmt":"2026-03-09T12:56:20","slug":"ninja-forms-mad-mimi","status":"publish","type":"product","link":"https:\/\/gpl-love.com\/es\/producto\/ninja-forms-mad-mimi\/","title":{"rendered":"Ninja Forms Mad Mimi 1.0.2"},"content":{"rendered":"<h3>Ninja Forms Mad Mimi Caracteristicas<\/h3>\n<p>Ninja Forms Mad Mimi, una herramienta incre\u00edblemente robusta, proporciona a las empresas los medios para crear y administrar campa\u00f1as de marketing por correo electr\u00f3nico altamente efectivas. Este producto excepcional est\u00e1 dise\u00f1ado espec\u00edficamente para optimizar el arduo proceso de construir formularios de suscripci\u00f3n y ventanas emergentes por correo electr\u00f3nico, al tiempo que se integra sin problemas con el famoso servicio de marketing por correo electr\u00f3nico, Mad Mimi. Al utilizar los formularios Ninja Mad Mimi, las empresas poseen la capacidad de reunir r\u00e1pidamente y sin esfuerzo informaci\u00f3n valiosa de los clientes, segmentar sus extensas listas de correo electr\u00f3nico y distribuir campa\u00f1as espec\u00edficas a sus suscriptores dedicados. Sin lugar a dudas, este producto indispensable sirve como un componente integral para cualquier negocio que busque elevar sus esfuerzos de marketing por correo electr\u00f3nico y mejorar la participaci\u00f3n del cliente. Con una interfaz f\u00e1cil de usar y una gran cantidad de caracter\u00edsticas poderosas, Ninja Forms Mad Mimi es una opci\u00f3n impecable para las empresas de todas las magnitudes que aspiran a elevar sus esfuerzos de marketing por correo electr\u00f3nico a alturas sin precedentes.<\/p>\n<ul>\n<li>Integra sin problemas el popular complemento Ninja Forms con software de marketing por correo electr\u00f3nico Mad Mimi<\/li>\n<li>Ofrece configuraci\u00f3n simplificada para una f\u00e1cil configuraci\u00f3n y administraci\u00f3n de campa\u00f1as de correo electr\u00f3nico automatizadas<\/li>\n<li>Permite plantillas de correo electr\u00f3nico personalizables y opciones de dise\u00f1o para que coincidan con su marca y mensajes<\/li>\n<li>Proporciona informes y an\u00e1lisis en tiempo real para rastrear el rendimiento de la campa\u00f1a y optimizar los resultados<\/li>\n<li>Habilita las opciones avanzadas de segmentaci\u00f3n y orientaci\u00f3n para entregar mensajes personalizados a su audiencia<\/li>\n<li>Ofrece compatibilidad con las \u00faltimas actualizaciones de WordPress y Mad Mimi para una mayor seguridad y confiabilidad<\/li>\n<li>Incluye documentaci\u00f3n integral y soporte de usuarios para garantizar una implementaci\u00f3n y un uso sin problemas<\/li>\n<li>Proporciona una soluci\u00f3n rentable en comparaci\u00f3n con otras opciones de software de marketing por correo electr\u00f3nico en el mercado.<\/li>\n<\/ul>\n","protected":false},"excerpt":{"rendered":"<p>Ninja Forms Mad Mimi proporciona una integraci\u00f3n muy robusta que facilita efectivamente la conexi\u00f3n perfecta entre sus formularios ninja y su cuenta MIMI MAD. A trav\u00e9s de esta integraci\u00f3n, puede capturar los clientes potenciales sin esfuerzo, establecer y administrar listas de correo electr\u00f3nico, as\u00ed como conducir y enviar campa\u00f1as de correo electr\u00f3nico de grado profesional a sus valiosos suscriptores. Adem\u00e1s, tiene la capacidad adicional de configurar flujos de trabajo de automatizaci\u00f3n, generar plantillas a medida para satisfacer sus necesidades \u00fanicas y monitorear y analizar meticulosamente el rendimiento de sus comunicaciones por correo electr\u00f3nico. Ya sea que sea un propietario de negocios a peque\u00f1a escala, un vendedor experimentado o un \u00e1vido blogger, Ninja Forms Mad Mimi se considera como la soluci\u00f3n ideal para optimizar y optimizar sus esfuerzos de marketing por correo electr\u00f3nico, reforzando efectivamente las tasas de conversi\u00f3n en el proceso.<\/p>\n","protected":false},"featured_media":167021,"comment_status":"open","ping_status":"open","template":"","meta":[],"product_brand":[2509],"product_cat":[1232,1206,1211],"product_tag":[1338],"class_list":{"0":"post-118433","1":"product","2":"type-product","3":"status-publish","4":"has-post-thumbnail","6":"product_brand-ninja-forms","7":"product_cat-marketing-wordpress-plugins","8":"product_cat-plugins","9":"product_cat-wordpress-plugins","10":"product_tag-ninja-forms","11":"member-discount","12":"discount-restricted","14":"first","15":"instock","16":"sale","17":"downloadable","18":"virtual","19":"sold-individually","20":"purchasable","21":"product-type-simple"},"_links":{"self":[{"href":"https:\/\/gpl-love.com\/es\/wp-json\/wp\/v2\/product\/118433","targetHints":{"allow":["GET"]}}],"collection":[{"href":"https:\/\/gpl-love.com\/es\/wp-json\/wp\/v2\/product"}],"about":[{"href":"https:\/\/gpl-love.com\/es\/wp-json\/wp\/v2\/types\/product"}],"replies":[{"embeddable":true,"href":"https:\/\/gpl-love.com\/es\/wp-json\/wp\/v2\/comments?post=118433"}],"wp:featuredmedia":[{"embeddable":true,"href":"https:\/\/gpl-love.com\/es\/wp-json\/wp\/v2\/media\/167021"}],"wp:attachment":[{"href":"https:\/\/gpl-love.com\/es\/wp-json\/wp\/v2\/media?parent=118433"}],"wp:term":[{"taxonomy":"product_brand","embeddable":true,"href":"https:\/\/gpl-love.com\/es\/wp-json\/wp\/v2\/product_brand?post=118433"},{"taxonomy":"product_cat","embeddable":true,"href":"https:\/\/gpl-love.com\/es\/wp-json\/wp\/v2\/product_cat?post=118433"},{"taxonomy":"product_tag","embeddable":true,"href":"https:\/\/gpl-love.com\/es\/wp-json\/wp\/v2\/product_tag?post=118433"}],"curies":[{"name":"wp","href":"https:\/\/api.w.org\/{rel}","templated":true}]}}