{"id":118431,"date":"2021-10-24T00:00:00","date_gmt":"2021-10-24T05:00:00","guid":{"rendered":"https:\/\/gpl-love.com\/es\/?post_type=product&#038;p=118431"},"modified":"2026-03-09T07:56:17","modified_gmt":"2026-03-09T12:56:17","slug":"ninja-forms-intelligencewp","status":"publish","type":"product","link":"https:\/\/gpl-love.com\/es\/producto\/ninja-forms-intelligencewp\/","title":{"rendered":"Ninja Forms IntelligenceWP 3.0.2"},"content":{"rendered":"<h3>Ninja Forms IntelligenceWP Caracteristicas<\/h3>\n<p>Ninja Forms IntelligenceWP es un complemento extremadamente robusto que ha sido meticulosamente elaborado para amplificar la eficacia y la eficacia de su estimado sitio web de WordPress. Aprovechando su an\u00e1lisis de forma de vanguardia y funcionalidades de informes, este complemento le permite monitorear y evaluar meticulosamente el triunfo y la prosperidad de sus formularios en l\u00ednea. Adem\u00e1s, este complemento eminentemente f\u00e1cil de usar se puede adaptar sin esfuerzo y personalizado para alinearse impecablemente con sus requisitos \u00fanicos y espec\u00edficos. Le otorga una comprensi\u00f3n exhaustiva e integral de sus datos de env\u00edo de formulario, facilitando as\u00ed la identificaci\u00f3n de \u00e1reas que requieren refinamiento y ajuste fino, lo que resulta en la optimizaci\u00f3n de sus formas y la mejora consecuente de los resultados. Con la invaluable destreza de Ninja Forms IntelligenceWP a su disposici\u00f3n, puede hacer con confianza determinaciones estrat\u00e9gicas y basadas en datos que sin duda culminar\u00e1n en una experiencia del usuario inimitablemente incomparable en su estimado sitio web, fomentando as\u00ed un aumento exponencial en las conversiones y los ingresos conscientes.<\/p>\n<ul>\n<li>An\u00e1lisis de formularios avanzados para formularios ninja en sitios de WordPress<\/li>\n<li>Seguimiento en tiempo real de las presentaciones de formularios y tasas de conversi\u00f3n<\/li>\n<li>Informes detallados y visualizaciones del rendimiento del formulario<\/li>\n<li>Identificar puntos de entrega en la finalizaci\u00f3n de la forma y mejorar la experiencia del usuario<\/li>\n<li>Prueba A\/B de variaciones de formulario para determinar el dise\u00f1o m\u00e1s efectivo<\/li>\n<li>Integraci\u00f3n con herramientas populares de automatizaci\u00f3n de marketing, como Hubspot y MailChimp<\/li>\n<li>Alertas y notificaciones personalizables para env\u00edos de formularios importantes<\/li>\n<li>Interfaz f\u00e1cil de usar para una f\u00e1cil configuraci\u00f3n y gesti\u00f3n de an\u00e1lisis<\/li>\n<li>Compatibilidad con todos los principales navegadores web y dispositivos m\u00f3viles<\/li>\n<li>Gesti\u00f3n de datos segura y confiable con almacenamiento y copias de seguridad cifradas.<\/li>\n<\/ul>\n","protected":false},"excerpt":{"rendered":"<p>Ninja Forms IntelligenceWP, una herramienta de an\u00e1lisis y seguimiento excepcionalmente robusta, se integra sin\u00e9rgicamente con su sitio web de WordPress. Este complemento incre\u00edblemente f\u00e1cil de usar le otorga el regalo de un profundo conocimiento sobre el comportamiento de sus clientes, facilitando as\u00ed una comprensi\u00f3n m\u00e1s profunda de sus deseos e inclinaciones. La gran cantidad de funcionalidades ofrecidas por Ninja Forms IntelligenceWP le permite monitorear sin esfuerzo la participaci\u00f3n del usuario, la tasa de conversi\u00f3n, los env\u00edos de formularios y una variedad de m\u00e9tricas adicionales. Este activo invaluable se presenta como la soluci\u00f3n definitiva para las empresas que buscan optimizar su presencia en l\u00ednea y amplificar sus tasas de conversi\u00f3n.<\/p>\n","protected":false},"featured_media":167019,"comment_status":"open","ping_status":"open","template":"","meta":[],"product_brand":[2509],"product_cat":[1232,1206,1211],"product_tag":[1338],"class_list":{"0":"post-118431","1":"product","2":"type-product","3":"status-publish","4":"has-post-thumbnail","6":"product_brand-ninja-forms","7":"product_cat-marketing-wordpress-plugins","8":"product_cat-plugins","9":"product_cat-wordpress-plugins","10":"product_tag-ninja-forms","11":"member-discount","12":"discount-restricted","14":"first","15":"instock","16":"sale","17":"downloadable","18":"virtual","19":"sold-individually","20":"purchasable","21":"product-type-simple"},"_links":{"self":[{"href":"https:\/\/gpl-love.com\/es\/wp-json\/wp\/v2\/product\/118431","targetHints":{"allow":["GET"]}}],"collection":[{"href":"https:\/\/gpl-love.com\/es\/wp-json\/wp\/v2\/product"}],"about":[{"href":"https:\/\/gpl-love.com\/es\/wp-json\/wp\/v2\/types\/product"}],"replies":[{"embeddable":true,"href":"https:\/\/gpl-love.com\/es\/wp-json\/wp\/v2\/comments?post=118431"}],"wp:featuredmedia":[{"embeddable":true,"href":"https:\/\/gpl-love.com\/es\/wp-json\/wp\/v2\/media\/167019"}],"wp:attachment":[{"href":"https:\/\/gpl-love.com\/es\/wp-json\/wp\/v2\/media?parent=118431"}],"wp:term":[{"taxonomy":"product_brand","embeddable":true,"href":"https:\/\/gpl-love.com\/es\/wp-json\/wp\/v2\/product_brand?post=118431"},{"taxonomy":"product_cat","embeddable":true,"href":"https:\/\/gpl-love.com\/es\/wp-json\/wp\/v2\/product_cat?post=118431"},{"taxonomy":"product_tag","embeddable":true,"href":"https:\/\/gpl-love.com\/es\/wp-json\/wp\/v2\/product_tag?post=118431"}],"curies":[{"name":"wp","href":"https:\/\/api.w.org\/{rel}","templated":true}]}}