{"id":118429,"date":"2025-06-08T00:00:00","date_gmt":"2025-06-08T05:00:00","guid":{"rendered":"https:\/\/gpl-love.com\/es\/?post_type=product&#038;p=118429"},"modified":"2026-04-10T11:19:22","modified_gmt":"2026-04-10T16:19:22","slug":"ninja-forms-insightly-crm","status":"publish","type":"product","link":"https:\/\/gpl-love.com\/es\/producto\/ninja-forms-insightly-crm\/","title":{"rendered":"Ninja Forms Insightly CRM 3.2.2"},"content":{"rendered":"<h3>Ninja Forms Insightly CRM Caracteristicas<\/h3>\n<p>Ninja Forms Insightly CRM presenta una integraci\u00f3n extremadamente potente que facilita la adquisici\u00f3n y la administraci\u00f3n sin esfuerzo de los datos del cliente de su sitio web mediante la utilizaci\u00f3n de las funcionalidades combinadas de las formas ninja y el CRM perspicaz. Esta integraci\u00f3n perfecta automatiza efectivamente su proceso de generaci\u00f3n de leads, acelerando as\u00ed la gesti\u00f3n de la relaci\u00f3n con el cliente y permitiendo el monitoreo de su canal de ventas, todo dentro de una ubicaci\u00f3n centralizada singular. La generaci\u00f3n de formularios personalizados sin esfuerzo y la captura de clientes potenciales directamente desde su sitio web son solo algunas de las innumerables capacidades que ofrece esta integraci\u00f3n. Adem\u00e1s, asegura la adici\u00f3n autom\u00e1tica de dicha conduce a su cuenta de CRM perspicaz. Adem\u00e1s, esta integraci\u00f3n permite el seguimiento de las interacciones del cliente, la asignaci\u00f3n de tareas y acuerdos, y el monitoreo del progreso de todo su equipo de ventas, todo convenientemente consolidado dentro de un locus central. Independientemente de si usted es un emprendedor que encabeza una empresa comercial a peque\u00f1a escala o un ejecutivo de alto rango que supervisa una vasta empresa corporativa, Ninja forma CRM perspicaz y posee el potencial para afectar positivamente su eficiencia general al ahorrarle tiempo, reforzando sus procesos operativos, y impulsando el crecimiento de su estimado establecimiento.<\/p>\n<ul>\n<li>Administraci\u00f3n de clientes potenciales: conecte su cuenta de formularios ninja directamente a su CRM perspicaz para garantizar que todos los clientes potenciales se agregue y rastreen autom\u00e1ticamente.<\/li>\n<li>Personalizaci\u00f3n avanzada: personalice los campos que se importan a Insightly, para que pueda asignarlos a las propiedades espec\u00edficas que m\u00e1s importan a su negocio.<\/li>\n<li>Automatizaci\u00f3n de ahorro de tiempo: reduzca la entrada de datos manuales mediante la asignaci\u00f3n autom\u00e1tica de tareas, etiquetas o tareas a nuevos clientes potenciales basados \u200b\u200ben criterios espec\u00edficos.<\/li>\n<li>Sincronizaci\u00f3n en tiempo real: mantenga sus datos perspicaces actualizados con la sincronizaci\u00f3n en tiempo real, para que siempre tenga informaci\u00f3n precisa a su alcance.<\/li>\n<li>Nutrici\u00f3n mejorada de plomo: use las ideas que obtiene de sus datos perspicaces para comprender mejor sus clientes potenciales y crear campa\u00f1as de marketing espec\u00edficas para nutrir su inter\u00e9s.<\/li>\n<\/ul>\n","protected":false},"excerpt":{"rendered":"<p>La integraci\u00f3n de los formularios ninja con CRM perspicaz presenta una herramienta altamente innovadora y de vanguardia que establece efectivamente una conexi\u00f3n perfecta entre sus datos de formulario y su cuenta de CRM perspicaz. Al emplear esta notable integraci\u00f3n, puede automatizar sin esfuerzo el proceso de entrada de datos, adaptar los estados de plomo para satisfacer sus requisitos espec\u00edficos y optimizar significativamente el proceso general de nutrici\u00f3n de plomo. Des\u00e9prete a la tarea laboriosa de la entrada de datos manuales y adopta c\u00e1lidamente un enfoque m\u00e1s eficiente y altamente efectivo para administrar su CRM. \u00a1No pierda tiempo y comience su viaje con Ninja Forms Insightly CRM sin demora!<\/p>\n","protected":false},"featured_media":167018,"comment_status":"open","ping_status":"open","template":"","meta":[],"product_brand":[2509],"product_cat":[1232,1206,1211],"product_tag":[1338],"class_list":{"0":"post-118429","1":"product","2":"type-product","3":"status-publish","4":"has-post-thumbnail","6":"product_brand-ninja-forms","7":"product_cat-marketing-wordpress-plugins","8":"product_cat-plugins","9":"product_cat-wordpress-plugins","10":"product_tag-ninja-forms","11":"member-discount","12":"discount-restricted","14":"first","15":"instock","16":"sale","17":"downloadable","18":"virtual","19":"sold-individually","20":"purchasable","21":"product-type-simple"},"_links":{"self":[{"href":"https:\/\/gpl-love.com\/es\/wp-json\/wp\/v2\/product\/118429","targetHints":{"allow":["GET"]}}],"collection":[{"href":"https:\/\/gpl-love.com\/es\/wp-json\/wp\/v2\/product"}],"about":[{"href":"https:\/\/gpl-love.com\/es\/wp-json\/wp\/v2\/types\/product"}],"replies":[{"embeddable":true,"href":"https:\/\/gpl-love.com\/es\/wp-json\/wp\/v2\/comments?post=118429"}],"wp:featuredmedia":[{"embeddable":true,"href":"https:\/\/gpl-love.com\/es\/wp-json\/wp\/v2\/media\/167018"}],"wp:attachment":[{"href":"https:\/\/gpl-love.com\/es\/wp-json\/wp\/v2\/media?parent=118429"}],"wp:term":[{"taxonomy":"product_brand","embeddable":true,"href":"https:\/\/gpl-love.com\/es\/wp-json\/wp\/v2\/product_brand?post=118429"},{"taxonomy":"product_cat","embeddable":true,"href":"https:\/\/gpl-love.com\/es\/wp-json\/wp\/v2\/product_cat?post=118429"},{"taxonomy":"product_tag","embeddable":true,"href":"https:\/\/gpl-love.com\/es\/wp-json\/wp\/v2\/product_tag?post=118429"}],"curies":[{"name":"wp","href":"https:\/\/api.w.org\/{rel}","templated":true}]}}