{"id":118427,"date":"2021-10-24T00:00:00","date_gmt":"2021-10-24T05:00:00","guid":{"rendered":"https:\/\/gpl-love.com\/es\/?post_type=product&#038;p=118427"},"modified":"2026-03-09T07:56:14","modified_gmt":"2026-03-09T12:56:14","slug":"ninja-forms-icontact","status":"publish","type":"product","link":"https:\/\/gpl-love.com\/es\/producto\/ninja-forms-icontact\/","title":{"rendered":"Ninja Forms iContact 1.0"},"content":{"rendered":"<h3>Ninja Forms iContact Caracteristicas<\/h3>\n<p>Ninja Forms Icontact es una herramienta de integraci\u00f3n incre\u00edblemente robusta que proporciona a los usuarios la capacidad perfecta para conectar sus formularios ninja con su plataforma de marketing por correo electr\u00f3nico Icontact. Esta integraci\u00f3n din\u00e1mica faculta a los usuarios para recopilar clientes potenciales y contactos a trav\u00e9s de sus formas ninja e incorporarlos sin problemas en sus listas de Icontact. Al ofrecer un proceso de configuraci\u00f3n directo y una interfaz intuitiva, los usuarios pueden comenzar r\u00e1pidamente a construir y expandir su lista de correo electr\u00f3nico sin necesitar ning\u00fan conocimiento t\u00e9cnico especializado. Adem\u00e1s, esta integraci\u00f3n proporciona a los usuarios funcionalidades avanzadas, incluidos formularios de opci\u00f3n personalizables, sincronizaci\u00f3n de datos en tiempo real y an\u00e1lisis integrales, todos los cuales ayudan a los usuarios a monitorear el rendimiento de sus campa\u00f1as de marketing por correo electr\u00f3nico. Al aprovechar el poder de los formularios ninja IContact, las empresas pueden optimizar su proceso de generaci\u00f3n de leads y cautivar efectivamente a su p\u00fablico objetivo mediante campa\u00f1as de correo electr\u00f3nico con precisi\u00f3n dirigida.<\/p>\n<ul>\n<li>Integraci\u00f3n perfecta entre formularios ninja e Icontact para una f\u00e1cil gesti\u00f3n de la lista de correo electr\u00f3nico<\/li>\n<li>Agregue autom\u00e1ticamente nuevos env\u00edos de formulario a las listas de correo electr\u00f3nico de Icontact<\/li>\n<li>Personalice qu\u00e9 formulario de campos se mapea a los campos de la lista de Icontact para una mejor organizaci\u00f3n de datos<\/li>\n<li>Activar f\u00e1cilmente la integraci\u00f3n o desactivado para cada formulario individualmente<\/li>\n<li>Ver y administrar sus listas de correo electr\u00f3nico de Icontact directamente desde el tablero de formularios Ninja<\/li>\n<li>Recibir notificaciones de cualquier error de integraci\u00f3n o problema para una resoluci\u00f3n r\u00e1pida<\/li>\n<li>Mejore sus esfuerzos de marketing por correo electr\u00f3nico capturando m\u00e1s clientes potenciales a trav\u00e9s de formularios ninja e integraci\u00f3n de iContact<\/li>\n<\/ul>\n","protected":false},"excerpt":{"rendered":"<p>Ninja Forms Icontact es una herramienta de integraci\u00f3n incre\u00edblemente robusta que le otorga la capacidad perfecta de conectar sus formularios ninja con Icontact, facilitando as\u00ed la colecci\u00f3n sin esfuerzo de clientes potenciales, una gesti\u00f3n eficiente de sus campa\u00f1as de marketing por correo electr\u00f3nico y una nutrici\u00f3n efectiva de sus relaciones con los clientes para lograr un mayor \u00e9xito. . En particular, esta integraci\u00f3n ofrece un nivel incomparable de personalizaci\u00f3n, funcionalidad intuitiva y facilidad de uso, lo que lo convierte en la soluci\u00f3n definitiva para las empresas, independientemente de su tama\u00f1o. Por lo tanto, no hay necesidad de retrasar m\u00e1s: Embarque en el viaje de mejorar su destreza de marketing por correo electr\u00f3nico aventur\u00e1ndose en el \u00e1mbito de los formularios ninja ICONTACT hoy.<\/p>\n","protected":false},"featured_media":167017,"comment_status":"open","ping_status":"open","template":"","meta":[],"product_brand":[2509],"product_cat":[1232,1206,1211],"product_tag":[1338],"class_list":{"0":"post-118427","1":"product","2":"type-product","3":"status-publish","4":"has-post-thumbnail","6":"product_brand-ninja-forms","7":"product_cat-marketing-wordpress-plugins","8":"product_cat-plugins","9":"product_cat-wordpress-plugins","10":"product_tag-ninja-forms","11":"member-discount","12":"discount-restricted","14":"first","15":"instock","16":"sale","17":"downloadable","18":"virtual","19":"sold-individually","20":"purchasable","21":"product-type-simple"},"_links":{"self":[{"href":"https:\/\/gpl-love.com\/es\/wp-json\/wp\/v2\/product\/118427","targetHints":{"allow":["GET"]}}],"collection":[{"href":"https:\/\/gpl-love.com\/es\/wp-json\/wp\/v2\/product"}],"about":[{"href":"https:\/\/gpl-love.com\/es\/wp-json\/wp\/v2\/types\/product"}],"replies":[{"embeddable":true,"href":"https:\/\/gpl-love.com\/es\/wp-json\/wp\/v2\/comments?post=118427"}],"wp:featuredmedia":[{"embeddable":true,"href":"https:\/\/gpl-love.com\/es\/wp-json\/wp\/v2\/media\/167017"}],"wp:attachment":[{"href":"https:\/\/gpl-love.com\/es\/wp-json\/wp\/v2\/media?parent=118427"}],"wp:term":[{"taxonomy":"product_brand","embeddable":true,"href":"https:\/\/gpl-love.com\/es\/wp-json\/wp\/v2\/product_brand?post=118427"},{"taxonomy":"product_cat","embeddable":true,"href":"https:\/\/gpl-love.com\/es\/wp-json\/wp\/v2\/product_cat?post=118427"},{"taxonomy":"product_tag","embeddable":true,"href":"https:\/\/gpl-love.com\/es\/wp-json\/wp\/v2\/product_tag?post=118427"}],"curies":[{"name":"wp","href":"https:\/\/api.w.org\/{rel}","templated":true}]}}