{"id":118425,"date":"2021-10-24T00:00:00","date_gmt":"2021-10-24T05:00:00","guid":{"rendered":"https:\/\/gpl-love.com\/es\/?post_type=product&#038;p=118425"},"modified":"2026-03-09T07:56:11","modified_gmt":"2026-03-09T12:56:11","slug":"ninja-forms-highrise-crm","status":"publish","type":"product","link":"https:\/\/gpl-love.com\/es\/producto\/ninja-forms-highrise-crm\/","title":{"rendered":"Ninja Forms Highrise CRM 3.0.0"},"content":{"rendered":"<h3>Ninja Forms Highrise CRM Caracteristicas<\/h3>\n<p>El Ninja Forms Highrise CRM es una herramienta excepcionalmente robusta y formidable que ha sido meticulosamente dise\u00f1ada para ayudar a las empresas en la racionalizaci\u00f3n perfecta y eficiente de su proceso de gesti\u00f3n de relaciones con los clientes. A trav\u00e9s de la utilizaci\u00f3n de este complemento ingenioso, los usuarios reciben la notable capacidad de acumular sin esfuerzo los datos vitales de los clientes y transmitirlo r\u00e1pidamente a su cuenta de Highrise CRM. Esta integraci\u00f3n armoniosa garantiza efectivamente que toda la informaci\u00f3n pertinente del cliente est\u00e1 convenientemente centralizada e impecablemente organizada dentro de una ubicaci\u00f3n singular, lo que permite a las empresas con la capacidad de proporcionar a sus valiosos clientes experiencias altamente personalizadas y a medida. Adem\u00e1s, el complemento cuenta con una extensa gama de caracter\u00edsticas ingeniosas que otorgan a los usuarios niveles incomparables de personalizaci\u00f3n y automatizaci\u00f3n en relaci\u00f3n con sus flujos de trabajo, lo que hace que sea un activo invaluable para cualquier negocio exigente que se esfuerce por optimizar y mejorar su estrategia CRM. En esencia, el Ninja forma Highrise CRM es un imperativo absoluto para cualquier negocio que busque activamente aumentar sus esfuerzos de participaci\u00f3n del cliente y cultivar relaciones duraderas y fruct\u00edferas con su estimada clientela.<\/p>\n<ul>\n<li>Integra sin problemas los env\u00edos de formularios ninja con su Highrise CRM<\/li>\n<li>Cree autom\u00e1ticamente nuevos contactos, ofertas y tareas a partir de env\u00edos de formulario<\/li>\n<li>Ahorre tiempo y aumente la eficiencia evitando la entrada de datos manuales<\/li>\n<li>Personalice qu\u00e9 formulario de campos se mapean a campos de alto aumento espec\u00edficos<\/li>\n<li>Rastrear y administrar clientes potenciales e interacciones con los clientes en una ubicaci\u00f3n centralizada<\/li>\n<li>Mejorar la gesti\u00f3n de la relaci\u00f3n con el cliente y el seguimiento de seguimiento<\/li>\n<li>Interfaz f\u00e1cil de usar para una f\u00e1cil configuraci\u00f3n y administraci\u00f3n<\/li>\n<li>Atenci\u00f3n al cliente 24\/7 disponible para la resoluci\u00f3n de problemas y asistencia<\/li>\n<li>Planes de precios asequibles con opciones flexibles para satisfacer las necesidades de su negocio.<\/li>\n<\/ul>\n","protected":false},"excerpt":{"rendered":"<p>La Ninja Forma Highrise CRM Integration se presenta como una soluci\u00f3n ideal para las empresas que buscan optimizar sus operaciones de gesti\u00f3n de relaciones con el cliente. Al incorporar esta integraci\u00f3n en sus sistemas, estas empresas pueden acumular y preservar los datos de los clientes directamente dentro de sus cuentas CRM de alto aumento. En consecuencia, se erradica la necesidad de una entrada de datos manuales intensivos en mano de obra, junto con el riesgo consiguiente de extravecer la informaci\u00f3n invaluable del cliente. Adem\u00e1s, la integraci\u00f3n permite a las empresas adaptar sus formularios, lo que les permite adquirir la informaci\u00f3n espec\u00edfica del cliente necesaria para brindar el m\u00e1s alto calibre de servicio. Adem\u00e1s, el proceso de integraci\u00f3n en s\u00ed es r\u00e1pido y directo debido a la interfaz de arrastre y ca\u00edda f\u00e1cil de usar de Ninja Forms. Ya es hora de que las empresas mejoren sus procesos CRM adoptando las formas ninja de integraci\u00f3n de Highrise CRM.<\/p>\n","protected":false},"featured_media":167015,"comment_status":"open","ping_status":"open","template":"","meta":[],"product_brand":[2509],"product_cat":[1232,1206,1211],"product_tag":[1338],"class_list":{"0":"post-118425","1":"product","2":"type-product","3":"status-publish","4":"has-post-thumbnail","6":"product_brand-ninja-forms","7":"product_cat-marketing-wordpress-plugins","8":"product_cat-plugins","9":"product_cat-wordpress-plugins","10":"product_tag-ninja-forms","11":"member-discount","12":"discount-restricted","14":"first","15":"instock","16":"sale","17":"downloadable","18":"virtual","19":"sold-individually","20":"purchasable","21":"product-type-simple"},"_links":{"self":[{"href":"https:\/\/gpl-love.com\/es\/wp-json\/wp\/v2\/product\/118425","targetHints":{"allow":["GET"]}}],"collection":[{"href":"https:\/\/gpl-love.com\/es\/wp-json\/wp\/v2\/product"}],"about":[{"href":"https:\/\/gpl-love.com\/es\/wp-json\/wp\/v2\/types\/product"}],"replies":[{"embeddable":true,"href":"https:\/\/gpl-love.com\/es\/wp-json\/wp\/v2\/comments?post=118425"}],"wp:featuredmedia":[{"embeddable":true,"href":"https:\/\/gpl-love.com\/es\/wp-json\/wp\/v2\/media\/167015"}],"wp:attachment":[{"href":"https:\/\/gpl-love.com\/es\/wp-json\/wp\/v2\/media?parent=118425"}],"wp:term":[{"taxonomy":"product_brand","embeddable":true,"href":"https:\/\/gpl-love.com\/es\/wp-json\/wp\/v2\/product_brand?post=118425"},{"taxonomy":"product_cat","embeddable":true,"href":"https:\/\/gpl-love.com\/es\/wp-json\/wp\/v2\/product_cat?post=118425"},{"taxonomy":"product_tag","embeddable":true,"href":"https:\/\/gpl-love.com\/es\/wp-json\/wp\/v2\/product_tag?post=118425"}],"curies":[{"name":"wp","href":"https:\/\/api.w.org\/{rel}","templated":true}]}}