{"id":118419,"date":"2021-10-23T00:00:00","date_gmt":"2021-10-23T05:00:00","guid":{"rendered":"https:\/\/gpl-love.com\/es\/?post_type=product&#038;p=118419"},"modified":"2026-03-09T07:28:52","modified_gmt":"2026-03-09T12:28:52","slug":"easy-digital-downloads-conditional-gateways","status":"publish","type":"product","link":"https:\/\/gpl-love.com\/es\/producto\/easy-digital-downloads-conditional-gateways\/","title":{"rendered":"Easy Digital Downloads Conditional Gateways 1.0.4"},"content":{"rendered":"<h3>Easy Digital Downloads Conditional Gateways Caracteristicas<\/h3>\n<p>Easy Digital Descargas Conditional Gateways es una herramienta excepcionalmente robusta que le otorga la capacidad de forjar pasarelas de pago personalizadas para su establecimiento basado en Internet. Le otorga la capacidad de establecer regulaciones y requisitos previos que determinen la disponibilidad de pasarelas de pago designadas para que sus estimados clientes empleen. Este espl\u00e9ndido complemento es una soluci\u00f3n \u00f3ptima para aquellas personas que aspiran a ofrecer diversas alternativas de pago que dependen de criterios distintos, por ejemplo, ubicaci\u00f3n geogr\u00e1fica, valor de pedido, clasificaci\u00f3n del cliente o cualquier otra variable. Esta resoluci\u00f3n altamente adaptable ofrece una interfaz de usuario sin esfuerzo y puede ser exquisitamente personalizada para satisfacer sus exigencias \u00fanicas. Al adoptar puertas de enlace condicionales, puede aumentar sustancialmente el encuentro de compras para su clientela y amplificar sus tasas de conversi\u00f3n.<\/p>\n<ul>\n<li>Agrega la funcionalidad de la pasarela de pago condicional a su tienda f\u00e1cil de descargas digitales<\/li>\n<li>Le permite configurar las pasarelas de pago para aparecer o desaparecer seg\u00fan varias condiciones<\/li>\n<li>Le permite configurar reglas complejas para la visibilidad de la pasarela de pago basada en roles de usuario, totales de carritos, categor\u00edas de productos y m\u00e1s<\/li>\n<li>Le ahorra tiempo y esfuerzo automatizando las pantallas de pago y reduciendo la confusi\u00f3n del cliente<\/li>\n<li>Le ayuda a aumentar las tasas de conversi\u00f3n al proporcionar un proceso de pago m\u00e1s simplificado para sus clientes<\/li>\n<li>Compatible con una amplia gama de pasarelas de pago, que incluye PayPal, Stripe, Authorize.net y m\u00e1s<\/li>\n<li>Proporciona documentaci\u00f3n detallada y soporte para ayudarlo a aprovechar al m\u00e1ximo el complemento<\/li>\n<li>Actualizado regularmente con nuevas caracter\u00edsticas y mejoras para garantizar un rendimiento y seguridad \u00f3ptimos<\/li>\n<li>Opciones de precios asequibles para adaptarse a las empresas de todos los tama\u00f1os y presupuestos.<\/li>\n<\/ul>\n","protected":false},"excerpt":{"rendered":"<p>Easy Digital Descargas Conditional Gateways es un complemento altamente eficiente para las plataformas de comercio electr\u00f3nico. Est\u00e1 dise\u00f1ado para ofrecerle control completo sobre las pasarelas de pago de su sitio web, lo que permite transacciones sin problemas y una mejor experiencia del usuario. Con este complemento, puede establecer f\u00e1cilmente condiciones para sus pasarelas de pago en funci\u00f3n de varios factores, como ubicaci\u00f3n, rol de usuario y contenido de carrito.<\/p>\n<p>Esta herramienta es perfecta para las empresas que buscan optimizar sus transacciones en l\u00ednea y proporcionar una experiencia de compra m\u00e1s personalizada para sus clientes. Es compatible con todas las pasarelas de pago principales y es incre\u00edblemente f\u00e1cil de configurar. Con descargas digitales f\u00e1ciles de enlace condicional, puede maximizar la funcionalidad de su sitio web y aumentar sus ventas digitales. Es m\u00e1s que un simple complemento; Es una soluci\u00f3n a sus necesidades de comercio electr\u00f3nico.<\/p>\n","protected":false},"featured_media":165849,"comment_status":"open","ping_status":"open","template":"","meta":[],"product_brand":[2427],"product_cat":[1207,1248,1206],"product_tag":[1280],"class_list":{"0":"post-118419","1":"product","2":"type-product","3":"status-publish","4":"has-post-thumbnail","6":"product_brand-easy-digital-downloads","7":"product_cat-comercio-electronico-plugins","8":"product_cat-personalizacion-comercio-electronico-plugins","9":"product_cat-plugins","10":"product_tag-easy-digital-downloads","11":"member-discount","12":"discount-restricted","14":"first","15":"instock","16":"sale","17":"downloadable","18":"virtual","19":"sold-individually","20":"purchasable","21":"product-type-simple"},"_links":{"self":[{"href":"https:\/\/gpl-love.com\/es\/wp-json\/wp\/v2\/product\/118419","targetHints":{"allow":["GET"]}}],"collection":[{"href":"https:\/\/gpl-love.com\/es\/wp-json\/wp\/v2\/product"}],"about":[{"href":"https:\/\/gpl-love.com\/es\/wp-json\/wp\/v2\/types\/product"}],"replies":[{"embeddable":true,"href":"https:\/\/gpl-love.com\/es\/wp-json\/wp\/v2\/comments?post=118419"}],"wp:featuredmedia":[{"embeddable":true,"href":"https:\/\/gpl-love.com\/es\/wp-json\/wp\/v2\/media\/165849"}],"wp:attachment":[{"href":"https:\/\/gpl-love.com\/es\/wp-json\/wp\/v2\/media?parent=118419"}],"wp:term":[{"taxonomy":"product_brand","embeddable":true,"href":"https:\/\/gpl-love.com\/es\/wp-json\/wp\/v2\/product_brand?post=118419"},{"taxonomy":"product_cat","embeddable":true,"href":"https:\/\/gpl-love.com\/es\/wp-json\/wp\/v2\/product_cat?post=118419"},{"taxonomy":"product_tag","embeddable":true,"href":"https:\/\/gpl-love.com\/es\/wp-json\/wp\/v2\/product_tag?post=118419"}],"curies":[{"name":"wp","href":"https:\/\/api.w.org\/{rel}","templated":true}]}}