{"id":118417,"date":"2025-05-06T00:00:00","date_gmt":"2025-05-06T05:00:00","guid":{"rendered":"https:\/\/gpl-love.com\/es\/?post_type=product&#038;p=118417"},"modified":"2026-04-10T11:27:47","modified_gmt":"2026-04-10T16:27:47","slug":"themify-builder-content-restriction","status":"publish","type":"product","link":"https:\/\/gpl-love.com\/es\/producto\/themify-builder-content-restriction\/","title":{"rendered":"Themify Builder Content Restriction 3.5.5"},"content":{"rendered":"<h3>Themify Builder Content Restriction Caracteristicas<\/h3>\n<p>La utilizaci\u00f3n de la restricci\u00f3n de contenido de Builder Themify es un mecanismo incre\u00edblemente potente que faculta a los usuarios a imponer restricciones al contenido disponible en su sitio web, dependiendo de una gran cantidad de par\u00e1metros. Armados con esta herramienta, los usuarios tienen la capacidad de dise\u00f1ar sin esfuerzo formularios de inicio de sesi\u00f3n, restringir la entrada a p\u00e1ginas y publicaciones basadas en los roles de los usuarios e incluso limitar el acceso a contenido espec\u00edfico, todo al tener en cuenta los atributos particulares de los usuarios individuales. La interfaz de arrastre y ca\u00edda notablemente f\u00e1cil de usar facilita la creaci\u00f3n de restricciones de contenido personalizadas sin la necesidad de cualquier destreza de codificaci\u00f3n. Adem\u00e1s, vale la pena se\u00f1alar que la restricci\u00f3n de contenido del constructor IMify se integra perfectamente con todos los temas de Themify, as\u00ed como una gran cantidad de otros temas de WordPress, asegurando una amalgamaci\u00f3n armoniosa con su sitio web. En resumen, este complemento es indispensable para las personas que buscan ejercer un control completo sobre la accesibilidad del contenido de su sitio web de una manera notablemente f\u00e1cil.<\/p>\n<ul>\n<li>Permite a los usuarios restringir el acceso a cierto contenido en su sitio web, en funci\u00f3n de varios criterios, como el estado de inicio de sesi\u00f3n, el rol del usuario o el tipo de contenido.<\/li>\n<li>Proporciona una interfaz f\u00e1cil de usar dentro del Builder Themify, lo que permite a los usuarios configurar las restricciones de manera r\u00e1pida e intuitiva<\/li>\n<li>Admite una gama de tipos de contenido, incluidas publicaciones, p\u00e1ginas, tipos de publicaciones personalizadas e incluso m\u00f3dulos individuales dentro de una p\u00e1gina o publicaci\u00f3n<\/li>\n<li>Ofrece control granular sobre el cual los usuarios o grupos de usuarios pueden acceder a cada pieza de contenido restringido<\/li>\n<li>Se integra a la perfecci\u00f3n con el complemento de membres\u00eda Themify, lo que permite a los usuarios crear un sitio de membres\u00eda totalmente personalizado con facilidad<\/li>\n<li>Proporciona opciones de visualizaci\u00f3n flexible, incluidos mensajes personalizados o URL de redirecci\u00f3n, para los usuarios que no est\u00e1n autorizados para acceder a contenido restringido<\/li>\n<li>Ofrece configuraciones s\u00f3lidas y opciones de personalizaci\u00f3n, lo que permite a los usuarios ajustar sus restricciones de contenido de acuerdo con sus necesidades y requisitos espec\u00edficos.<\/li>\n<\/ul>\n","protected":false},"excerpt":{"rendered":"<p>La funcionalidad de la restricci\u00f3n de contenido del constructor Themify es altamente encomiable, ya que le otorga la capacidad de imponer restricciones sin esfuerzo al acceso a contenido particular en su sitio de WordPress. Este complemento excepcional le permite ejercer control sobre las personas a las que se les otorga privilegios de visualizaci\u00f3n para p\u00e1ginas, publicaciones o tipos de publicaciones personalizados, y todo lo que se necesita son solo unos pocos clics. Ya sea que su intenci\u00f3n sea restringir el acceso \u00fanicamente a roles espec\u00edficos de los usuarios, exclusivamente a los usuarios registrados, o incluso a direcciones IP particulares, tenga la seguridad de que este complemento satisfar\u00e1 sus necesidades de manera integral. Adem\u00e1s, la integraci\u00f3n perfecta de este complemento con el Builder Themify facilita la creaci\u00f3n sin problemas de dise\u00f1os y dise\u00f1os personalizados para su contenido confidencial y restringido.<\/p>\n","protected":false},"featured_media":167739,"comment_status":"open","ping_status":"open","template":"","meta":[],"product_brand":[2578],"product_cat":[1214,1206,1211],"product_tag":[1400],"class_list":{"0":"post-118417","1":"product","2":"type-product","3":"status-publish","4":"has-post-thumbnail","6":"product_brand-themify","7":"product_cat-personalizacion","8":"product_cat-plugins","9":"product_cat-wordpress-plugins","10":"product_tag-themify","11":"member-discount","12":"discount-restricted","14":"first","15":"instock","16":"sale","17":"downloadable","18":"virtual","19":"sold-individually","20":"purchasable","21":"product-type-simple"},"_links":{"self":[{"href":"https:\/\/gpl-love.com\/es\/wp-json\/wp\/v2\/product\/118417","targetHints":{"allow":["GET"]}}],"collection":[{"href":"https:\/\/gpl-love.com\/es\/wp-json\/wp\/v2\/product"}],"about":[{"href":"https:\/\/gpl-love.com\/es\/wp-json\/wp\/v2\/types\/product"}],"replies":[{"embeddable":true,"href":"https:\/\/gpl-love.com\/es\/wp-json\/wp\/v2\/comments?post=118417"}],"wp:featuredmedia":[{"embeddable":true,"href":"https:\/\/gpl-love.com\/es\/wp-json\/wp\/v2\/media\/167739"}],"wp:attachment":[{"href":"https:\/\/gpl-love.com\/es\/wp-json\/wp\/v2\/media?parent=118417"}],"wp:term":[{"taxonomy":"product_brand","embeddable":true,"href":"https:\/\/gpl-love.com\/es\/wp-json\/wp\/v2\/product_brand?post=118417"},{"taxonomy":"product_cat","embeddable":true,"href":"https:\/\/gpl-love.com\/es\/wp-json\/wp\/v2\/product_cat?post=118417"},{"taxonomy":"product_tag","embeddable":true,"href":"https:\/\/gpl-love.com\/es\/wp-json\/wp\/v2\/product_tag?post=118417"}],"curies":[{"name":"wp","href":"https:\/\/api.w.org\/{rel}","templated":true}]}}