{"id":118415,"date":"2023-07-21T00:00:00","date_gmt":"2023-07-21T05:00:00","guid":{"rendered":"https:\/\/gpl-love.com\/es\/?post_type=product&#038;p=118415"},"modified":"2026-04-10T11:27:45","modified_gmt":"2026-04-10T16:27:45","slug":"themify-builder-bg-video-slider","status":"publish","type":"product","link":"https:\/\/gpl-love.com\/es\/producto\/themify-builder-bg-video-slider\/","title":{"rendered":"Themify Builder BG Video Slider 3.0.4"},"content":{"rendered":"<h3>Themify Builder BG Video Slider Caracteristicas<\/h3>\n<p>Themify Builder BG Video Slider es una herramienta incre\u00edblemente robusta que otorga a los usuarios la capacidad de generar deslizadores de video visualmente impresionantes que pueden funcionar como im\u00e1genes de fondo en sus respectivos sitios web. Este complemento en particular ha sido meticulosamente dise\u00f1ado para personas ansiosas por aumentar el atractivo est\u00e9tico de sus sitios web al incorporar contenido de video de primer nivel. Con la utilizaci\u00f3n de Themify Builder BG Video Slider, los usuarios pueden cargar sin esfuerzo sus propios videos u optar por utilizar videos obtenidos de plataformas de alojamiento de video de renombre como YouTube o Vimeo. Adem\u00e1s, los usuarios pueden modificar sin problemas la configuraci\u00f3n de su control deslizante de video para alinearse con el estilo y el dise\u00f1o general de su sitio web. Adem\u00e1s de estas incre\u00edbles funcionalidades, este complemento cuenta con una variedad de caracter\u00edsticas que permiten a los usuarios desarrollar un control deslizante de video de grado profesional, que incluye, entre otros, la reproducci\u00f3n autom\u00e1tica, el bucle, el control de volumen y mucho m\u00e1s. En pocas palabras, es sin duda que Themify Builder BG Video Slider es una herramienta excepcional que es absolutamente perfecta para cualquier persona que busque incorporar a la perfecci\u00f3n el contenido de video cautivador y din\u00e1mico en sus sitios web.<\/p>\n<ul>\n<li>Sliders de video personalizables para su sitio de WordPress<\/li>\n<li>Se puede usar como fondo o como un control deslizante de ancho completo<\/li>\n<li>Elija entre una variedad de fuentes de video, incluidos Vimeo, YouTube y videos autohospedados<\/li>\n<li>Capacidad para agregar diapositivas y videos ilimitados<\/li>\n<li>Controle la reproducci\u00f3n autom\u00e1tica, el bucle, el silencio y otras opciones para diapositivas individuales<\/li>\n<li>Interfaz de arrastrar y soltar f\u00e1cil de usar dentro del complemento Themify Builder<\/li>\n<li>Compatible con todos los temas de WordPress y otros temas de WordPress<\/li>\n<li>Dise\u00f1o receptivo para una visualizaci\u00f3n \u00f3ptima en cualquier dispositivo<\/li>\n<li>SEO amigable con la integraci\u00f3n limpia y esquema.org<\/li>\n<li>Documentaci\u00f3n integral y video tutoriales para una f\u00e1cil configuraci\u00f3n y personalizaci\u00f3n.<\/li>\n<\/ul>\n","protected":false},"excerpt":{"rendered":"<p>Themify Builder BG Video Slider es una herramienta notable que le permite renovar completamente su sitio web incorporando fascinantes fondos de video. Esta herramienta altamente intuitiva le permite producir sin esfuerzo videos impresionantes de pantalla completa que exhiben efectivamente la esencia de su marca, productos o servicios. Adem\u00e1s, la integraci\u00f3n perfecta del dise\u00f1o receptivo y las extensas caracter\u00edsticas de personalizaci\u00f3n le permite dise\u00f1ar una experiencia de usuario incomparable e inolvidable que cautiva con \u00e9xito a los visitantes y los atrae a regresar repetidamente para una mayor participaci\u00f3n. Independientemente de si posee experiencia en desarrollo, dise\u00f1o, o si simplemente alberga la aspiraci\u00f3n para elevar el atractivo general de su sitio web, Themify Builder BG Video Slider se destaca como la soluci\u00f3n definitiva para lograr esos objetivos y aspiraciones.<\/p>\n","protected":false},"featured_media":167736,"comment_status":"open","ping_status":"open","template":"","meta":[],"product_brand":[2578],"product_cat":[1214,1206,1211],"product_tag":[1400],"class_list":{"0":"post-118415","1":"product","2":"type-product","3":"status-publish","4":"has-post-thumbnail","6":"product_brand-themify","7":"product_cat-personalizacion","8":"product_cat-plugins","9":"product_cat-wordpress-plugins","10":"product_tag-themify","11":"member-discount","12":"discount-restricted","14":"first","15":"instock","16":"sale","17":"downloadable","18":"virtual","19":"sold-individually","20":"purchasable","21":"product-type-simple"},"_links":{"self":[{"href":"https:\/\/gpl-love.com\/es\/wp-json\/wp\/v2\/product\/118415","targetHints":{"allow":["GET"]}}],"collection":[{"href":"https:\/\/gpl-love.com\/es\/wp-json\/wp\/v2\/product"}],"about":[{"href":"https:\/\/gpl-love.com\/es\/wp-json\/wp\/v2\/types\/product"}],"replies":[{"embeddable":true,"href":"https:\/\/gpl-love.com\/es\/wp-json\/wp\/v2\/comments?post=118415"}],"wp:featuredmedia":[{"embeddable":true,"href":"https:\/\/gpl-love.com\/es\/wp-json\/wp\/v2\/media\/167736"}],"wp:attachment":[{"href":"https:\/\/gpl-love.com\/es\/wp-json\/wp\/v2\/media?parent=118415"}],"wp:term":[{"taxonomy":"product_brand","embeddable":true,"href":"https:\/\/gpl-love.com\/es\/wp-json\/wp\/v2\/product_brand?post=118415"},{"taxonomy":"product_cat","embeddable":true,"href":"https:\/\/gpl-love.com\/es\/wp-json\/wp\/v2\/product_cat?post=118415"},{"taxonomy":"product_tag","embeddable":true,"href":"https:\/\/gpl-love.com\/es\/wp-json\/wp\/v2\/product_tag?post=118415"}],"curies":[{"name":"wp","href":"https:\/\/api.w.org\/{rel}","templated":true}]}}