{"id":118413,"date":"2022-12-25T00:00:00","date_gmt":"2022-12-25T05:00:00","guid":{"rendered":"https:\/\/gpl-love.com\/es\/?post_type=product&#038;p=118413"},"modified":"2026-03-09T08:12:52","modified_gmt":"2026-03-09T13:12:52","slug":"themify-builder-bar-chart","status":"publish","type":"product","link":"https:\/\/gpl-love.com\/es\/producto\/themify-builder-bar-chart\/","title":{"rendered":"Themify Builder Bar Chart 3.0.1"},"content":{"rendered":"<h3>Themify Builder Bar Chart Caracteristicas<\/h3>\n<p>El Themify Builder Bar Chart es una herramienta incre\u00edblemente ingeniosa e innovadora que ofrece a los usuarios la capacidad de generar gr\u00e1ficos de barras absolutamente impresionantes e incre\u00edblemente precisas. Esta herramienta notable cuenta con una interfaz incre\u00edblemente f\u00e1cil de usar y una funcionalidad de arrastrar y soltar inmensamente conveniente, lo que permite a los usuarios de cualquier nivel de habilidad incorporar datos sin esfuerzo, personalizar colores y fuentes, y configuraciones de gr\u00e1ficos de ajuste fino para generar gr\u00e1ficos exquisitamente profesionales de grado profesional que son absolutamente ideales para la utilizaci\u00f3n en varios escenarios orientados a los negocios, como presentaciones, informes e infograf\u00edas. Adem\u00e1s, la tabla de barras de Themify Builder tambi\u00e9n incluye una caracter\u00edstica de dise\u00f1o receptiva muy ventajosa, facilitando as\u00ed una visualizaci\u00f3n e interacci\u00f3n perfecta con los gr\u00e1ficos en una amplia gama de dispositivos y tama\u00f1os de pantalla. Independientemente de si usted es un vendedor, un analista o un investigador, el gr\u00e1fico de barras de Builder Themify es una herramienta indispensable que seguramente lo ayudar\u00e1 en la creaci\u00f3n de gr\u00e1ficos visualmente cautivadores y altamente informativos.<\/p>\n<ul>\n<li>M\u00f3dulo interactivo de gr\u00e1fico de barras para sitios web de WordPress<\/li>\n<li>Personalizar los colores, las etiquetas y los datos de los gr\u00e1ficos<\/li>\n<li>Admite hasta 10 puntos de datos<\/li>\n<li>Interfaz de arrastrar y soltar f\u00e1ciles de usar para la creaci\u00f3n de gr\u00e1ficos<\/li>\n<li>Panel de backend intuitivo para administrar la configuraci\u00f3n del gr\u00e1fico<\/li>\n<li>Dise\u00f1o totalmente receptivo y amigable con los dispositivos m\u00f3viles<\/li>\n<li>Compatible con el complemento Themify Builder<\/li>\n<li>Opci\u00f3n para animar datos de gr\u00e1ficos para mayor inter\u00e9s visual<\/li>\n<li>Documentaci\u00f3n de soporte \u00fatil y recursos disponibles<\/li>\n<\/ul>\n","protected":false},"excerpt":{"rendered":"<p>El gr\u00e1fico de barras de Builder Themify, una herramienta inmensamente potente, faculta a los usuarios construir gr\u00e1ficos de barras cautivadores e iluminadores dentro de sus sitios web. Al incorporar las capacidades de arrastrar y soltar y una gran cantidad de opciones de dise\u00f1o personalizables, las personas pueden generar sin esfuerzo representaciones visualmente llamativas de datos y estad\u00edsticas, garantizadas para cautivar el inter\u00e9s de su audiencia prevista. Ya sea que muestren cifras de ventas, demograf\u00eda de los clientes u otras m\u00e9tricas cruciales, Themify Builder Bar Chart simplifica la tarea de presentar informaci\u00f3n de manera l\u00facida y cautivadora. Por lo tanto, \u00bfpor qu\u00e9 no elevar la calidad de su sitio web hoy integrando el gr\u00e1fico de barras de Themify Builder?<\/p>\n","protected":false},"featured_media":167735,"comment_status":"open","ping_status":"open","template":"","meta":[],"product_brand":[2578],"product_cat":[1214,1206,1211],"product_tag":[1400],"class_list":{"0":"post-118413","1":"product","2":"type-product","3":"status-publish","4":"has-post-thumbnail","6":"product_brand-themify","7":"product_cat-personalizacion","8":"product_cat-plugins","9":"product_cat-wordpress-plugins","10":"product_tag-themify","11":"member-discount","12":"discount-restricted","14":"first","15":"instock","16":"sale","17":"downloadable","18":"virtual","19":"sold-individually","20":"purchasable","21":"product-type-simple"},"_links":{"self":[{"href":"https:\/\/gpl-love.com\/es\/wp-json\/wp\/v2\/product\/118413","targetHints":{"allow":["GET"]}}],"collection":[{"href":"https:\/\/gpl-love.com\/es\/wp-json\/wp\/v2\/product"}],"about":[{"href":"https:\/\/gpl-love.com\/es\/wp-json\/wp\/v2\/types\/product"}],"replies":[{"embeddable":true,"href":"https:\/\/gpl-love.com\/es\/wp-json\/wp\/v2\/comments?post=118413"}],"wp:featuredmedia":[{"embeddable":true,"href":"https:\/\/gpl-love.com\/es\/wp-json\/wp\/v2\/media\/167735"}],"wp:attachment":[{"href":"https:\/\/gpl-love.com\/es\/wp-json\/wp\/v2\/media?parent=118413"}],"wp:term":[{"taxonomy":"product_brand","embeddable":true,"href":"https:\/\/gpl-love.com\/es\/wp-json\/wp\/v2\/product_brand?post=118413"},{"taxonomy":"product_cat","embeddable":true,"href":"https:\/\/gpl-love.com\/es\/wp-json\/wp\/v2\/product_cat?post=118413"},{"taxonomy":"product_tag","embeddable":true,"href":"https:\/\/gpl-love.com\/es\/wp-json\/wp\/v2\/product_tag?post=118413"}],"curies":[{"name":"wp","href":"https:\/\/api.w.org\/{rel}","templated":true}]}}