{"id":118411,"date":"2022-12-25T00:00:00","date_gmt":"2022-12-25T05:00:00","guid":{"rendered":"https:\/\/gpl-love.com\/es\/?post_type=product&#038;p=118411"},"modified":"2026-03-09T08:12:51","modified_gmt":"2026-03-09T13:12:51","slug":"themify-builder-audio","status":"publish","type":"product","link":"https:\/\/gpl-love.com\/es\/producto\/themify-builder-audio\/","title":{"rendered":"Themify Builder Audio 3.0.1"},"content":{"rendered":"<h3>Themify Builder Audio Caracteristicas<\/h3>\n<p>Themify Builder Audio, una herramienta incre\u00edblemente robusta, le otorga la capacidad de incorporar y personalizar los componentes de audio en su sitio web. Este complemento fenomenal le permite introducir sin esfuerzo pistas, listas de reproducci\u00f3n y reproductores de audio a su sitio, todo sin la necesidad de ning\u00fan dominio de codificaci\u00f3n. La extraordinaria versatilidad de Themify Builder Audio es realmente encomiable, ya que ofrece opciones de capacidad de respuesta y personalizaci\u00f3n completa, present\u00e1ndole una gran cantidad de estilos y dise\u00f1os para elegir al dise\u00f1ar sus elementos de audio. Adem\u00e1s, tienes la oportunidad de mejorar tus reproductores de audio con elementos visuales fascinantes, como portadas de \u00e1lbumes cautivadoras y t\u00edtulos de canciones cautivadores. Ya sea que su intenci\u00f3n sea mostrar su talento musical o integrar los efectos de sonido cautivadores en su sitio web, Themify Builder Audio es sin duda la soluci\u00f3n ideal para sus necesidades.<\/p>\n<ul>\n<li>Agregue f\u00e1cilmente el audio a sus p\u00e1ginas de Builder Themify<\/li>\n<li>Personaliza la apariencia de tu reproductor de audio con varias opciones de dise\u00f1o<\/li>\n<li>Elija entre diferentes tipos de archivos de audio, incluidos MP3, WAV y OGG<\/li>\n<li>Compatible con todos los principales navegadores y dispositivos web<\/li>\n<li>El dise\u00f1o receptivo garantiza que su reproductor de audio se vea genial en todos los tama\u00f1os de pantalla<\/li>\n<li>Los controles incorporados permiten a los usuarios jugar, pausar y controlar el volumen del audio<\/li>\n<li>Admite archivos de audio externos y autohostados<\/li>\n<li>La interfaz f\u00e1cil de usar le permite agregar audio a su p\u00e1gina en minutos<\/li>\n<li>Perfecto para m\u00fasicos, podcasters y cualquiera que busque agregar audio a su sitio web<\/li>\n<li>La funci\u00f3n opcional de Autoplay permite que su audio comience a reproducirse tan pronto como se carga la p\u00e1gina.<\/li>\n<\/ul>\n","protected":false},"excerpt":{"rendered":"<p>Themify Builder Audio, un complemento incre\u00edblemente potente, ofrece a los usuarios la oportunidad de incorporar sin esfuerzo integraci\u00f3n de audio sin esfuerzo en su sitio web de WordPress. Esta notable herramienta le permite crear p\u00e1ginas web visualmente sorprendentes sin esfuerzo con m\u00fasica de fondo, reproductores de audio y listas de reproducci\u00f3n que poseen la extra\u00f1a habilidad para hipnotizar y cautivar a su estimada audiencia. Los m\u00fasicos, los podcasters y las personas que desean incrustar a la perfecci\u00f3n los archivos de audio en su sitio web sin el arduo proceso de codificaci\u00f3n encontrar\u00e1n que Themify Builder Audio es la soluci\u00f3n perfecta. Tenga la seguridad de que, con la ayuda de Themify Builder Audio, la creaci\u00f3n de una experiencia de audio absolutamente notable nunca ha sido m\u00e1s libre de problemas.<\/p>\n","protected":false},"featured_media":167734,"comment_status":"open","ping_status":"open","template":"","meta":[],"product_brand":[2578],"product_cat":[1214,1206,1211],"product_tag":[1400],"class_list":{"0":"post-118411","1":"product","2":"type-product","3":"status-publish","4":"has-post-thumbnail","6":"product_brand-themify","7":"product_cat-personalizacion","8":"product_cat-plugins","9":"product_cat-wordpress-plugins","10":"product_tag-themify","11":"member-discount","12":"discount-restricted","14":"first","15":"instock","16":"sale","17":"downloadable","18":"virtual","19":"sold-individually","20":"purchasable","21":"product-type-simple"},"_links":{"self":[{"href":"https:\/\/gpl-love.com\/es\/wp-json\/wp\/v2\/product\/118411","targetHints":{"allow":["GET"]}}],"collection":[{"href":"https:\/\/gpl-love.com\/es\/wp-json\/wp\/v2\/product"}],"about":[{"href":"https:\/\/gpl-love.com\/es\/wp-json\/wp\/v2\/types\/product"}],"replies":[{"embeddable":true,"href":"https:\/\/gpl-love.com\/es\/wp-json\/wp\/v2\/comments?post=118411"}],"wp:featuredmedia":[{"embeddable":true,"href":"https:\/\/gpl-love.com\/es\/wp-json\/wp\/v2\/media\/167734"}],"wp:attachment":[{"href":"https:\/\/gpl-love.com\/es\/wp-json\/wp\/v2\/media?parent=118411"}],"wp:term":[{"taxonomy":"product_brand","embeddable":true,"href":"https:\/\/gpl-love.com\/es\/wp-json\/wp\/v2\/product_brand?post=118411"},{"taxonomy":"product_cat","embeddable":true,"href":"https:\/\/gpl-love.com\/es\/wp-json\/wp\/v2\/product_cat?post=118411"},{"taxonomy":"product_tag","embeddable":true,"href":"https:\/\/gpl-love.com\/es\/wp-json\/wp\/v2\/product_tag?post=118411"}],"curies":[{"name":"wp","href":"https:\/\/api.w.org\/{rel}","templated":true}]}}