{"id":118409,"date":"2023-01-03T00:00:00","date_gmt":"2023-01-03T05:00:00","guid":{"rendered":"https:\/\/gpl-love.com\/es\/?post_type=product&#038;p=118409"},"modified":"2026-04-10T11:27:44","modified_gmt":"2026-04-10T16:27:44","slug":"themify-builder-ab-image","status":"publish","type":"product","link":"https:\/\/gpl-love.com\/es\/producto\/themify-builder-ab-image\/","title":{"rendered":"Themify Builder AB Image 3.0.3"},"content":{"rendered":"<h3>Themify Builder AB Image Caracteristicas<\/h3>\n<p>Con la implementaci\u00f3n de la imagen del constructor AB de Themify, los usuarios est\u00e1n facultados con una herramienta formidable que les otorga capacidad sin esfuerzo para incorporar a la perfecci\u00f3n las im\u00e1genes cautivadoras en los dise\u00f1os de sus sitios web. Este notable producto dota a los usuarios con absoluta autoridad sobre sus im\u00e1genes, ofreciendo una amplia gama de opciones para personalizar meticulosamente su apariencia y ambiente. Ya sea que el objetivo es dise\u00f1ar una modesta galer\u00eda de fotos o concebir un dise\u00f1o m\u00e1s intrincado y centrado en la imagen, Themify Builder AB Image equipa a los usuarios con las herramientas indispensables requeridas para dar vida a sus visiones creativas. Con una interfaz intuitiva, funcionalidad adaptable y un repertorio extenso de caracter\u00edsticas, Themify Builder AB Image se erige como un activo indispensable para cualquier dise\u00f1ador web que se esfuerza por forjar sitios web visualmente llamativos. Para decirlo sucintamente, este producto es inequ\u00edvocamente indispensable para las personas que aspiran a elevar los dise\u00f1os de sus sitios web a alturas incomparables.<\/p>\n<ul>\n<li>Una herramienta poderosa para crear sitios web y p\u00e1ginas de destino visualmente impresionantes<\/li>\n<li>Permite a los usuarios agregar y personalizar im\u00e1genes y gr\u00e1ficos de alta calidad a sus p\u00e1ginas web<\/li>\n<li>Ofrece una interfaz intuitiva de arrastrar y soltar para una f\u00e1cil personalizaci\u00f3n de dise\u00f1o y dise\u00f1o<\/li>\n<li>Incluye una variedad de m\u00f3dulos de imagen predise\u00f1ados para una integraci\u00f3n r\u00e1pida y f\u00e1cil.<\/li>\n<li>Compatible con el poderoso conjunto de complementos y temas de WordPress de Themify para una integraci\u00f3n perfecta en cualquier sitio web<\/li>\n<li>Optimizado para un rendimiento r\u00e1pido y tiempos de carga m\u00ednimos para garantizar una experiencia de usuario suave<\/li>\n<li>Proporciona opciones de personalizaci\u00f3n avanzada para los usuarios con m\u00e1s habilidades t\u00e9cnicas, incluidas las herramientas de edici\u00f3n CSS y HTML personalizadas<\/li>\n<li>Ofrece un soporte confiable y actualizaciones frecuentes para garantizar la compatibilidad continua y las mejoras de la funcionalidad.<\/li>\n<\/ul>\n","protected":false},"excerpt":{"rendered":"<p>Themify Builder AB Image es un complemento de imagen incre\u00edblemente robusto y altamente vers\u00e1til, dise\u00f1ado para capacitar a los usuarios para crear contenido visual sin esfuerzo. Su interfaz f\u00e1cil de usar y su variedad de funcionalidades avanzadas permiten a los usuarios elevar sin esfuerzo sus im\u00e1genes con una amplia gama de efectos, filtros y animaciones. Ya sea que posee un fondo experimentado en dise\u00f1o profesional o que reci\u00e9n est\u00e9 comenzando como un principiante, este complemento demuestra ser un activo indispensable para incorporar im\u00e1genes de alta calidad y visualmente impresionantes en su sitio web o blog. Adem\u00e1s, se integra perfectamente con todos los temas de Themify, lo que permite la personalizaci\u00f3n sin esfuerzo de sus im\u00e1genes para alinearse con el estilo y la est\u00e9tica distintiva de su marca. Lleve su juego de imagen a alturas incomparables con las capacidades excepcionales que ofrecen la imagen del constructor AB de Themify.<\/p>\n","protected":false},"featured_media":167733,"comment_status":"open","ping_status":"open","template":"","meta":[],"product_brand":[2578],"product_cat":[1214,1206,1211],"product_tag":[1400],"class_list":{"0":"post-118409","1":"product","2":"type-product","3":"status-publish","4":"has-post-thumbnail","6":"product_brand-themify","7":"product_cat-personalizacion","8":"product_cat-plugins","9":"product_cat-wordpress-plugins","10":"product_tag-themify","11":"member-discount","12":"discount-restricted","14":"first","15":"instock","16":"sale","17":"downloadable","18":"virtual","19":"sold-individually","20":"purchasable","21":"product-type-simple"},"_links":{"self":[{"href":"https:\/\/gpl-love.com\/es\/wp-json\/wp\/v2\/product\/118409","targetHints":{"allow":["GET"]}}],"collection":[{"href":"https:\/\/gpl-love.com\/es\/wp-json\/wp\/v2\/product"}],"about":[{"href":"https:\/\/gpl-love.com\/es\/wp-json\/wp\/v2\/types\/product"}],"replies":[{"embeddable":true,"href":"https:\/\/gpl-love.com\/es\/wp-json\/wp\/v2\/comments?post=118409"}],"wp:featuredmedia":[{"embeddable":true,"href":"https:\/\/gpl-love.com\/es\/wp-json\/wp\/v2\/media\/167733"}],"wp:attachment":[{"href":"https:\/\/gpl-love.com\/es\/wp-json\/wp\/v2\/media?parent=118409"}],"wp:term":[{"taxonomy":"product_brand","embeddable":true,"href":"https:\/\/gpl-love.com\/es\/wp-json\/wp\/v2\/product_brand?post=118409"},{"taxonomy":"product_cat","embeddable":true,"href":"https:\/\/gpl-love.com\/es\/wp-json\/wp\/v2\/product_cat?post=118409"},{"taxonomy":"product_tag","embeddable":true,"href":"https:\/\/gpl-love.com\/es\/wp-json\/wp\/v2\/product_tag?post=118409"}],"curies":[{"name":"wp","href":"https:\/\/api.w.org\/{rel}","templated":true}]}}