{"id":118407,"date":"2025-06-05T00:00:00","date_gmt":"2025-06-05T05:00:00","guid":{"rendered":"https:\/\/gpl-love.com\/es\/producto\/studiopress-jessica-genesis-wordpress-theme\/"},"modified":"2026-04-10T11:26:13","modified_gmt":"2026-04-10T16:26:13","slug":"studiopress-jessica-genesis-wordpress-theme","status":"publish","type":"product","link":"https:\/\/gpl-love.com\/es\/producto\/studiopress-jessica-genesis-wordpress-theme\/","title":{"rendered":"StudioPress Jessica Genesis WordPress Theme 1.8.4"},"content":{"rendered":"<h3>StudioPress Jessica Genesis WordPress Theme Caracteristicas<\/h3>\n<p>El tema de WordPress de StudioPress Jessica Genesis, con su dise\u00f1o elegante y moderno, atiende espec\u00edficamente a blogueros y empresarios, ofreci\u00e9ndoles una plataforma elegante y contempor\u00e1nea para mostrar su contenido y establecer su identidad de marca. Este tema presenta una gran cantidad de opciones de personalizaci\u00f3n, como varios dise\u00f1os de la p\u00e1gina de inicio, \u00e1reas de widgets, as\u00ed como la capacidad de personalizar el encabezado y el pie de p\u00e1gina. Adem\u00e1s, su capacidad de respuesta completa garantiza que su sitio web mantenga su atractivo visual y funcionalidad en diferentes dispositivos, desde computadoras de escritorio hasta dispositivos m\u00f3viles. En general, si est\u00e1 en busca de un dise\u00f1o de sitio web que exude profesionalismo y sofisticaci\u00f3n mientras sigue siendo f\u00e1cil de usar y pr\u00e1ctico, el tema StudioPress Jessica Genesis WordPress demuestra ser una elecci\u00f3n excepcional.<\/p>\n<ul>\n<li>Un tema de WordPress moderno y elegante para bloggers y creatividades<\/li>\n<li>Altamente personalizable con varias opciones de dise\u00f1o y color.<\/li>\n<li>Construido sobre el poderoso marco de Genesis para un rendimiento optimizado y SEO<\/li>\n<li>Dise\u00f1o receptivo m\u00f3vil para una visualizaci\u00f3n perfecta en todos los dispositivos<\/li>\n<li>Incluye widgets personalizados, m\u00faltiples plantillas de p\u00e1gina y un control deslizante de publicaciones destacado<\/li>\n<li>Soporte y actualizaciones premium incluidas con la compra<\/li>\n<li>Soporte incorporado para WooCommerce para una f\u00e1cil integraci\u00f3n con tiendas en l\u00ednea<\/li>\n<li>F\u00e1cil integraci\u00f3n con complementos populares como Jetpack y Yoast SEO<\/li>\n<li>Instalaci\u00f3n y configuraci\u00f3n simples con documentaci\u00f3n clara y videos tutoriales<\/li>\n<li>Dise\u00f1ado por StudioPress, un nombre confiable en la comunidad de WordPress.<\/li>\n<\/ul>\n","protected":false},"excerpt":{"rendered":"<p>El tema de StudioPress Jessica Genesis WordPress, reconocido por su dise\u00f1o elegante y elegante, se ha adaptado espec\u00edficamente para satisfacer las necesidades y preferencias de los bloggers, trabajadores independientes y profesionales creativos. Su est\u00e9tica minimalista, priorizando deliberadamente el contenido, hace que sea una opci\u00f3n ideal para mostrar efectivamente su trabajo o promover su marca de manera efectiva. Adem\u00e1s, este tema ofrece amplias opciones de personalizaci\u00f3n, que abarcan una multitud de opciones de dise\u00f1o, widgets personalizados e incluso optimizaci\u00f3n de SEO incorporada. Al aprovechar sin esfuerzo el potencial del tema StudioPress Jessica Genesis WordPress, puede dise\u00f1ar sin esfuerzo un sitio web de la m\u00e1xima profesionalidad, uno que se garantiza cautivando a sus visitantes y facilitar la realizaci\u00f3n de sus objetivos en l\u00ednea.<\/p>\n","protected":false},"featured_media":167610,"comment_status":"open","ping_status":"open","template":"","meta":[],"product_brand":[2358],"product_cat":[1267,1237,1238],"product_tag":[1383],"class_list":{"0":"post-118407","1":"product","2":"type-product","3":"status-publish","4":"has-post-thumbnail","6":"product_brand-studiopress","7":"product_cat-creativo","8":"product_cat-temas","9":"product_cat-wordpress-temas","10":"product_tag-studiopress","11":"member-discount","12":"discount-restricted","14":"first","15":"instock","16":"sale","17":"downloadable","18":"virtual","19":"sold-individually","20":"purchasable","21":"product-type-simple"},"_links":{"self":[{"href":"https:\/\/gpl-love.com\/es\/wp-json\/wp\/v2\/product\/118407","targetHints":{"allow":["GET"]}}],"collection":[{"href":"https:\/\/gpl-love.com\/es\/wp-json\/wp\/v2\/product"}],"about":[{"href":"https:\/\/gpl-love.com\/es\/wp-json\/wp\/v2\/types\/product"}],"replies":[{"embeddable":true,"href":"https:\/\/gpl-love.com\/es\/wp-json\/wp\/v2\/comments?post=118407"}],"wp:featuredmedia":[{"embeddable":true,"href":"https:\/\/gpl-love.com\/es\/wp-json\/wp\/v2\/media\/167610"}],"wp:attachment":[{"href":"https:\/\/gpl-love.com\/es\/wp-json\/wp\/v2\/media?parent=118407"}],"wp:term":[{"taxonomy":"product_brand","embeddable":true,"href":"https:\/\/gpl-love.com\/es\/wp-json\/wp\/v2\/product_brand?post=118407"},{"taxonomy":"product_cat","embeddable":true,"href":"https:\/\/gpl-love.com\/es\/wp-json\/wp\/v2\/product_cat?post=118407"},{"taxonomy":"product_tag","embeddable":true,"href":"https:\/\/gpl-love.com\/es\/wp-json\/wp\/v2\/product_tag?post=118407"}],"curies":[{"name":"wp","href":"https:\/\/api.w.org\/{rel}","templated":true}]}}