{"id":118405,"date":"2025-06-05T00:00:00","date_gmt":"2025-06-05T05:00:00","guid":{"rendered":"https:\/\/gpl-love.com\/es\/?post_type=product&#038;p=118405"},"modified":"2026-04-10T11:26:12","modified_gmt":"2026-04-10T16:26:12","slug":"studiopress-infinity-pro-genesis-wordpress-theme","status":"publish","type":"product","link":"https:\/\/gpl-love.com\/es\/producto\/studiopress-infinity-pro-genesis-wordpress-theme\/","title":{"rendered":"StudioPress Infinity Pro Genesis WordPress Theme 1.3.3"},"content":{"rendered":"<h3>StudioPress Infinity Pro Genesis WordPress Theme Caracteristicas<\/h3>\n<p>El tema de WordPress de StudioPress Infinity Pro Genesis, con una est\u00e9tica elegante y moderna, es una opci\u00f3n excepcional para cualquier negocio o sitio web personal. Con su dise\u00f1o elegante y limpio, Infinity Pro muestra su contenido sin esfuerzo de manera profesional y refinada. Este notable tema se construye sobre el marco Genesis, que garantiza no solo su notable velocidad, sino tambi\u00e9n sus excepcionales capacidades de optimizaci\u00f3n de motores de seguridad y seguridad. Adem\u00e1s, Infinity Pro ofrece una gran cantidad de opciones personalizables, que incluyen esquemas de color, widgets y opciones de dise\u00f1o, lo que le permite crear un sitio web que realmente encarna la singularidad de su marca. Adem\u00e1s, este notable tema es totalmente compatible con WooCommerce, lo que simplifica el proceso de establecer una tienda en l\u00ednea. Equipado con su dise\u00f1o receptivo y caracter\u00edsticas f\u00e1ciles de usar, Infinity Pro emerge como la selecci\u00f3n por excelencia para las personas que buscan un sitio web que no solo es visualmente llamativo, sino que tambi\u00e9n posee funcionalidad y profesionalismo inigualables.<\/p>\n<ul>\n<li>Dise\u00f1o elegante y moderno, perfecto para negocios y bloggers por igual<\/li>\n<li>Construido en el marco Genesis, conocido por su base r\u00e1pida y segura<\/li>\n<li>Totalmente receptivo y amigable para los dispositivos m\u00f3viles, asegurando que se vea muy bien en todos los dispositivos<\/li>\n<li>Opciones de personalizaci\u00f3n f\u00e1cil de usar, lo que le permite personalizar su sitio web<\/li>\n<li>Dise\u00f1os inteligentes, dise\u00f1ados para mostrar su contenido de la mejor manera posible<\/li>\n<li>M\u00faltiples dise\u00f1os de p\u00e1gina de inicio prefabricados para elegir, haciendo que comenzar de manera r\u00e1pida y f\u00e1cil<\/li>\n<li>Integrado con WooCommerce, lo que le permite vender productos o servicios sin esfuerzo a trav\u00e9s de su sitio web<\/li>\n<li>Acceso a la atenci\u00f3n al cliente de StudioPress, brindando asistencia y orientaci\u00f3n cuando la necesita<\/li>\n<\/ul>\n","protected":false},"excerpt":{"rendered":"<p>El tema StudioPress Infinity Pro Genesis WordPress, promocionado como un tema de WordPress contempor\u00e1neo y de vanguardia, ha sido meticulosamente elaborado para presentar su contenido de la manera m\u00e1s \u00f3ptima y cautivadora concebible. La jactancia de una est\u00e9tica pr\u00edstina y sofisticada, Infinity Pro exuda un aire de profesionalismo y refinamiento que seguramente elevar\u00e1 el atractivo visual de su sitio web a alturas sin precedentes. Adem\u00e1s, este tema cuenta con una gran cantidad de widgets personalizables y una amplia gama de opciones de dise\u00f1o, dot\u00e1ndole con una autoridad incomparable sobre la presentaci\u00f3n visual de su sitio. Independientemente de si tiene la intenci\u00f3n de construir un blog personal o un sitio web corporativo, Infinity Pro es una opci\u00f3n impecable para aquellos que buscan establecer una presencia digital din\u00e1mica e impresionante.<\/p>\n","protected":false},"featured_media":167609,"comment_status":"open","ping_status":"open","template":"","meta":[],"product_brand":[2358],"product_cat":[1267,1237,1238],"product_tag":[1383],"class_list":{"0":"post-118405","1":"product","2":"type-product","3":"status-publish","4":"has-post-thumbnail","6":"product_brand-studiopress","7":"product_cat-creativo","8":"product_cat-temas","9":"product_cat-wordpress-temas","10":"product_tag-studiopress","11":"member-discount","12":"discount-restricted","14":"first","15":"instock","16":"sale","17":"downloadable","18":"virtual","19":"sold-individually","20":"purchasable","21":"product-type-simple"},"_links":{"self":[{"href":"https:\/\/gpl-love.com\/es\/wp-json\/wp\/v2\/product\/118405","targetHints":{"allow":["GET"]}}],"collection":[{"href":"https:\/\/gpl-love.com\/es\/wp-json\/wp\/v2\/product"}],"about":[{"href":"https:\/\/gpl-love.com\/es\/wp-json\/wp\/v2\/types\/product"}],"replies":[{"embeddable":true,"href":"https:\/\/gpl-love.com\/es\/wp-json\/wp\/v2\/comments?post=118405"}],"wp:featuredmedia":[{"embeddable":true,"href":"https:\/\/gpl-love.com\/es\/wp-json\/wp\/v2\/media\/167609"}],"wp:attachment":[{"href":"https:\/\/gpl-love.com\/es\/wp-json\/wp\/v2\/media?parent=118405"}],"wp:term":[{"taxonomy":"product_brand","embeddable":true,"href":"https:\/\/gpl-love.com\/es\/wp-json\/wp\/v2\/product_brand?post=118405"},{"taxonomy":"product_cat","embeddable":true,"href":"https:\/\/gpl-love.com\/es\/wp-json\/wp\/v2\/product_cat?post=118405"},{"taxonomy":"product_tag","embeddable":true,"href":"https:\/\/gpl-love.com\/es\/wp-json\/wp\/v2\/product_tag?post=118405"}],"curies":[{"name":"wp","href":"https:\/\/api.w.org\/{rel}","templated":true}]}}