{"id":118403,"date":"2021-02-09T00:00:00","date_gmt":"2021-02-09T05:00:00","guid":{"rendered":"https:\/\/gpl-love.com\/es\/producto\/studiopress-hello-pro-genesis-wordpress-theme\/"},"modified":"2026-04-10T11:26:11","modified_gmt":"2026-04-10T16:26:11","slug":"studiopress-hello-pro-genesis-wordpress-theme","status":"publish","type":"product","link":"https:\/\/gpl-love.com\/es\/producto\/studiopress-hello-pro-genesis-wordpress-theme\/","title":{"rendered":"StudioPress Hello Pro Genesis WordPress Theme 3.0.1"},"content":{"rendered":"<h3>StudioPress Hello Pro Genesis WordPress Theme Caracteristicas<\/h3>\n<p>El tema de WordPress Hello Pro Genesis de StudioPress se presenta como una soluci\u00f3n ideal y \u00f3ptima para las personas que buscan establecer un sitio web contempor\u00e1neo y sofisticado. Con un dise\u00f1o simplificado y est\u00e9ticamente agradable, junto con sus caracter\u00edsticas altamente desarrolladas, este tema sirve como el ep\u00edtome de la excelencia para los bloggers, consultores y empresarios que aspiran a dejar una impresi\u00f3n duradera en el \u00e1mbito digital. Adem\u00e1s, este tema muestra una capacidad de respuesta completa, garantizando que su sitio web conservar\u00e1 su atractivo visual y funcionalidad en una amplia gama de dispositivos. Adem\u00e1s, abarca una variedad de opciones de personalizaci\u00f3n, brind\u00e1ndole la oportunidad de adaptar meticulosamente su sitio web de acuerdo con su estilo distintivo y preferencias de marca. Ya sea que su intenci\u00f3n sea dise\u00f1ar un blog simplista o construir un sitio web multifac\u00e9tico e intrincado, tenga la seguridad de que el tema StudioPress Hello Pro Genesis WordPress es una opci\u00f3n incomparable, que satisface todas sus necesidades.<\/p>\n<ul>\n<li>Dise\u00f1o totalmente receptivo para una visualizaci\u00f3n \u00f3ptima en escritorio, tabletas y dispositivos m\u00f3viles<\/li>\n<li>Dise\u00f1o limpio y moderno con mucho espacio en blanco para una f\u00e1cil lectura<\/li>\n<li>Opciones personalizables de encabezado y pie de p\u00e1gina para adaptarse a su marca y estilo<\/li>\n<li>Soporte incorporado para WooCommerce, lo que le permite vender f\u00e1cilmente productos o servicios en l\u00ednea<\/li>\n<li>Nueve \u00e1reas diferentes de widget de p\u00e1gina de inicio para la m\u00e1xima flexibilidad y personalizaci\u00f3n<\/li>\n<li>Construido sobre el poderoso marco de Genesis, asegurando tiempos de carga r\u00e1pidos y un rendimiento s\u00f3lido de SEO<\/li>\n<li>Incluye una gama de plantillas de p\u00e1gina para crear p\u00e1ginas de destino, archivos y m\u00e1s<\/li>\n<li>Panel de opciones de temas f\u00e1ciles de usar para ajustar configuraciones y elementos de dise\u00f1o<\/li>\n<li>Viene con un a\u00f1o de soporte y actualizaciones incluidas con la compra.<\/li>\n<\/ul>\n","protected":false},"excerpt":{"rendered":"<p>El tema de WordPress Hello Pro Genesis de StudioPress, una soluci\u00f3n ejemplar adaptada para empresarios y peque\u00f1as empresas que anhelan un sitio web sofisticado y pulido, surge como la opci\u00f3n ideal. Este tema no solo ofrece una p\u00e1gina de inicio personalizable, sino que tambi\u00e9n cuenta con una variedad de plantillas de p\u00e1gina predeterminadas, lo que le brinda la oportunidad de dise\u00f1ar sin esfuerzo un sitio web que incorpore impecablemente su marca. Adem\u00e1s de estas caracter\u00edsticas notables, el tema se basa en el robusto marco de Genesis, que garantiza tiempos de carga expeditos y un sitio web fortificado. No pierda el tiempo en cautivar a sus clientes al confiscar el tema de WordPress Hello Pro Genesis de StudioPress hoy.<\/p>\n","protected":false},"featured_media":167608,"comment_status":"open","ping_status":"open","template":"","meta":[],"product_brand":[2358],"product_cat":[1267,1237,1238],"product_tag":[1383],"class_list":{"0":"post-118403","1":"product","2":"type-product","3":"status-publish","4":"has-post-thumbnail","6":"product_brand-studiopress","7":"product_cat-creativo","8":"product_cat-temas","9":"product_cat-wordpress-temas","10":"product_tag-studiopress","11":"member-discount","12":"discount-restricted","14":"first","15":"instock","16":"sale","17":"downloadable","18":"virtual","19":"sold-individually","20":"purchasable","21":"product-type-simple"},"_links":{"self":[{"href":"https:\/\/gpl-love.com\/es\/wp-json\/wp\/v2\/product\/118403","targetHints":{"allow":["GET"]}}],"collection":[{"href":"https:\/\/gpl-love.com\/es\/wp-json\/wp\/v2\/product"}],"about":[{"href":"https:\/\/gpl-love.com\/es\/wp-json\/wp\/v2\/types\/product"}],"replies":[{"embeddable":true,"href":"https:\/\/gpl-love.com\/es\/wp-json\/wp\/v2\/comments?post=118403"}],"wp:featuredmedia":[{"embeddable":true,"href":"https:\/\/gpl-love.com\/es\/wp-json\/wp\/v2\/media\/167608"}],"wp:attachment":[{"href":"https:\/\/gpl-love.com\/es\/wp-json\/wp\/v2\/media?parent=118403"}],"wp:term":[{"taxonomy":"product_brand","embeddable":true,"href":"https:\/\/gpl-love.com\/es\/wp-json\/wp\/v2\/product_brand?post=118403"},{"taxonomy":"product_cat","embeddable":true,"href":"https:\/\/gpl-love.com\/es\/wp-json\/wp\/v2\/product_cat?post=118403"},{"taxonomy":"product_tag","embeddable":true,"href":"https:\/\/gpl-love.com\/es\/wp-json\/wp\/v2\/product_tag?post=118403"}],"curies":[{"name":"wp","href":"https:\/\/api.w.org\/{rel}","templated":true}]}}