{"id":118401,"date":"2024-05-30T00:00:00","date_gmt":"2024-05-30T05:00:00","guid":{"rendered":"https:\/\/gpl-love.com\/es\/?post_type=product&#038;p=118401"},"modified":"2026-03-09T07:48:31","modified_gmt":"2026-03-09T12:48:31","slug":"mainwp-wordpress-seo","status":"publish","type":"product","link":"https:\/\/gpl-love.com\/es\/producto\/mainwp-wordpress-seo\/","title":{"rendered":"MainWP WordPress SEO 5.0.1"},"content":{"rendered":"<h3>MainWP WordPress SEO Caracteristicas<\/h3>\n<p>Mainwp WordPress SEO es una herramienta incre\u00edblemente robusta y efectiva que se ha creado y desarrollado espec\u00edficamente para mejorar la optimizaci\u00f3n de motores de b\u00fasqueda de su sitio web. Con su diversa variedad de funciones y capacidades, ofrece una soluci\u00f3n integral y abarrotable para la gesti\u00f3n y ejecuci\u00f3n de todas sus tareas relacionadas con el SEO. Desde el an\u00e1lisis meticuloso del rendimiento de su sitio web hasta el meticuloso ajuste de su estrategia de contenido y palabras clave, esta herramienta realmente cubre todas las bases. Adem\u00e1s, su interfaz intuitivamente dise\u00f1ada y f\u00e1cil de usar garantiza que la configuraci\u00f3n de la configuraci\u00f3n de su sitio web sea un proceso sin costuras y sin problemas, garantizando que su sitio web est\u00e9 completamente optimizado y preparado para la m\u00e1xima visibilidad en los motores de b\u00fasqueda. Adem\u00e1s, la amplia gama de caracter\u00edsticas de esta herramienta incorpora un conjunto invaluable de herramientas y utilidades que le permiten rastrear y monitorear sin esfuerzo su progreso de SEO. A trav\u00e9s de la provisi\u00f3n de informes detallados, an\u00e1lisis integrales y capacidades de monitoreo en tiempo real, est\u00e1 facultado para obtener una comprensi\u00f3n integral del impacto y la efectividad de sus esfuerzos de SEO. Por lo tanto, ya sea que usted sea un aspirante a principiante o un profesional de SEO experimentado y experimentado, Mainwp WordPress SEO representa una herramienta indispensable y esencial que es capaz de revolucionar la clasificaci\u00f3n de los motores de b\u00fasqueda de su sitio web y conducir vol\u00famenes incomparables de tr\u00e1fico dirigido y de alta calidad a su plataforma en l\u00ednea en l\u00ednea .<\/p>\n<ul>\n<li>Gesti\u00f3n de SEO optimizada para m\u00faltiples sitios web de WordPress<\/li>\n<li>UI simplificada para una f\u00e1cil optimizaci\u00f3n de todos los aspectos del SEO<\/li>\n<li>Informes y an\u00e1lisis exhaustivos para rastrear el rendimiento de SEO con el tiempo<\/li>\n<li>Integraci\u00f3n con herramientas de SEO populares como Yoast y todas en un paquete de SEO<\/li>\n<li>Configuraci\u00f3n personalizable para usuarios avanzados<\/li>\n<li>Tareas automatizadas para tareas de SEO de rutina, liberando tiempo para la optimizaci\u00f3n<\/li>\n<li>Administre de forma segura SEO para todos sus sitios de WordPress en una ubicaci\u00f3n central<\/li>\n<li>Compatibilidad con todos los principales temas y complementos de WordPress<\/li>\n<li>Base de conocimiento y soporte disponible para todos los usuarios<\/li>\n<li>Opciones de precios asequibles para diferentes necesidades y presupuestos comerciales<\/li>\n<\/ul>\n","protected":false},"excerpt":{"rendered":"<p>Mainwp WordPress SEO es un complemento incre\u00edblemente potente que mejora sin problemas las clasificaciones de los motores de b\u00fasqueda de su estimado sitio web. Con una interfaz que es intuitiva y f\u00e1cil de usar, Mainwp WordPress SEO le permite optimizar eficientemente el contenido, las metaetiquetas y la estructura de su sitio para maximizar su visibilidad en motores de b\u00fasqueda principales como Google, Bing y Yahoo. Adem\u00e1s, este notable complemento ofrece asistencia invaluable en forma de an\u00e1lisis de rendimiento del sitio y le proporciona informaci\u00f3n procesable, facilitando as\u00ed el refinamiento de su estrategia de SEO. Sin lugar a dudas, la selecci\u00f3n de SEO de WordPress Mainwp sin duda se traducir\u00e1 en una afluencia de tr\u00e1fico org\u00e1nico a su dominio virtual y una amplificaci\u00f3n marcada de su prominencia en l\u00ednea.<\/p>\n","protected":false},"featured_media":166685,"comment_status":"open","ping_status":"open","template":"","meta":[],"product_brand":[2491],"product_cat":[1212,1206,1211],"product_tag":[1324],"class_list":{"0":"post-118401","1":"product","2":"type-product","3":"status-publish","4":"has-post-thumbnail","6":"product_brand-main-wp","7":"product_cat-administracion-wordpress-plugins","8":"product_cat-plugins","9":"product_cat-wordpress-plugins","10":"product_tag-main-wp","11":"member-discount","12":"discount-restricted","14":"first","15":"instock","16":"sale","17":"downloadable","18":"virtual","19":"sold-individually","20":"purchasable","21":"product-type-simple"},"_links":{"self":[{"href":"https:\/\/gpl-love.com\/es\/wp-json\/wp\/v2\/product\/118401","targetHints":{"allow":["GET"]}}],"collection":[{"href":"https:\/\/gpl-love.com\/es\/wp-json\/wp\/v2\/product"}],"about":[{"href":"https:\/\/gpl-love.com\/es\/wp-json\/wp\/v2\/types\/product"}],"replies":[{"embeddable":true,"href":"https:\/\/gpl-love.com\/es\/wp-json\/wp\/v2\/comments?post=118401"}],"wp:featuredmedia":[{"embeddable":true,"href":"https:\/\/gpl-love.com\/es\/wp-json\/wp\/v2\/media\/166685"}],"wp:attachment":[{"href":"https:\/\/gpl-love.com\/es\/wp-json\/wp\/v2\/media?parent=118401"}],"wp:term":[{"taxonomy":"product_brand","embeddable":true,"href":"https:\/\/gpl-love.com\/es\/wp-json\/wp\/v2\/product_brand?post=118401"},{"taxonomy":"product_cat","embeddable":true,"href":"https:\/\/gpl-love.com\/es\/wp-json\/wp\/v2\/product_cat?post=118401"},{"taxonomy":"product_tag","embeddable":true,"href":"https:\/\/gpl-love.com\/es\/wp-json\/wp\/v2\/product_tag?post=118401"}],"curies":[{"name":"wp","href":"https:\/\/api.w.org\/{rel}","templated":true}]}}