{"id":118399,"date":"2024-05-30T00:00:00","date_gmt":"2024-05-30T05:00:00","guid":{"rendered":"https:\/\/gpl-love.com\/es\/?post_type=product&#038;p=118399"},"modified":"2026-03-09T07:48:25","modified_gmt":"2026-03-09T12:48:25","slug":"mainwp-time-capsule","status":"publish","type":"product","link":"https:\/\/gpl-love.com\/es\/producto\/mainwp-time-capsule\/","title":{"rendered":"MainWP Time Capsule 5.0.1"},"content":{"rendered":"<h3>MainWP Time Capsule Caracteristicas<\/h3>\n<p>Mainwp Time Capsule es una soluci\u00f3n notablemente robusta para fines de copia de seguridad y restauraci\u00f3n, dise\u00f1ada espec\u00edficamente para salvaguardar y fortificar su sitio web. Esta herramienta particular funciona como un complemento de WordPress, que presenta a los usuarios una interfaz f\u00e1cil de usar que simplifica la creaci\u00f3n y administraci\u00f3n de copias de seguridad. Adem\u00e1s, la c\u00e1psula de tiempo de MainWP ofrece una variedad de caracter\u00edsticas que capacitan a los usuarios para programar copias de seguridad autom\u00e1ticas sin esfuerzo, archivos y carpetas espec\u00edficos de recolecci\u00f3n de cerezas que se incluir\u00e1n en dichas copias de seguridad y almacenan de forma segura las copias de seguridad en plataformas de almacenamiento en la nube de renombre como Dropbox, Google Drive, Amazon S3 y muchos otros. La m\u00e1xima prioridad de este complemento es garantizar que todas las copias de seguridad est\u00e9n encriptadas y almacenadas de forma segura, estableciendo as\u00ed una sensaci\u00f3n de tranquilidad y confianza ante los posibles desastres. Adem\u00e1s, el proceso de restauraci\u00f3n es simplificado e intuitivo, otorgando a los usuarios la capacidad de recuperar de manera expedente sus sitios web con solo unos pocos clics. A la luz de estas capacidades integrales, est\u00e1 claro que la c\u00e1psula de tiempo de Mainwp es una herramienta indispensable para las personas que operan sitios web de WordPress, ya que garantiza la preservaci\u00f3n y la seguridad de sus datos invaluables.<\/p>\n<ul>\n<li>Una poderosa soluci\u00f3n de respaldo para sitios de WordPress<\/li>\n<li>Retrocede autom\u00e1ticamente todos los sitios administrados a trav\u00e9s de MainWP<\/li>\n<li>Permite a los usuarios restaurar f\u00e1cilmente los sitios en caso de p\u00e9rdida de datos<\/li>\n<li>Ofrece control completo sobre la frecuencia de respaldo y la ubicaci\u00f3n de almacenamiento<\/li>\n<li>Toma de forma segura las copias de seguridad utilizando el cifrado est\u00e1ndar de la industria<\/li>\n<li>La interfaz intuitiva simplifica la configuraci\u00f3n y la gesti\u00f3n<\/li>\n<li>Compatible con todas las versiones de WordPress y complementos com\u00fanmente utilizados<\/li>\n<li>Ahorra tiempo y esfuerzo automatizando procesos de copia de seguridad<\/li>\n<li>Proporciona tranquilidad saber que los datos son seguros y recuperables<\/li>\n<\/ul>\n","protected":false},"excerpt":{"rendered":"<p>El complemento de c\u00e1psula de tiempo MainWP es un complemento extremadamente robusto que se ha desarrollado espec\u00edficamente para proporcionar a los usuarios un medio conveniente para hacer una copia de seguridad de sus sitios de WordPress. Este complemento excepcional se integra perfectamente con su tablero de MainWP, lo que le brinda la oportunidad de establecer y supervisar eficientemente las copias de seguridad automatizadas de sus sitios web, lo que garantiza que sus datos invaluables sigan siendo protegidos e impregnables en todo momento. A trav\u00e9s del empleo de la c\u00e1psula de tiempo, puede programar sin esfuerzo la ejecuci\u00f3n de copias de seguridad, seleccionar meticulosamente el contenido que se abarcar\u00e1 dentro de dichas copias de seguridad e incluso determinar la ubicaci\u00f3n precisa en la que estas copias de seguridad se almacenar\u00e1n. Adem\u00e1s, este notable complemento le otorga la capacidad de restaurar sin esfuerzo sus copias de seguridad con un solo clic sin esfuerzo, d\u00e1ndole as\u00ed una sensaci\u00f3n de serenidad mejorada en la eventualidad de que deber\u00eda ocurrir un incidente o contratiempo desagradable.<\/p>\n","protected":false},"featured_media":166681,"comment_status":"open","ping_status":"open","template":"","meta":[],"product_brand":[2491],"product_cat":[1212,1206,1211],"product_tag":[1324],"class_list":{"0":"post-118399","1":"product","2":"type-product","3":"status-publish","4":"has-post-thumbnail","6":"product_brand-main-wp","7":"product_cat-administracion-wordpress-plugins","8":"product_cat-plugins","9":"product_cat-wordpress-plugins","10":"product_tag-main-wp","11":"member-discount","12":"discount-restricted","14":"first","15":"instock","16":"sale","17":"downloadable","18":"virtual","19":"sold-individually","20":"purchasable","21":"product-type-simple"},"_links":{"self":[{"href":"https:\/\/gpl-love.com\/es\/wp-json\/wp\/v2\/product\/118399","targetHints":{"allow":["GET"]}}],"collection":[{"href":"https:\/\/gpl-love.com\/es\/wp-json\/wp\/v2\/product"}],"about":[{"href":"https:\/\/gpl-love.com\/es\/wp-json\/wp\/v2\/types\/product"}],"replies":[{"embeddable":true,"href":"https:\/\/gpl-love.com\/es\/wp-json\/wp\/v2\/comments?post=118399"}],"wp:featuredmedia":[{"embeddable":true,"href":"https:\/\/gpl-love.com\/es\/wp-json\/wp\/v2\/media\/166681"}],"wp:attachment":[{"href":"https:\/\/gpl-love.com\/es\/wp-json\/wp\/v2\/media?parent=118399"}],"wp:term":[{"taxonomy":"product_brand","embeddable":true,"href":"https:\/\/gpl-love.com\/es\/wp-json\/wp\/v2\/product_brand?post=118399"},{"taxonomy":"product_cat","embeddable":true,"href":"https:\/\/gpl-love.com\/es\/wp-json\/wp\/v2\/product_cat?post=118399"},{"taxonomy":"product_tag","embeddable":true,"href":"https:\/\/gpl-love.com\/es\/wp-json\/wp\/v2\/product_tag?post=118399"}],"curies":[{"name":"wp","href":"https:\/\/api.w.org\/{rel}","templated":true}]}}