{"id":118397,"date":"2025-09-29T00:00:00","date_gmt":"2025-09-29T05:00:00","guid":{"rendered":"https:\/\/gpl-love.com\/es\/?post_type=product&#038;p=118397"},"modified":"2026-03-09T07:48:23","modified_gmt":"2026-03-09T12:48:23","slug":"mainwp-team-control","status":"publish","type":"product","link":"https:\/\/gpl-love.com\/es\/producto\/mainwp-team-control\/","title":{"rendered":"MainWP Team Control 5.0.3"},"content":{"rendered":"<h3>MainWP Team Control Caracteristicas<\/h3>\n<p>MainWP Team Control es una aplicaci\u00f3n de software incre\u00edblemente robusta que le otorga la capacidad de supervisar y administrar de manera efectiva una multitud de sitios de WordPress, todo desde un tablero centralizado y cohesivo. Equipado con esta herramienta invaluable, puede distribuir sin esfuerzo tareas a varios miembros del equipo, establecer y regular los permisos de los usuarios y los niveles de acceso, as\u00ed como monitorear y rastrear meticulosamente sus respectivos progresos y logros. En consecuencia, esto no solo le ahorra cantidades sustanciales de tiempo, sino que tambi\u00e9n facilita la racionalizaci\u00f3n perfecta de su flujo de trabajo general. Adem\u00e1s, este notable software tambi\u00e9n le proporciona la ventaja adicional de las copias de seguridad automatizadas, las actualizaciones y las verificaciones de seguridad, asegurando as\u00ed que sus sitios web permanezcan actualmente actualizados e impermeables a cualquier amenaza potencial o intrusiones maliciosas. Independientemente de si usted es propietario de un negocio o un desarrollador web que administra y supervisa una variedad de sitios, el control del equipo de MainWP es inequ\u00edvocamente una herramienta indispensable e indispensable que est\u00e1 garantizada para aumentar su productividad y eficiencia operativa general.<\/p>\n<ul>\n<li>Gesti\u00f3n f\u00e1cil de m\u00faltiples sitios de WordPress en un solo lugar<\/li>\n<li>Control centralizado para todos los miembros del equipo y sus niveles de acceso<\/li>\n<li>Actualizaciones y copias de seguridad de un solo clic para todos los sitios<\/li>\n<li>Flujo de trabajo optimizado con herramientas de colaboraci\u00f3n y comunicaci\u00f3n del equipo<\/li>\n<li>Panel de control personalizable para gesti\u00f3n de sitios personalizada<\/li>\n<li>Medidas de seguridad avanzadas para la protecci\u00f3n del sitio<\/li>\n<li>Compatibilidad con complementos y temas populares de WordPress<\/li>\n<li>Interfaz de usuario intuitiva para una f\u00e1cil navegaci\u00f3n<\/li>\n<li>Soluci\u00f3n rentable para administrar m\u00faltiples sitios y equipos<\/li>\n<\/ul>\n","protected":false},"excerpt":{"rendered":"<p>MainWP Team Control, un complemento excepcional meticulosamente elaborado para mejorar la productividad y agilizar el flujo de trabajo, demuestra ser un activo invaluable para los usuarios que buscan administrar eficientemente su sitio de WordPress repleto de m\u00faltiples usuarios. Imbrimido con la notable capacidad para gobernar los niveles de acceso, tareas y roles de los usuarios, este complemento facilita la colaboraci\u00f3n perfecta dentro de los equipos, lo que produce resultados \u00f3ptimos. Al aprovechar la destreza del control del equipo de MainWP, las personas pueden navegar sin esfuerzo las complejidades de administrar un sitio de WordPress en medio de un equipo, deleit\u00e1ndose en la facilidad y comodidad inigualables que ofrece. En particular, este complemento rico en caracter\u00edsticas permite a los usuarios desbloquear una mayor estabilidad, medidas de seguridad reforzadas y un rendimiento incomparable, acentuando as\u00ed la eficacia general de su sitio de WordPress.<\/p>\n","protected":false},"featured_media":166680,"comment_status":"open","ping_status":"open","template":"","meta":[],"product_brand":[2491],"product_cat":[1212,1206,1211],"product_tag":[1324],"class_list":{"0":"post-118397","1":"product","2":"type-product","3":"status-publish","4":"has-post-thumbnail","6":"product_brand-main-wp","7":"product_cat-administracion-wordpress-plugins","8":"product_cat-plugins","9":"product_cat-wordpress-plugins","10":"product_tag-main-wp","11":"member-discount","12":"discount-restricted","14":"first","15":"instock","16":"sale","17":"downloadable","18":"virtual","19":"sold-individually","20":"purchasable","21":"product-type-simple"},"_links":{"self":[{"href":"https:\/\/gpl-love.com\/es\/wp-json\/wp\/v2\/product\/118397","targetHints":{"allow":["GET"]}}],"collection":[{"href":"https:\/\/gpl-love.com\/es\/wp-json\/wp\/v2\/product"}],"about":[{"href":"https:\/\/gpl-love.com\/es\/wp-json\/wp\/v2\/types\/product"}],"replies":[{"embeddable":true,"href":"https:\/\/gpl-love.com\/es\/wp-json\/wp\/v2\/comments?post=118397"}],"wp:featuredmedia":[{"embeddable":true,"href":"https:\/\/gpl-love.com\/es\/wp-json\/wp\/v2\/media\/166680"}],"wp:attachment":[{"href":"https:\/\/gpl-love.com\/es\/wp-json\/wp\/v2\/media?parent=118397"}],"wp:term":[{"taxonomy":"product_brand","embeddable":true,"href":"https:\/\/gpl-love.com\/es\/wp-json\/wp\/v2\/product_brand?post=118397"},{"taxonomy":"product_cat","embeddable":true,"href":"https:\/\/gpl-love.com\/es\/wp-json\/wp\/v2\/product_cat?post=118397"},{"taxonomy":"product_tag","embeddable":true,"href":"https:\/\/gpl-love.com\/es\/wp-json\/wp\/v2\/product_tag?post=118397"}],"curies":[{"name":"wp","href":"https:\/\/api.w.org\/{rel}","templated":true}]}}