{"id":118395,"date":"2025-06-05T00:00:00","date_gmt":"2025-06-05T05:00:00","guid":{"rendered":"https:\/\/gpl-love.com\/es\/?post_type=product&#038;p=118395"},"modified":"2026-03-09T07:48:22","modified_gmt":"2026-03-09T12:48:22","slug":"mainwp-staging","status":"publish","type":"product","link":"https:\/\/gpl-love.com\/es\/producto\/mainwp-staging\/","title":{"rendered":"MainWP Staging 5.1"},"content":{"rendered":"<h3>MainWP Staging Caracteristicas<\/h3>\n<p>La puesta en escena de MainWP, una herramienta inmensamente valiosa atendida hacia desarrolladores y dise\u00f1adores de sitios web, sirve como un recurso instrumental para aquellos que buscan evaluar a fondo sus modificaciones antes de implementarlos. Con este producto excepcional, obtiene la capacidad de construir un entorno de estadificaci\u00f3n especializado espec\u00edficamente adaptado para su sitio web de WordPress. Dentro de este espacio seguro, puede iniciar alteraciones con confianza al tiempo que examina meticulosamente su impacto, todo sin afectar perjudicialmente la iteraci\u00f3n en vivo de su sitio. Sorprendentemente, MainWP Staging presenta una interfaz incre\u00edblemente f\u00e1cil de usar que permite la replicaci\u00f3n sin esfuerzo de su sitio web en el entorno de puesta en escena con una mera serie de clics. En consecuencia, esta funcionalidad excepcional le permite experimentar audazmente con varias alteraciones de dise\u00f1o, complementos novedosos o actualizaciones a la funcionalidad de su sitio, sin trepidaci\u00f3n que rodea cualquier posible interrupci\u00f3n. Al lograr un estado de satisfacci\u00f3n con sus alteraciones, transferirlos sin esfuerzo a su sitio en vivo se convierte en un proceso expedito y directo. En consecuencia, la confiabilidad inquebrantable y la naturaleza f\u00e1cil de usar de la puesta en escena de Mainwp lo impulsan con la capacidad de ahorrarle un tiempo valioso y aliviar significativamente la frustraci\u00f3n al facilitar las pruebas meticulosas de sus modificaciones antes de su implementaci\u00f3n oficial.<\/p>\n<ul>\n<li>Le permite crear un espejo de su sitio en vivo para fines de prueba<\/li>\n<li>Interfaz f\u00e1cil de usar para crear y administrar sitios de estadificaci\u00f3n<\/li>\n<li>Opci\u00f3n Push de un solo clic para copiar cambios del sitio de puesta en escena al sitio en vivo<\/li>\n<li>Funcionalidad de copia de seguridad autom\u00e1tica para sitios de puesta en escena y en vivo<\/li>\n<li>Admite sitios de WordPress y no WordPress<\/li>\n<li>Capacidad para hacer cambios en temas, complementos y contenido sin afectar el sitio en vivo<\/li>\n<li>Compatibilidad con los proveedores de alojamiento m\u00e1s populares<\/li>\n<li>Opci\u00f3n para elegir diferentes URL para su sitio de puesta en escena<\/li>\n<li>Entorno seguro con acceso restringido<\/li>\n<li>Notificaciones de actualizaci\u00f3n autom\u00e1tica para complementos y temas en su sitio de puesta en escena.<\/li>\n<\/ul>\n","protected":false},"excerpt":{"rendered":"<p>MainWP Staging es un instrumento excepcionalmente robusto y de alto rendimiento que le permite establecer un entorno de puesta en escena altamente seguro e inexpugnable para su estimado sitio web de WordPress. Por medio de esta ingeniosa herramienta, se vuelve factible sin esfuerzo que usted pruebe meticulosamente e exhaustivamente todas las modificaciones, mejoras y refinamientos que tiene la intenci\u00f3n de implementar en su sitio web, que van desde actualizaciones hasta complementos y temas, antes de rodar permanente e irrevocablemente. ellos salen y los hacen accesibles para el p\u00fablico en su sitio web en vivo. Este complemento notable y rico en caracter\u00edsticas cuenta con una extensa gama de funciones, que abarca, entre otros, la creaci\u00f3n perfecta y conveniente de sitios de estadificaci\u00f3n con un simple clic \u00fanico, sincronizaci\u00f3n astuta y astuta, as\u00ed como la transferencia f\u00e1cil e intercambio de contenido entre su contenido entre su Sitios en vivo y en preparaci\u00f3n, adem\u00e1s de numerosas otras caracter\u00edsticas incomparables e invaluables. Esta herramienta sin igual e inigualable, que es exquisitamente adecuada e idealmente adaptada para satisfacer las innumerables necesidades y requisitos de todos los propietarios y desarrolladores del sitio web, optimiza eficazmente todo el proceso de gesti\u00f3n del sitio web, lo que lleva a ahorros sustanciales en t\u00e9rminos de tiempo y esfuerzo, mientras que el tiempo y el esfuerzo, mientras que Asegurando simult\u00e1neamente una experiencia de navegaci\u00f3n de sitios web absolutamente suave, ininterrumpida y sin problemas para sus visitantes y usuarios.<\/p>\n","protected":false},"featured_media":166679,"comment_status":"open","ping_status":"open","template":"","meta":[],"product_brand":[2491],"product_cat":[1212,1206,1211],"product_tag":[1324],"class_list":{"0":"post-118395","1":"product","2":"type-product","3":"status-publish","4":"has-post-thumbnail","6":"product_brand-main-wp","7":"product_cat-administracion-wordpress-plugins","8":"product_cat-plugins","9":"product_cat-wordpress-plugins","10":"product_tag-main-wp","11":"member-discount","12":"discount-restricted","14":"first","15":"instock","16":"sale","17":"downloadable","18":"virtual","19":"sold-individually","20":"purchasable","21":"product-type-simple"},"_links":{"self":[{"href":"https:\/\/gpl-love.com\/es\/wp-json\/wp\/v2\/product\/118395","targetHints":{"allow":["GET"]}}],"collection":[{"href":"https:\/\/gpl-love.com\/es\/wp-json\/wp\/v2\/product"}],"about":[{"href":"https:\/\/gpl-love.com\/es\/wp-json\/wp\/v2\/types\/product"}],"replies":[{"embeddable":true,"href":"https:\/\/gpl-love.com\/es\/wp-json\/wp\/v2\/comments?post=118395"}],"wp:featuredmedia":[{"embeddable":true,"href":"https:\/\/gpl-love.com\/es\/wp-json\/wp\/v2\/media\/166679"}],"wp:attachment":[{"href":"https:\/\/gpl-love.com\/es\/wp-json\/wp\/v2\/media?parent=118395"}],"wp:term":[{"taxonomy":"product_brand","embeddable":true,"href":"https:\/\/gpl-love.com\/es\/wp-json\/wp\/v2\/product_brand?post=118395"},{"taxonomy":"product_cat","embeddable":true,"href":"https:\/\/gpl-love.com\/es\/wp-json\/wp\/v2\/product_cat?post=118395"},{"taxonomy":"product_tag","embeddable":true,"href":"https:\/\/gpl-love.com\/es\/wp-json\/wp\/v2\/product_tag?post=118395"}],"curies":[{"name":"wp","href":"https:\/\/api.w.org\/{rel}","templated":true}]}}