{"id":118393,"date":"2021-10-24T00:00:00","date_gmt":"2021-10-24T05:00:00","guid":{"rendered":"https:\/\/gpl-love.com\/es\/?post_type=product&#038;p=118393"},"modified":"2026-03-09T07:48:20","modified_gmt":"2026-03-09T12:48:20","slug":"mainwp-spinner","status":"publish","type":"product","link":"https:\/\/gpl-love.com\/es\/producto\/mainwp-spinner\/","title":{"rendered":"MainWP Spinner 4.0.1"},"content":{"rendered":"<h3>MainWP Spinner Caracteristicas<\/h3>\n<p>Al utilizar la spinner de MainWP, los propietarios de sitios web pueden aprovechar una herramienta robusta e innovadora que les permite crear contenido original y de grado superior para sus respectivos sitios web. Esta herramienta excepcional permite a los usuarios generar r\u00e1pidamente variaciones distintivas de su contenido preexistente, evitando as\u00ed la necesidad de invertir un tiempo y un esfuerzo sustancial para componer contenido nuevo desde cero. En particular, la herramienta Spinner MainWP cuenta con una interfaz intuitiva, lo que la hace f\u00e1cilmente navegable incluso para las personas que son relativamente nuevas en el arte del giro de contenido. Adem\u00e1s, esta herramienta demuestra ser un activo indispensable para aquellos interesados \u200b\u200ben aumentar los esfuerzos de optimizaci\u00f3n de sus motores de b\u00fasqueda (SEO) y construir valiosos v\u00ednculos de retroceso. En pocas palabras, el spinner de MainWP alcanza una excelencia inigualable como una herramienta indispensable, atendiendo las necesidades de cualquier persona que busque acelerar y optimizar el proceso de generar contenido excepcional y exclusivo para sus sitios web.<\/p>\n<ul>\n<li>Reescribir autom\u00e1ticamente el contenido con variaciones ilimitadas<\/li>\n<li>Opci\u00f3n de usar sin\u00f3nimos, frases o ambos para generar contenido \u00fanico<\/li>\n<li>M\u00faltiples configuraciones de giro para controlar el nivel de variaci\u00f3n<\/li>\n<li>Compatible con WordPress y la plataforma MainWP<\/li>\n<li>Integraci\u00f3n de Copyscape incorporada para garantizar un contenido \u00fanico<\/li>\n<li>R\u00e1pido y f\u00e1cil de usar con una interfaz f\u00e1cil de usar<\/li>\n<li>Ahorra tiempo y esfuerzo en la creaci\u00f3n de contenido nuevo para sitios web o blogs<\/li>\n<li>Ideal para vendedores de Internet y creadores de contenido que buscan mejorar el SEO y aumentar el tr\u00e1fico del sitio web<\/li>\n<li>Producci\u00f3n de alta calidad que se lee naturalmente y est\u00e1 libre de errores gramaticales<\/li>\n<\/ul>\n","protected":false},"excerpt":{"rendered":"<p>La spinner de MainWP, una herramienta excepcionalmente potente dise\u00f1ada meticulosamente para optimizar el proceso de creaci\u00f3n de contenido para su estimado sitio web, est\u00e1 dotada de algoritmos de vanguardia y una interfaz instintivamente f\u00e1cil de usar. Estas caracter\u00edsticas notables le permiten generar r\u00e1pidamente una gran cantidad de art\u00edculos distintivos y superlativos que sin duda aumentar\u00e1n la afluencia de visitantes a su estimado sitio web. Independientemente de si posee una gran experiencia en el \u00e1mbito de los blogs o si se est\u00e1 embarcando en este emocionante viaje, MainWP Spinner sigue siendo la soluci\u00f3n por excelencia para ayudarlo a fabricar una gran cantidad de contenido cautivador y sin precedentes para su estimado sitio web.<\/p>\n","protected":false},"featured_media":166678,"comment_status":"open","ping_status":"open","template":"","meta":[],"product_brand":[2491],"product_cat":[1212,1206,1211],"product_tag":[1324],"class_list":{"0":"post-118393","1":"product","2":"type-product","3":"status-publish","4":"has-post-thumbnail","6":"product_brand-main-wp","7":"product_cat-administracion-wordpress-plugins","8":"product_cat-plugins","9":"product_cat-wordpress-plugins","10":"product_tag-main-wp","11":"member-discount","12":"discount-restricted","14":"first","15":"instock","16":"sale","17":"downloadable","18":"virtual","19":"sold-individually","20":"purchasable","21":"product-type-simple"},"_links":{"self":[{"href":"https:\/\/gpl-love.com\/es\/wp-json\/wp\/v2\/product\/118393","targetHints":{"allow":["GET"]}}],"collection":[{"href":"https:\/\/gpl-love.com\/es\/wp-json\/wp\/v2\/product"}],"about":[{"href":"https:\/\/gpl-love.com\/es\/wp-json\/wp\/v2\/types\/product"}],"replies":[{"embeddable":true,"href":"https:\/\/gpl-love.com\/es\/wp-json\/wp\/v2\/comments?post=118393"}],"wp:featuredmedia":[{"embeddable":true,"href":"https:\/\/gpl-love.com\/es\/wp-json\/wp\/v2\/media\/166678"}],"wp:attachment":[{"href":"https:\/\/gpl-love.com\/es\/wp-json\/wp\/v2\/media?parent=118393"}],"wp:term":[{"taxonomy":"product_brand","embeddable":true,"href":"https:\/\/gpl-love.com\/es\/wp-json\/wp\/v2\/product_brand?post=118393"},{"taxonomy":"product_cat","embeddable":true,"href":"https:\/\/gpl-love.com\/es\/wp-json\/wp\/v2\/product_cat?post=118393"},{"taxonomy":"product_tag","embeddable":true,"href":"https:\/\/gpl-love.com\/es\/wp-json\/wp\/v2\/product_tag?post=118393"}],"curies":[{"name":"wp","href":"https:\/\/api.w.org\/{rel}","templated":true}]}}