{"id":118387,"date":"2021-10-22T00:00:00","date_gmt":"2021-10-22T05:00:00","guid":{"rendered":"https:\/\/gpl-love.com\/es\/?post_type=product&#038;p=118387"},"modified":"2026-03-13T17:35:15","modified_gmt":"2026-03-13T22:35:15","slug":"yith-wordpress-test-environment-premium","status":"publish","type":"product","link":"https:\/\/gpl-love.com\/es\/producto\/yith-wordpress-test-environment-premium\/","title":{"rendered":"YITH WordPress Test Environment Premium 1.2.2"},"content":{"rendered":"<h3>YITH WordPress Test Environment Premium Caracteristicas<\/h3>\n<p>El entorno de prueba de WordPress, una herramienta incre\u00edblemente poderosa dise\u00f1ada meticulosamente para desarrolladores de WordPress y administradores de sitios web, sirve al invaluable prop\u00f3sito de permitirles crear sin esfuerzo una r\u00e9plica exacta de su sitio web dentro de un entorno seguro y aislado, designado exclusivamente para fines de prueba. Este software excepcional sirve como un escudo confiable, salvaguardando efectivamente a los desarrolladores del posible ataque de errores o problemas imprevistos que inevitablemente pueden surgir como un resultado directo de modificaciones o actualizaciones realizadas en su sitio web, lo que les brinda la notable oportunidad de identificar y posteriormente rectificar competencia y posteriormente rectificar. Todos y cada uno de los problemas antes de que el sitio web se lance oficialmente. Con una interfaz excepcionalmente f\u00e1cil de usar, a las personas se les otorga la capacidad incomparable de configurar sin esfuerzo y expedito un entorno de prueba dentro de un solo pu\u00f1ado de pasos, lo que les permite evaluar convenientemente la viabilidad y la eficacia de temas novedosos, complementos y actualizaciones, todo sin sin El menor riesgo de poner en peligro la integridad o la funcionalidad de su sitio web. La verdad innegable sigue siendo que el entorno de prueba de WordPress Premium representa indudablemente una herramienta completamente indispensable para todos y cada uno de los usuarios de WordPress que albergan aspiraciones de optimizar el rendimiento y la eficacia de sus respectivos sitios web, asegurando diligentemente una experiencia de usuario sin parar e incomparable para todos los visitantes.<\/p>\n<ul>\n<li>Cree un entorno de prueba seguro para su sitio web de WordPress<\/li>\n<li>Prueba cambios y actualizaciones sin afectar su sitio web en vivo<\/li>\n<li>Importar y exportar datos de prueba para una f\u00e1cil gesti\u00f3n<\/li>\n<li>Administrar f\u00e1cilmente m\u00faltiples entornos de prueba<\/li>\n<li>Limpieza autom\u00e1tica de la base de datos para garantizar un rendimiento \u00f3ptimo<\/li>\n<li>Integraci\u00f3n f\u00e1cil con otros complementos para una funcionalidad adicional<\/li>\n<li>Documentaci\u00f3n y apoyo integral para una experiencia perfecta<\/li>\n<li>Compatible con todos los temas y complementos de WordPress.<\/li>\n<\/ul>\n","protected":false},"excerpt":{"rendered":"<p>El entorno de prueba de WordPress, una herramienta altamente efectiva, ha sido dise\u00f1ado de manera inteligente con el objetivo principal de racionalizar y optimizar su flujo de trabajo. Logra esto proporcion\u00e1ndole un entorno de prueba seguro y protegido para su estimado sitio de WordPress. Al aprovechar la potencia de este complemento excepcional, se le brinda la invaluable oportunidad de examinar y evaluar a fondo cualquier actualizaci\u00f3n relacionada con temas o complementos antes de implementarlos en su sitio en vivo. La notable ventaja de esto es que le permite mitigar los riesgos potenciales asociados con errores o incompatibilidades, asegurando as\u00ed una experiencia de usuario perfecta e ininterrumpida. Este invaluable recurso es particularmente ventajoso para los desarrolladores de WordPress, ya que facilita la creaci\u00f3n de un entorno de preparaci\u00f3n en el que la resoluci\u00f3n de problemas de problemas del sitio web o pruebas rigurosas de caracter\u00edsticas novedosas se pueden realizar sin ning\u00fan impacto adverso en el sitio web en vivo. El mecanismo detr\u00e1s del complemento se basa ingeniosamente en la clonaci\u00f3n de sitios web instant\u00e1neos, lo que le otorga la libertad de experimentar y probar varios cambios y modificaciones sin albergar ninguna preocupaci\u00f3n sobre causar interrupci\u00f3n o da\u00f1o al sitio en vivo. Por lo tanto, le recomendamos de todo coraz\u00f3n que obtenga su entorno de prueba de WordPress Premium hoy para desbloquear el notable potencial que posee en el fomento de un proceso de desarrollo altamente eficiente y productivo, ahorr\u00e1ndole un tiempo precioso y minimizando significativamente el tiempo de inactividad.<\/p>\n","protected":false},"featured_media":168685,"comment_status":"open","ping_status":"open","template":"","meta":[],"product_brand":[2391],"product_cat":[1208,1207,1206],"product_tag":[1462],"class_list":{"0":"post-118387","1":"product","2":"type-product","3":"status-publish","4":"has-post-thumbnail","6":"product_brand-yith","7":"product_cat-administracion","8":"product_cat-comercio-electronico-plugins","9":"product_cat-plugins","10":"product_tag-yith","11":"member-discount","12":"discount-restricted","14":"first","15":"instock","16":"sale","17":"downloadable","18":"virtual","19":"sold-individually","20":"purchasable","21":"product-type-simple"},"_links":{"self":[{"href":"https:\/\/gpl-love.com\/es\/wp-json\/wp\/v2\/product\/118387","targetHints":{"allow":["GET"]}}],"collection":[{"href":"https:\/\/gpl-love.com\/es\/wp-json\/wp\/v2\/product"}],"about":[{"href":"https:\/\/gpl-love.com\/es\/wp-json\/wp\/v2\/types\/product"}],"replies":[{"embeddable":true,"href":"https:\/\/gpl-love.com\/es\/wp-json\/wp\/v2\/comments?post=118387"}],"wp:featuredmedia":[{"embeddable":true,"href":"https:\/\/gpl-love.com\/es\/wp-json\/wp\/v2\/media\/168685"}],"wp:attachment":[{"href":"https:\/\/gpl-love.com\/es\/wp-json\/wp\/v2\/media?parent=118387"}],"wp:term":[{"taxonomy":"product_brand","embeddable":true,"href":"https:\/\/gpl-love.com\/es\/wp-json\/wp\/v2\/product_brand?post=118387"},{"taxonomy":"product_cat","embeddable":true,"href":"https:\/\/gpl-love.com\/es\/wp-json\/wp\/v2\/product_cat?post=118387"},{"taxonomy":"product_tag","embeddable":true,"href":"https:\/\/gpl-love.com\/es\/wp-json\/wp\/v2\/product_tag?post=118387"}],"curies":[{"name":"wp","href":"https:\/\/api.w.org\/{rel}","templated":true}]}}