{"id":118385,"date":"2021-02-09T00:00:00","date_gmt":"2021-02-09T05:00:00","guid":{"rendered":"https:\/\/gpl-love.com\/es\/producto\/mythemeshop-dividend-wordpress-theme\/"},"modified":"2026-04-10T11:17:59","modified_gmt":"2026-04-10T16:17:59","slug":"mythemeshop-dividend-wordpress-theme","status":"publish","type":"product","link":"https:\/\/gpl-love.com\/es\/producto\/mythemeshop-dividend-wordpress-theme\/","title":{"rendered":"MyThemeShop Dividend WordPress Theme 1.2.5"},"content":{"rendered":"<h3>MyThemeShop Dividend WordPress Theme Caracteristicas<\/h3>\n<p>El tema Mythemeshop Dividend WordPress ofrece una mir\u00edada de posibilidades para las personas que buscan construir un sitio web que sea vers\u00e1til y contempor\u00e1neo. Con un dise\u00f1o elegante y pulido, este tema est\u00e1 hecho a medida para blogueros, empresarios y negocios, independientemente de su escala. Su dise\u00f1o receptivo garantiza que su sitio web exhibir\u00e1 constantemente su m\u00e1ximo potencial en todos los tipos de dispositivos, mientras que su amplia gama de caracter\u00edsticas personalizables le permite adaptar su p\u00e1gina para cumplir con sus requisitos precisos. Adem\u00e1s, este tema est\u00e1 equipado con optimizaci\u00f3n de SEO, widgets personalizados y una variedad de esquemas de color, lo que le brinda opciones creativas ilimitadas. Con su proceso de instalaci\u00f3n sin esfuerzo y su interfaz f\u00e1cil de usar, el tema Mythemeshop Dividend WordPress surge como una opci\u00f3n \u00f3ptima para aquellos que anhelan construir un sitio web visualmente cautivador y altamente funcional.<\/p>\n<ul>\n<li>Dise\u00f1o profesional y elegante con opciones personalizables<\/li>\n<li>Receptivo m\u00f3vil para una visualizaci\u00f3n \u00f3ptima en todos los dispositivos<\/li>\n<li>SEO optimizado para mejorar las clasificaciones de los motores de b\u00fasqueda<\/li>\n<li>Gesti\u00f3n de anuncios incorporado para una f\u00e1cil monetizaci\u00f3n<\/li>\n<li>Compatibilidad de WooCommerce para una integraci\u00f3n de comercio electr\u00f3nico sin problemas<\/li>\n<li>M\u00faltiples dise\u00f1os de p\u00e1gina de inicio para adaptarse a cualquier nicho o marca<\/li>\n<li>Panel de opciones de tema f\u00e1cil de usar para una personalizaci\u00f3n r\u00e1pida<\/li>\n<li>Velocidades de carga r\u00e1pidas para mejorar la experiencia del usuario<\/li>\n<li>Equipo de apoyo dedicado para cualquier pregunta o problema<\/li>\n<\/ul>\n","protected":false},"excerpt":{"rendered":"<p>\u00bfEst\u00e1 buscando un tema de WordPress elegante y moderno que sin duda har\u00e1 que su sitio web se destaque entre la gran multitud de sitios web? Si su respuesta es s\u00ed, \u00a1no busque m\u00e1s porque el tema de WordPress de Mythemeshop Dividend est\u00e1 aqu\u00ed para salvar el d\u00eda! Este tema excepcional est\u00e1 repleto de numerosas caracter\u00edsticas que est\u00e1n garantizadas para dejarlo hipnotizado. Es la elecci\u00f3n perfecta para bloggers, empresas y cualquier otra persona que aspira a crear un sitio web que exude la profesionalidad sin esfuerzo. La belleza de este tema radica en su dise\u00f1o receptivo, lo que garantiza que su sitio web se vea perfecto y funcione sin problemas en cualquier dispositivo. Adem\u00e1s, el tema Mythemeshop Dividend WordPress ofrece una gran cantidad de esquemas de color personalizables y una amplia gama de opciones de personalizaci\u00f3n, lo que le brinda la libertad de dise\u00f1ar su sitio web exactamente como lo imagina. No solo eso, sino que este tema tambi\u00e9n viene equipado con optimizaci\u00f3n de SEO incorporada e integraci\u00f3n de redes sociales, lo que garantiza que su sitio web llegar\u00e1 a la audiencia m\u00e1s amplia posible. \u00a1No pierdas m\u00e1s tiempo! \u00a1Eleve su sitio web a nuevas alturas con el inigualable tema de WordPress Mythemeshop Dividend hoy!<\/p>\n","protected":false},"featured_media":166897,"comment_status":"open","ping_status":"open","template":"","meta":[],"product_brand":[2505],"product_cat":[1245,1237,1238],"product_tag":[1334],"class_list":{"0":"post-118385","1":"product","2":"type-product","3":"status-publish","4":"has-post-thumbnail","6":"product_brand-my-theme-shop","7":"product_cat-blog-revista","8":"product_cat-temas","9":"product_cat-wordpress-temas","10":"product_tag-my-theme-shop","11":"member-discount","12":"discount-restricted","14":"first","15":"instock","16":"sale","17":"downloadable","18":"virtual","19":"sold-individually","20":"purchasable","21":"product-type-simple"},"_links":{"self":[{"href":"https:\/\/gpl-love.com\/es\/wp-json\/wp\/v2\/product\/118385","targetHints":{"allow":["GET"]}}],"collection":[{"href":"https:\/\/gpl-love.com\/es\/wp-json\/wp\/v2\/product"}],"about":[{"href":"https:\/\/gpl-love.com\/es\/wp-json\/wp\/v2\/types\/product"}],"replies":[{"embeddable":true,"href":"https:\/\/gpl-love.com\/es\/wp-json\/wp\/v2\/comments?post=118385"}],"wp:featuredmedia":[{"embeddable":true,"href":"https:\/\/gpl-love.com\/es\/wp-json\/wp\/v2\/media\/166897"}],"wp:attachment":[{"href":"https:\/\/gpl-love.com\/es\/wp-json\/wp\/v2\/media?parent=118385"}],"wp:term":[{"taxonomy":"product_brand","embeddable":true,"href":"https:\/\/gpl-love.com\/es\/wp-json\/wp\/v2\/product_brand?post=118385"},{"taxonomy":"product_cat","embeddable":true,"href":"https:\/\/gpl-love.com\/es\/wp-json\/wp\/v2\/product_cat?post=118385"},{"taxonomy":"product_tag","embeddable":true,"href":"https:\/\/gpl-love.com\/es\/wp-json\/wp\/v2\/product_tag?post=118385"}],"curies":[{"name":"wp","href":"https:\/\/api.w.org\/{rel}","templated":true}]}}