{"id":118379,"date":"2026-01-12T00:00:00","date_gmt":"2026-01-12T05:00:00","guid":{"rendered":"https:\/\/gpl-love.com\/es\/?post_type=product&#038;p=118379"},"modified":"2026-03-09T07:46:36","modified_gmt":"2026-03-09T12:46:36","slug":"learnpress-sorting-choice-question","status":"publish","type":"product","link":"https:\/\/gpl-love.com\/es\/producto\/learnpress-sorting-choice-question\/","title":{"rendered":"LearnPress Sorting Choice Question 4.0.3"},"content":{"rendered":"<h3>LearnPress Sorting Choice Question Caracteristicas<\/h3>\n<p>La pregunta de elecci\u00f3n de clasificaci\u00f3n LearnPress, una herramienta altamente eficiente, capacita a los educadores al facilitar la creaci\u00f3n de cuestionarios y evaluaciones cautivadoras adaptadas a las necesidades de sus estudiantes. Al emplear esta notable caracter\u00edstica, los instructores obtienen la capacidad de generar preguntas que abarcan numerosas opciones de respuesta, otorgando as\u00ed a los estudiantes la oportunidad de organizar estas opciones en la secuencia apropiada. Este invaluable recurso no solo sirve para aumentar la comprensi\u00f3n y la retenci\u00f3n de conceptos vitales de los estudiantes, sino que tambi\u00e9n sirve como un medio para fortalecer su comprensi\u00f3n del tema. La funci\u00f3n de pregunta de elecci\u00f3n de clasificaci\u00f3n, integrada sin problemas en el sistema de gesti\u00f3n de aprendizaje LearnPress, representa una soluci\u00f3n integral, meticulosamente dise\u00f1ada para optimizar el proceso de creaci\u00f3n y gesti\u00f3n del curso para los educadores que operan dentro del \u00e1mbito de la educaci\u00f3n en l\u00ednea. Independientemente de si uno asume el papel de un maestro, tutor o entrenador, la pregunta de elecci\u00f3n de clasificaci\u00f3n LearnPress est\u00e1 a punto de ofrecer asistencia incomparable en la formulaci\u00f3n de evaluaciones que producen resultados de aprendizaje \u00f3ptimos para los estudiantes.<\/p>\n<ul>\n<li>Permite a los educadores crear preguntas de opci\u00f3n m\u00faltiple con opciones de clasificaci\u00f3n para alumnos<\/li>\n<li>Proporciona una forma \u00fanica y atractiva de probar la comprensi\u00f3n y las habilidades de pensamiento cr\u00edtico.<\/li>\n<li>Admite preguntas de clasificaci\u00f3n basadas en texto y basadas en im\u00e1genes<\/li>\n<li>Ofrece opciones de respuesta preestablecibles o personalizables para cada opci\u00f3n de clasificaci\u00f3n<\/li>\n<li>Permite la aleatorizaci\u00f3n de las opciones de respuesta para evitar la repetici\u00f3n en las pruebas<\/li>\n<li>Se puede integrar sin problemas en los cursos y cuestionarios en l\u00ednea con impulsos de aprendizaje.<\/li>\n<li>Permite la retroalimentaci\u00f3n instant\u00e1nea y la puntuaci\u00f3n para que los alumnos rastreen su progreso e identifiquen \u00e1reas de mejora<\/li>\n<li>Mejora la experiencia general de aprendizaje con m\u00e9todos de evaluaci\u00f3n interactivos y variados.<\/li>\n<\/ul>\n","protected":false},"excerpt":{"rendered":"<p>La pregunta de elecci\u00f3n de clasificaci\u00f3n LearnPress, una herramienta incre\u00edblemente potente utilizada por los educadores, les permite generar preguntas personalizadas de opci\u00f3n m\u00faltiple. Mediante este complemento, los instructores pueden fabricar preguntas que requieren a los estudiantes que organicen elementos en la secuencia adecuada, fortaleciendo as\u00ed su comprensi\u00f3n de ideas fundamentales. Jactura de su interfaz f\u00e1cil de usar y capacidades de personalizaci\u00f3n vers\u00e1tiles, la pregunta de elecci\u00f3n de clasificaci\u00f3n LearnPress es un activo esencial para cualquier creador o instructor de cursos en l\u00ednea.<\/p>\n","protected":false},"featured_media":166601,"comment_status":"open","ping_status":"open","template":"","meta":[],"product_brand":[2486],"product_cat":[1214,1206,1211],"product_tag":[2137],"class_list":{"0":"post-118379","1":"product","2":"type-product","3":"status-publish","4":"has-post-thumbnail","6":"product_brand-learnpress","7":"product_cat-personalizacion","8":"product_cat-plugins","9":"product_cat-wordpress-plugins","10":"product_tag-learnpress","11":"member-discount","12":"discount-restricted","14":"first","15":"instock","16":"sale","17":"downloadable","18":"virtual","19":"sold-individually","20":"purchasable","21":"product-type-simple"},"_links":{"self":[{"href":"https:\/\/gpl-love.com\/es\/wp-json\/wp\/v2\/product\/118379","targetHints":{"allow":["GET"]}}],"collection":[{"href":"https:\/\/gpl-love.com\/es\/wp-json\/wp\/v2\/product"}],"about":[{"href":"https:\/\/gpl-love.com\/es\/wp-json\/wp\/v2\/types\/product"}],"replies":[{"embeddable":true,"href":"https:\/\/gpl-love.com\/es\/wp-json\/wp\/v2\/comments?post=118379"}],"wp:featuredmedia":[{"embeddable":true,"href":"https:\/\/gpl-love.com\/es\/wp-json\/wp\/v2\/media\/166601"}],"wp:attachment":[{"href":"https:\/\/gpl-love.com\/es\/wp-json\/wp\/v2\/media?parent=118379"}],"wp:term":[{"taxonomy":"product_brand","embeddable":true,"href":"https:\/\/gpl-love.com\/es\/wp-json\/wp\/v2\/product_brand?post=118379"},{"taxonomy":"product_cat","embeddable":true,"href":"https:\/\/gpl-love.com\/es\/wp-json\/wp\/v2\/product_cat?post=118379"},{"taxonomy":"product_tag","embeddable":true,"href":"https:\/\/gpl-love.com\/es\/wp-json\/wp\/v2\/product_tag?post=118379"}],"curies":[{"name":"wp","href":"https:\/\/api.w.org\/{rel}","templated":true}]}}