{"id":118377,"date":"2023-11-13T00:00:00","date_gmt":"2023-11-13T05:00:00","guid":{"rendered":"https:\/\/gpl-love.com\/es\/?post_type=product&#038;p=118377"},"modified":"2026-03-09T07:46:35","modified_gmt":"2026-03-09T12:46:35","slug":"learnpress-random-quiz","status":"publish","type":"product","link":"https:\/\/gpl-love.com\/es\/producto\/learnpress-random-quiz\/","title":{"rendered":"LearnPress Random Quiz 4.0.4"},"content":{"rendered":"<h3>LearnPress Random Quiz Caracteristicas<\/h3>\n<p>LearnPress Random Quiz es una herramienta indispensable para plataformas de aprendizaje electr\u00f3nico que tienen como objetivo cautivar a sus estudiantes a trav\u00e9s de cuestionarios agradables y exigentes. Este notable complemento le facilita las cuestionarios de moda que est\u00e1n imbuidos de aleatoriedad, con una amplia gama de tipos de preguntas como opci\u00f3n m\u00faltiple, verdadera\/falsa y respuesta corta. A trav\u00e9s de sus caracter\u00edsticas personalizables que abarcan los l\u00edmites de tiempo y los niveles de dificultad, puede crear cuestionarios que satisfacen las necesidades \u00fanicas de sus alumnos. Como resultado, la imprevisibilidad inherente a estos cuestionarios asegura que cada estudiante reciba una experiencia distintiva, perpetuando as\u00ed su compromiso continuo con el tema. Adem\u00e1s, este complemento extraordinario otorga comentarios detallados sobre respuestas precisas y err\u00f3neas, brindando a los estudiantes la invaluable oportunidad para aprender de sus errores. En esencia, es incontrovertible que LearnPress Random Prueba sea una adici\u00f3n indispensable a cualquier plataforma de aprendizaje electr\u00f3nico que aspira a fomentar el aprendizaje activo y nutrir la participaci\u00f3n de los estudiantes.<\/p>\n<ul>\n<li>Genera autom\u00e1ticamente cuestionarios aleatorios en LearnPress<\/li>\n<li>Ahorra tiempo para los creadores e instructores del curso<\/li>\n<li>Proporciona una experiencia de prueba \u00fanica para los estudiantes<\/li>\n<li>Mejora la retenci\u00f3n y el compromiso al prevenir la memorizaci\u00f3n de preguntas espec\u00edficas de cuestionarios<\/li>\n<li>Permite la personalizaci\u00f3n de la configuraci\u00f3n del cuestionario, como el n\u00famero de preguntas y el nivel de dificultad.<\/li>\n<li>Compatible con cualquier tema y complemento compatible con LearnPress<\/li>\n<li>Incluye an\u00e1lisis detallados e informes para rastrear el rendimiento de los estudiantes.<\/li>\n<li>Actualizado regularmente con nuevas funciones y mejoras<\/li>\n<\/ul>\n","protected":false},"excerpt":{"rendered":"<p>El complemento Learpress Random Quiz es una herramienta excepcional que le permite agregar un toque de emoci\u00f3n e interactividad a su sitio web de aprendizaje electr\u00f3nico al incorporar cuestionarios cautivadores. A trav\u00e9s de la caracter\u00edstica notable de las preguntas aleatorias, este complemento le permite fabricar cuestionarios que est\u00e1n obligados a cautivar a sus alumnos, ya que se les presenta una variedad diversa de preguntas que los mantendr\u00e1n constantemente alerta. Al emplear este complemento, no solo podr\u00e1 asegurarse de que sus alumnos permanezcan completamente comprometidos a lo largo de su experiencia de toma de pruebas, sino que tambi\u00e9n tendr\u00e1 la oportunidad de evaluar sus conocimientos de una manera excepcionalmente interactiva. \u00a1Abraza el cuestionario Random LearnPress hoy y eleva tu viaje de aprendizaje electr\u00f3nico a alturas incomparables!<\/p>\n","protected":false},"featured_media":166600,"comment_status":"open","ping_status":"open","template":"","meta":[],"product_brand":[2486],"product_cat":[1214,1206,1211],"product_tag":[2137],"class_list":{"0":"post-118377","1":"product","2":"type-product","3":"status-publish","4":"has-post-thumbnail","6":"product_brand-learnpress","7":"product_cat-personalizacion","8":"product_cat-plugins","9":"product_cat-wordpress-plugins","10":"product_tag-learnpress","11":"member-discount","12":"discount-restricted","14":"first","15":"instock","16":"sale","17":"downloadable","18":"virtual","19":"sold-individually","20":"purchasable","21":"product-type-simple"},"_links":{"self":[{"href":"https:\/\/gpl-love.com\/es\/wp-json\/wp\/v2\/product\/118377","targetHints":{"allow":["GET"]}}],"collection":[{"href":"https:\/\/gpl-love.com\/es\/wp-json\/wp\/v2\/product"}],"about":[{"href":"https:\/\/gpl-love.com\/es\/wp-json\/wp\/v2\/types\/product"}],"replies":[{"embeddable":true,"href":"https:\/\/gpl-love.com\/es\/wp-json\/wp\/v2\/comments?post=118377"}],"wp:featuredmedia":[{"embeddable":true,"href":"https:\/\/gpl-love.com\/es\/wp-json\/wp\/v2\/media\/166600"}],"wp:attachment":[{"href":"https:\/\/gpl-love.com\/es\/wp-json\/wp\/v2\/media?parent=118377"}],"wp:term":[{"taxonomy":"product_brand","embeddable":true,"href":"https:\/\/gpl-love.com\/es\/wp-json\/wp\/v2\/product_brand?post=118377"},{"taxonomy":"product_cat","embeddable":true,"href":"https:\/\/gpl-love.com\/es\/wp-json\/wp\/v2\/product_cat?post=118377"},{"taxonomy":"product_tag","embeddable":true,"href":"https:\/\/gpl-love.com\/es\/wp-json\/wp\/v2\/product_tag?post=118377"}],"curies":[{"name":"wp","href":"https:\/\/api.w.org\/{rel}","templated":true}]}}