{"id":118375,"date":"2021-02-09T00:00:00","date_gmt":"2021-02-09T05:00:00","guid":{"rendered":"https:\/\/gpl-love.com\/es\/producto\/easy-digital-downloads-variable-pricing-switcher\/"},"modified":"2026-03-09T07:29:47","modified_gmt":"2026-03-09T12:29:47","slug":"easy-digital-downloads-variable-pricing-switcher","status":"publish","type":"product","link":"https:\/\/gpl-love.com\/es\/producto\/easy-digital-downloads-variable-pricing-switcher\/","title":{"rendered":"Easy Digital Downloads Variable Pricing Switcher 1.0.5"},"content":{"rendered":"<h3>Easy Digital Downloads Variable Pricing Switcher Caracteristicas<\/h3>\n<p>El interruptor de precios variables de descargas digitales f\u00e1ciles es una herramienta incre\u00edblemente robusta y altamente efectiva que se ha dise\u00f1ado espec\u00edficamente con la intenci\u00f3n de proporcionar a los propietarios de sitios web y a las empresas de comercio electr\u00f3nico la capacidad de administrar y personalizar sin esfuerzo sus estrategias de precios. Este ingenioso complemento capacita a los comerciantes al otorgarles la capacidad de crear y supervisar sin esfuerzo numerosas opciones de precios para su amplia gama de productos, lo que les brinda la oportunidad de adaptar efectivamente sus ofertas de acuerdo con los requisitos \u00fanicos de su diversa base de clientes. Adem\u00e1s, uno de los aspectos m\u00e1s encomiables de este complemento es su notable simplicidad y facilidad de uso, lo que lo convierte en una integraci\u00f3n excepcionalmente perfecta y sin problemas para cualquier sitio de WordPress. Adem\u00e1s, el conmutador de precios variables se enorgullece de su interfaz incre\u00edblemente intuitiva y una funcionalidad excepcionalmente completa, que se combinan para convertirlo en un recurso indispensable para cualquier negocio que busque optimizar sus estrategias de precios y amplificar inevitablemente sus ventas. En conclusi\u00f3n, independientemente de si se dedica a la venta de productos digitales, bienes tangibles o servicios, el conmutador de precios variables de descargas digitales f\u00e1ciles es una necesidad inequ\u00edvoca para cualquier operaci\u00f3n de comercio electr\u00f3nico que se esfuerce por lograr un \u00e9xito y rentabilidad \u00f3ptimos.<\/p>\n<ul>\n<li>Administrar r\u00e1pida y f\u00e1cilmente los precios variables para productos digitales<\/li>\n<li>La interfaz intuitiva hace que sea f\u00e1cil establecer y ajustar los precios para diferentes variaciones de productos<\/li>\n<li>Habilita el precio din\u00e1mico basado en variables seleccionadas por el usuario, como opciones de cantidad o producto.<\/li>\n<li>Ahorra tiempo y esfuerzo simplificando el proceso de precios y reduciendo la entrada manual<\/li>\n<li>Totalmente compatible con un complemento f\u00e1cil de descargas digitales para una integraci\u00f3n perfecta<\/li>\n<li>Ofrece opciones de precios flexibles para ayudar a aumentar las ventas e generar ingresos<\/li>\n<li>Altamente receptivo y f\u00e1cil de usar para una experiencia sin problemas y sin problemas<\/li>\n<li>Proporciona actualizaciones en tiempo real para garantizar precios precisos y gesti\u00f3n de inventario<\/li>\n<li>Ofrece opciones de personalizaci\u00f3n avanzada para estrategias y promociones de precios a medida<\/li>\n<li>Soporte y documentaci\u00f3n incorporados para una f\u00e1cil implementaci\u00f3n y resoluci\u00f3n de problemas.<\/li>\n<\/ul>\n","protected":false},"excerpt":{"rendered":"<p>El conmutador de precios variables de descargas digitales f\u00e1ciles es una herramienta incre\u00edblemente robusta y altamente efectiva que le otorga la capacidad de establecer una amplia gama de precios diversos para sus productos digitales, todos los cuales dependen de una multitud de variables, incluidas, entre otros, la cantidad a la cantidad. , roles de usuario y opciones de productos. En virtud de integrar esta extensi\u00f3n en su plataforma de comercio electr\u00f3nico, podr\u00e1 navegar sin esfuerzo y administrar de manera efectiva su estrategia de precios, lo que les brinda a sus clientes valorados un nivel de flexibilidad incomparable cuando se trata de seleccionar la opci\u00f3n de precios ideal para sus necesidades. , todo mientras eleva simult\u00e1neamente sus cifras de ventas a alturas sin precedentes. Adem\u00e1s, vale la pena resaltar que este recurso fenomenal viene completo con una interfaz notablemente intuitiva y f\u00e1cil de usar que le permite personalizar y modificar sin problemas sus estructuras de precios de productos, todo sin necesidad de ninguna habilidad de codificaci\u00f3n competente. A la luz de todas estas caracter\u00edsticas notables, est\u00e1 muy claro que al adquirir e implementar r\u00e1pidamente el conmutador de precios variables, comenzar\u00e1 instant\u00e1neamente el proceso de optimizar y maximizar sus m\u00e1rgenes generales de ganancias, posicion\u00e1ndose as\u00ed en el camino hacia el \u00e9xito comercial incomparable y la prosperidad .<\/p>\n","protected":false},"featured_media":165892,"comment_status":"open","ping_status":"open","template":"","meta":[],"product_brand":[2427],"product_cat":[1207,1248,1206],"product_tag":[1280],"class_list":{"0":"post-118375","1":"product","2":"type-product","3":"status-publish","4":"has-post-thumbnail","6":"product_brand-easy-digital-downloads","7":"product_cat-comercio-electronico-plugins","8":"product_cat-personalizacion-comercio-electronico-plugins","9":"product_cat-plugins","10":"product_tag-easy-digital-downloads","11":"member-discount","12":"discount-restricted","14":"first","15":"instock","16":"sale","17":"downloadable","18":"virtual","19":"sold-individually","20":"purchasable","21":"product-type-simple"},"_links":{"self":[{"href":"https:\/\/gpl-love.com\/es\/wp-json\/wp\/v2\/product\/118375","targetHints":{"allow":["GET"]}}],"collection":[{"href":"https:\/\/gpl-love.com\/es\/wp-json\/wp\/v2\/product"}],"about":[{"href":"https:\/\/gpl-love.com\/es\/wp-json\/wp\/v2\/types\/product"}],"replies":[{"embeddable":true,"href":"https:\/\/gpl-love.com\/es\/wp-json\/wp\/v2\/comments?post=118375"}],"wp:featuredmedia":[{"embeddable":true,"href":"https:\/\/gpl-love.com\/es\/wp-json\/wp\/v2\/media\/165892"}],"wp:attachment":[{"href":"https:\/\/gpl-love.com\/es\/wp-json\/wp\/v2\/media?parent=118375"}],"wp:term":[{"taxonomy":"product_brand","embeddable":true,"href":"https:\/\/gpl-love.com\/es\/wp-json\/wp\/v2\/product_brand?post=118375"},{"taxonomy":"product_cat","embeddable":true,"href":"https:\/\/gpl-love.com\/es\/wp-json\/wp\/v2\/product_cat?post=118375"},{"taxonomy":"product_tag","embeddable":true,"href":"https:\/\/gpl-love.com\/es\/wp-json\/wp\/v2\/product_tag?post=118375"}],"curies":[{"name":"wp","href":"https:\/\/api.w.org\/{rel}","templated":true}]}}