{"id":118373,"date":"2022-04-20T00:00:00","date_gmt":"2022-04-20T05:00:00","guid":{"rendered":"https:\/\/gpl-love.com\/es\/producto\/easy-digital-downloads-upload-file\/"},"modified":"2026-03-09T07:29:44","modified_gmt":"2026-03-09T12:29:44","slug":"easy-digital-downloads-upload-file","status":"publish","type":"product","link":"https:\/\/gpl-love.com\/es\/producto\/easy-digital-downloads-upload-file\/","title":{"rendered":"Easy Digital Downloads Upload File 2.1.5"},"content":{"rendered":"<h3>Easy Digital Downloads Upload File Caracteristicas<\/h3>\n<p>El archivo de carga de descargas digitales f\u00e1ciles es una herramienta muy valiosa y pr\u00e1ctica que atiende a las necesidades de los usuarios al permitirles manejar sin esfuerzo y efectivamente la carga y administraci\u00f3n de archivos digitales. Este producto excepcional no solo facilita la carga y venta de diversos productos digitales, incluidas la m\u00fasica, los videos y los libros electr\u00f3nicos, sino que tambi\u00e9n presenta una soluci\u00f3n altamente eficiente y simplificada para las empresas en l\u00ednea. Adem\u00e1s, muestra una interfaz incre\u00edblemente f\u00e1cil de usar, asegurando as\u00ed una experiencia perfecta y sin problemas para los usuarios cuando se trata de cargar y administrar sus archivos. Adem\u00e1s de su naturaleza f\u00e1cil de usar, este notable producto cuenta con una extensa gama de caracter\u00edsticas, que abarca herramientas de administraci\u00f3n de archivos, mecanismos de seguimiento de clientes y capacidades de procesamiento de pagos, realmente incorporando una soluci\u00f3n todo en uno para cualquier empresa digital. Al aprovechar las capacidades inigualables del archivo de carga de descargas digitales f\u00e1ciles, las empresas pueden comercializar y vender con \u00e9xito sus productos digitales, al tiempo que optimizan y optimizan simult\u00e1neamente su proceso de ventas en l\u00ednea en un grado notable.<\/p>\n<ul>\n<li>Funci\u00f3n de carga de archivos simple y f\u00e1cil de usar para descargas digitales f\u00e1ciles<\/li>\n<li>Permite a los clientes cargar archivos relacionados con su compra directamente desde la p\u00e1gina de pago<\/li>\n<li>Compatible con m\u00faltiples tipos de archivos que incluyen im\u00e1genes, audio, video y documentos<\/li>\n<li>Admite l\u00edmites de tama\u00f1o de archivo establecidos por el administrador de la tienda<\/li>\n<li>Admin puede ver archivos cargados y descargarlos directamente desde la p\u00e1gina de detalles del pedido<\/li>\n<li>Facilita a los proveedores solicitar especificaciones o dise\u00f1os de productos de los clientes.<\/li>\n<li>Mejora la experiencia del cliente proporcionando una forma conveniente de enviar informaci\u00f3n adicional o ilustraciones para productos personalizados.<\/li>\n<li>Ayuda a optimizar el proceso de cumplimiento del pedido reduciendo la necesidad de comunicaci\u00f3n de ida y vuelta con los clientes<\/li>\n<li>Guarda los proveedores y el tiempo de los administradores de almacenamiento automatizando el proceso de transferencia de archivos<\/li>\n<li>Etiquetas y indicaciones de campo de carga de archivos personalizables que se ajusten a la marca y las ofertas de productos de su tienda.<\/li>\n<\/ul>\n","protected":false},"excerpt":{"rendered":"<p>El archivo de carga de descargas digitales f\u00e1ciles, una herramienta ingeniosa, ha sido meticulosamente elaborado para optimizar la gesti\u00f3n y la venta de productos digitales, lo que lo convierte en una brisa absoluta. Al albergue una gran cantidad de caracter\u00edsticas, este complemento permite a los usuarios cargar y manejar todos sus archivos descargables desde una ubicaci\u00f3n singular y centralizada. Independientemente de si uno est\u00e1 vendiendo libros electr\u00f3nicos, archivos de audio, fotograf\u00edas o videos, esta notable herramienta presenta una soluci\u00f3n perfecta para entregar productos de manera efectiva a los clientes. Adem\u00e1s, el complemento de archivo de carga se integra perfectamente con todos los formatos de archivo digital l\u00edderes, con una amplia gama de opciones de personalizaci\u00f3n, garantizando as\u00ed una experiencia de compra impecablemente sencilla para los clientes. Presentar adi\u00f3s a la gesti\u00f3n de archivos ca\u00f3ticos y extender una c\u00e1lida bienvenida al reino sin problemas de la venta de productos digitales con el extraordinario archivo de carga de descargas digitales f\u00e1ciles.<\/p>\n","protected":false},"featured_media":165890,"comment_status":"open","ping_status":"open","template":"","meta":[],"product_brand":[2427],"product_cat":[1207,1248,1206],"product_tag":[1280],"class_list":{"0":"post-118373","1":"product","2":"type-product","3":"status-publish","4":"has-post-thumbnail","6":"product_brand-easy-digital-downloads","7":"product_cat-comercio-electronico-plugins","8":"product_cat-personalizacion-comercio-electronico-plugins","9":"product_cat-plugins","10":"product_tag-easy-digital-downloads","11":"member-discount","12":"discount-restricted","14":"first","15":"instock","16":"sale","17":"downloadable","18":"virtual","19":"sold-individually","20":"purchasable","21":"product-type-simple"},"_links":{"self":[{"href":"https:\/\/gpl-love.com\/es\/wp-json\/wp\/v2\/product\/118373","targetHints":{"allow":["GET"]}}],"collection":[{"href":"https:\/\/gpl-love.com\/es\/wp-json\/wp\/v2\/product"}],"about":[{"href":"https:\/\/gpl-love.com\/es\/wp-json\/wp\/v2\/types\/product"}],"replies":[{"embeddable":true,"href":"https:\/\/gpl-love.com\/es\/wp-json\/wp\/v2\/comments?post=118373"}],"wp:featuredmedia":[{"embeddable":true,"href":"https:\/\/gpl-love.com\/es\/wp-json\/wp\/v2\/media\/165890"}],"wp:attachment":[{"href":"https:\/\/gpl-love.com\/es\/wp-json\/wp\/v2\/media?parent=118373"}],"wp:term":[{"taxonomy":"product_brand","embeddable":true,"href":"https:\/\/gpl-love.com\/es\/wp-json\/wp\/v2\/product_brand?post=118373"},{"taxonomy":"product_cat","embeddable":true,"href":"https:\/\/gpl-love.com\/es\/wp-json\/wp\/v2\/product_cat?post=118373"},{"taxonomy":"product_tag","embeddable":true,"href":"https:\/\/gpl-love.com\/es\/wp-json\/wp\/v2\/product_tag?post=118373"}],"curies":[{"name":"wp","href":"https:\/\/api.w.org\/{rel}","templated":true}]}}