{"id":118371,"date":"2023-10-02T00:00:00","date_gmt":"2023-10-02T05:00:00","guid":{"rendered":"https:\/\/gpl-love.com\/es\/?post_type=product&#038;p=118371"},"modified":"2026-03-09T07:29:41","modified_gmt":"2026-03-09T12:29:41","slug":"easy-digital-downloads-social-login","status":"publish","type":"product","link":"https:\/\/gpl-love.com\/es\/producto\/easy-digital-downloads-social-login\/","title":{"rendered":"Easy Digital Downloads Social Login 2.5.6"},"content":{"rendered":"<h3>Easy Digital Downloads Social Login Caracteristicas<\/h3>\n<p>Easy Digital Descargas Social Login es un complemento muy conveniente y f\u00e1cil de usar que otorga a los clientes la capacidad de iniciar sesi\u00f3n sin esfuerzo en su sitio web f\u00e1cil de descargas digitales utilizando sus cuentas de redes sociales. Este complemento excepcional cuenta con una amplia compatibilidad con una amplia gama de redes sociales, incluidas, entre otros, Facebook, Twitter, Google, LinkedIn y muchos m\u00e1s. Al activar la funci\u00f3n de inicio de sesi\u00f3n social, tiene la notable oportunidad de mejorar significativamente los niveles de participaci\u00f3n del cliente y facilitar las experiencias de compra m\u00e1s suaves para su estimada clientela en su plataforma en l\u00ednea. Adem\u00e1s, este complemento tambi\u00e9n le presenta la invaluable capacidad para personalizar los botones de inicio de sesi\u00f3n seg\u00fan sus preferencias, facilitar el registro del usuario y capturar datos de manera eficiente, lo que le permite construir una lista de correo integral y obtener una comprensi\u00f3n profunda de sus clientes estimados. Al incorporar la notable funcionalidad de las descargas digitales f\u00e1ciles de inicio de sesi\u00f3n social en su sitio web, tiene la capacidad excepcional de ofrecer una experiencia de inicio de sesi\u00f3n impecablemente simplificada a sus valiosos clientes al tiempo que impulsa el crecimiento de su negocio a alturas sin precedentes.<\/p>\n<ul>\n<li>Aumentar las tasas de conversi\u00f3n permitiendo a los clientes iniciar sesi\u00f3n y completar las compras utilizando sus cuentas de redes sociales favoritas<\/li>\n<li>Admite una amplia variedad de proveedores de inicio de sesi\u00f3n social, incluidos Facebook, Twitter, Google, LinkedIn y m\u00e1s<\/li>\n<li>F\u00e1cil de instalar y configurar, con instrucciones paso a paso proporcionadas<\/li>\n<li>Totalmente personalizable para que coincida con la apariencia de su sitio web y la marca<\/li>\n<li>Importa autom\u00e1ticamente datos de clientes de cuentas de redes sociales, incluidos el nombre, el correo electr\u00f3nico y la foto de perfil<\/li>\n<li>Tambi\u00e9n admite el correo electr\u00f3nico tradicional y la contrase\u00f1a de inicio de sesi\u00f3n para los clientes que prefieren no usar inicios de sesi\u00f3n sociales<\/li>\n<li>Compatible con descargas digitales f\u00e1ciles y otros complementos de WordPress para una integraci\u00f3n perfecta<\/li>\n<li>Incluye funciones integrales de gesti\u00f3n de usuarios, incluida la creaci\u00f3n de la cuenta del cliente y la recuperaci\u00f3n de contrase\u00f1a<\/li>\n<li>Proporciona an\u00e1lisis detallados e informes sobre el comportamiento del cliente y los patrones de compra<\/li>\n<li>Ofrece soporte t\u00e9cnico continuo y actualizaciones para garantizar la compatibilidad con las \u00faltimas tecnolog\u00edas web.<\/li>\n<\/ul>\n","protected":false},"excerpt":{"rendered":"<p>Easy Digital Descargas Social Login es una herramienta altamente efectiva y valiosa para las empresas que desean elevar y aumentar la experiencia de compra de sus clientes a alturas incomparables. Este complemento notablemente innovador y de vanguardia facilita sin problemas y permite a los usuarios generar sin esfuerzo una cuenta e iniciar sesi\u00f3n sin esfuerzo utilizando sus plataformas de redes sociales favorecidas y preferidas, incluidas, entre otros, Facebook, Twitter y Google. Con su interfaz incre\u00edblemente intuitiva y f\u00e1cil de usar, los clientes y los consumidores pueden navegar f\u00e1cilmente y convenientemente al bot\u00f3n de redes sociales designados, autenticar de manera competente sus respectivas cuentas y comenzar r\u00e1pidamente su experiencia de compra perfecta y optimizada sin ning\u00fan obst\u00e1culo arduo. En consecuencia, la utilizaci\u00f3n de descargas digitales f\u00e1ciles de inicio de sesi\u00f3n social de manera invariable e inequ\u00edvoca amplifica e intensifica el absorci\u00f3n y la devoci\u00f3n de los clientes, al tiempo que mitigan y alivia los procedimientos pesados \u200b\u200by de consumo de tiempo asociados con los protocolos de relleno y registro de forma.<\/p>\n","protected":false},"featured_media":165887,"comment_status":"open","ping_status":"open","template":"","meta":[],"product_brand":[2427],"product_cat":[1207,1206,1431],"product_tag":[1280],"class_list":{"0":"post-118371","1":"product","2":"type-product","3":"status-publish","4":"has-post-thumbnail","6":"product_brand-easy-digital-downloads","7":"product_cat-comercio-electronico-plugins","8":"product_cat-plugins","9":"product_cat-social-comercio-electronico-plugins","10":"product_tag-easy-digital-downloads","11":"member-discount","12":"discount-restricted","14":"first","15":"instock","16":"sale","17":"downloadable","18":"virtual","19":"sold-individually","20":"purchasable","21":"product-type-simple"},"_links":{"self":[{"href":"https:\/\/gpl-love.com\/es\/wp-json\/wp\/v2\/product\/118371","targetHints":{"allow":["GET"]}}],"collection":[{"href":"https:\/\/gpl-love.com\/es\/wp-json\/wp\/v2\/product"}],"about":[{"href":"https:\/\/gpl-love.com\/es\/wp-json\/wp\/v2\/types\/product"}],"replies":[{"embeddable":true,"href":"https:\/\/gpl-love.com\/es\/wp-json\/wp\/v2\/comments?post=118371"}],"wp:featuredmedia":[{"embeddable":true,"href":"https:\/\/gpl-love.com\/es\/wp-json\/wp\/v2\/media\/165887"}],"wp:attachment":[{"href":"https:\/\/gpl-love.com\/es\/wp-json\/wp\/v2\/media?parent=118371"}],"wp:term":[{"taxonomy":"product_brand","embeddable":true,"href":"https:\/\/gpl-love.com\/es\/wp-json\/wp\/v2\/product_brand?post=118371"},{"taxonomy":"product_cat","embeddable":true,"href":"https:\/\/gpl-love.com\/es\/wp-json\/wp\/v2\/product_cat?post=118371"},{"taxonomy":"product_tag","embeddable":true,"href":"https:\/\/gpl-love.com\/es\/wp-json\/wp\/v2\/product_tag?post=118371"}],"curies":[{"name":"wp","href":"https:\/\/api.w.org\/{rel}","templated":true}]}}