{"id":118369,"date":"2021-02-09T00:00:00","date_gmt":"2021-02-09T05:00:00","guid":{"rendered":"https:\/\/gpl-love.com\/es\/producto\/easy-digital-downloads-social-discounts\/"},"modified":"2026-03-09T07:29:39","modified_gmt":"2026-03-09T12:29:39","slug":"easy-digital-downloads-social-discounts","status":"publish","type":"product","link":"https:\/\/gpl-love.com\/es\/producto\/easy-digital-downloads-social-discounts\/","title":{"rendered":"Easy Digital Downloads Social Discounts 2.0.5"},"content":{"rendered":"<h3>Easy Digital Downloads Social Discounts Caracteristicas<\/h3>\n<p>Easy Digital Descargas Social Discounts es un complemento notablemente robusto y potente que le brinda la capacidad impecable de ofrecer a sus valiosos clientes descuentos exclusivos como una forma de reciprocidad para su participaci\u00f3n en las redes sociales. Este complemento extraordinario le permite dise\u00f1ar e implementar sin esfuerzo campa\u00f1as de redes sociales elaboradas que motiven efectivamente a sus estimados clientes a compartir activamente su contenido cautivador en sus plataformas de redes sociales multifac\u00e9ticas y diversas, catapultando as\u00ed efectivamente su alcance a un p\u00fablico tremendamente expansivo y diverso al mismo tiempo. El reconocimiento de su marca y el establecimiento de una identidad de marca profunda y formidable. Adem\u00e1s, este complemento ha sido meticulosamente dise\u00f1ado y dise\u00f1ado para facilitar un proceso de configuraci\u00f3n sin esfuerzo y sin problemas que sea altamente intuitivo, y le permite adaptar y personalizar meticulosamente todos los aspectos de sus campa\u00f1as de redes sociales para garantizar que se alineen con su negocio \u00fanico y espec\u00edfico. metas y objetivos. Adem\u00e1s, este complemento cuenta con una impresionante gama de caracter\u00edsticas altamente sofisticadas y avanzadas, que incluyen, entre otros, la incorporaci\u00f3n de c\u00f3digos de descuento personalizados, la difusi\u00f3n autom\u00e1tica de notificaciones por correo electr\u00f3nico y la provisi\u00f3n de informes y an\u00e1lisis incre\u00edblemente completos y detallados, que le permiten a Analice y analice meticulosamente la eficacia y el impacto de sus campa\u00f1as de redes sociales en t\u00e9rminos de generar resultados tangibles y cuantificables. En esencia, ya sea que su objetivo principal es aumentar y expandir sus redes sociales existentes seguidos o amplificar y aumentar significativamente su volumen general de ventas, la inclusi\u00f3n indispensable de descargas digitales f\u00e1ciles de descuentos sociales dentro de su arsenal de herramientas digitales indispensables es un imperativo absoluto y un Necesidad inequ\u00edvoca para todos y cada uno de los negocios de comercio electr\u00f3nico que se esfuerzan por prosperar y florecer en el panorama empresarial altamente competitivo y de garganta.<\/p>\n<ul>\n<li>Permite a los clientes obtener descuentos en la tienda al compartir sus productos en plataformas de redes sociales como Facebook, Twitter, LinkedIn y Pinterest<\/li>\n<li>Proporciona una forma simple y sin problemas de incentivar a los clientes a compartir sus productos y promocionar su marca en los canales de redes sociales.<\/li>\n<li>Se integra a la perfecci\u00f3n con descargas digitales f\u00e1ciles, una de las plataformas de comercio electr\u00f3nico m\u00e1s populares y amigables para los usuarios<\/li>\n<li>Permite la personalizaci\u00f3n de la configuraci\u00f3n de descuento social, incluida la cantidad de acciones requeridas para un descuento, un monto de descuento y redes sociales utilizadas para compartir<\/li>\n<li>Rastrea las acciones de las redes sociales y aplica autom\u00e1ticamente el c\u00f3digo de descuento correspondiente una vez que se cumple el umbral<\/li>\n<li>Le permite realizar un seguimiento del \u00e9xito de los descuentos sociales a trav\u00e9s de an\u00e1lisis e informes en tiempo real<\/li>\n<li>Puede aumentar la participaci\u00f3n y la lealtad del cliente mientras aumenta el conocimiento y las ventas de la marca<\/li>\n<\/ul>\n","protected":false},"excerpt":{"rendered":"<p>Easy Digital Descargas sociales descuentos es un complemento muy \u00fatil y eficiente que le brinda la capacidad de otorgar descuentos a sus clientes estimados en caso de que decidan compartir sus productos incre\u00edblemente innovadores y notables en varios, populares y bien populares y bien Plataformas de redes sociales conocidas, como Facebook, Twitter y LinkedIn, entre otras. Esta caracter\u00edstica ingeniosa e innovadora act\u00faa como una herramienta poderosa para alentar y motivar a sus clientes y clientes leales a participar activamente en el acto de compartir sus productos asombrosamente notables e impresionantes con sus estimados amigos y familiares, permitiendo y facilitando la propagaci\u00f3n y la propagaci\u00f3n. Difusi\u00f3n de su marca altamente estimada y bien considerada en todo el vasto y extenso panorama de las redes sociales, que, en consecuencia, ayuda y ayuda en la generaci\u00f3n de un volumen de tr\u00e1fico aumentado y amplificado a su sitio web altamente impresionante e incre\u00edblemente bien construido. Adem\u00e1s, el complemento de descuentos sociales de descargas digitales f\u00e1ciles de descarga le permite y le permite la capacidad y la capacidad de ajustar y modificar la cantidad de descuento a un nivel que se adapte a sus preferencias y requisitos individuales, as\u00ed como crear y crear un mensaje personalizado y personalizado que ser\u00e1 Compartido en las diversas plataformas de redes sociales, adem\u00e1s de elegir y seleccionar las plataformas de redes sociales espec\u00edficas que desea extender y ofrecer esta oportunidad de descuento exclusiva y \u00fanica.<\/p>\n","protected":false},"featured_media":165886,"comment_status":"open","ping_status":"open","template":"","meta":[],"product_brand":[2427],"product_cat":[1207,1206,1431],"product_tag":[1280],"class_list":{"0":"post-118369","1":"product","2":"type-product","3":"status-publish","4":"has-post-thumbnail","6":"product_brand-easy-digital-downloads","7":"product_cat-comercio-electronico-plugins","8":"product_cat-plugins","9":"product_cat-social-comercio-electronico-plugins","10":"product_tag-easy-digital-downloads","11":"member-discount","12":"discount-restricted","14":"first","15":"instock","16":"sale","17":"downloadable","18":"virtual","19":"sold-individually","20":"purchasable","21":"product-type-simple"},"_links":{"self":[{"href":"https:\/\/gpl-love.com\/es\/wp-json\/wp\/v2\/product\/118369","targetHints":{"allow":["GET"]}}],"collection":[{"href":"https:\/\/gpl-love.com\/es\/wp-json\/wp\/v2\/product"}],"about":[{"href":"https:\/\/gpl-love.com\/es\/wp-json\/wp\/v2\/types\/product"}],"replies":[{"embeddable":true,"href":"https:\/\/gpl-love.com\/es\/wp-json\/wp\/v2\/comments?post=118369"}],"wp:featuredmedia":[{"embeddable":true,"href":"https:\/\/gpl-love.com\/es\/wp-json\/wp\/v2\/media\/165886"}],"wp:attachment":[{"href":"https:\/\/gpl-love.com\/es\/wp-json\/wp\/v2\/media?parent=118369"}],"wp:term":[{"taxonomy":"product_brand","embeddable":true,"href":"https:\/\/gpl-love.com\/es\/wp-json\/wp\/v2\/product_brand?post=118369"},{"taxonomy":"product_cat","embeddable":true,"href":"https:\/\/gpl-love.com\/es\/wp-json\/wp\/v2\/product_cat?post=118369"},{"taxonomy":"product_tag","embeddable":true,"href":"https:\/\/gpl-love.com\/es\/wp-json\/wp\/v2\/product_tag?post=118369"}],"curies":[{"name":"wp","href":"https:\/\/api.w.org\/{rel}","templated":true}]}}