{"id":118367,"date":"2025-11-06T00:00:00","date_gmt":"2025-11-06T05:00:00","guid":{"rendered":"https:\/\/gpl-love.com\/es\/producto\/easy-digital-downloads-slack\/"},"modified":"2026-03-09T07:29:37","modified_gmt":"2026-03-09T12:29:37","slug":"easy-digital-downloads-slack","status":"publish","type":"product","link":"https:\/\/gpl-love.com\/es\/producto\/easy-digital-downloads-slack\/","title":{"rendered":"Easy Digital Downloads Slack 1.2.0"},"content":{"rendered":"<h3>Easy Digital Downloads Slack Caracteristicas<\/h3>\n<p>Easy Digital Descargas Slack es un producto innovador que tiene como objetivo mejorar y optimizar los intrincados procedimientos asociados con la gesti\u00f3n de las descargas digitales. Al integrar a la perfecci\u00f3n descargas digitales f\u00e1ciles con la plataforma din\u00e1mica que es holgada, esta herramienta garantiza que la comunicaci\u00f3n entre los miembros del equipo sea simplificada y altamente productiva. Con la ayuda de este notable producto, los usuarios est\u00e1n facultados para recibir sin esfuerzo notificaciones importantes, mantenerse al d\u00eda con todas las actualizaciones relevantes y responder r\u00e1pidamente a alertas cr\u00edticas relacionadas con sus descargas digitales, todo dentro de los convenientes confines de Slack. Las capacidades transformadoras de las descargas digitales f\u00e1ciles se extienden m\u00e1s all\u00e1 de la mera facilitaci\u00f3n de la comunicaci\u00f3n, ya que tambi\u00e9n faculta a los usuarios administrar eficientemente sus productos digitales, manejar eficientemente las consultas de los clientes y mantener sin esfuerzo un flujo de trabajo armonioso y eficiente. Teniendo en cuenta todas estas caracter\u00edsticas notables, se hace extremadamente evidente que este producto incomparable es la soluci\u00f3n por excelencia para aquellos que buscan elevar y optimizar sus sistemas de gesti\u00f3n de descarga digital al aprovechar el inmenso poder de una plataforma de comunicaci\u00f3n verdaderamente eficiente como Slack.<\/p>\n<ul>\n<li>Integra sin problemas descargas digitales f\u00e1ciles en Slack<\/li>\n<li>Recibir instant\u00e1neamente notificaciones de ventas y descargas directamente en Slack<\/li>\n<li>Aumenta la productividad del equipo eliminando la necesidad de verificar manualmente las ventas y descargar datos<\/li>\n<li>Notificaciones personalizables para satisfacer las necesidades de su equipo<\/li>\n<li>Permite acciones r\u00e1pidas como reembolsar o cancelar pedidos directamente desde Slack<\/li>\n<li>Mejora la comunicaci\u00f3n y la colaboraci\u00f3n entre los miembros del equipo al centralizar las ventas y descargar datos en un canal.<\/li>\n<\/ul>\n","protected":false},"excerpt":{"rendered":"<p>La integraci\u00f3n de las descargas digitales f\u00e1ciles es una herramienta incre\u00edblemente robusta y efectiva que le permite fusionar sin esfuerzo su tienda de descargas digitales f\u00e1ciles con su cuenta de Slack. A trav\u00e9s de la utilizaci\u00f3n de esta integraci\u00f3n perfecta, se le otorga la capacidad de recibir notificaciones instant\u00e1neas en su canal Slack relacionados con las ventas que ocurren dentro de su tienda, la adquisici\u00f3n de nuevos clientes y la descarga de productos. Al incorporar esta invaluable herramienta en sus operaciones, tiene la oportunidad de permanecer informado de manera efectiva sobre las diversas transacciones e interacciones que se producen dentro de su negocio, todo sin la necesidad constante de inspeccionar manualmente su tablero EDD. Con la implementaci\u00f3n de la integraci\u00f3n f\u00e1cil de descargas digitales, se le presenta la posibilidad de dedicar una mayor atenci\u00f3n a la expansi\u00f3n y el desarrollo de su empresa, en lugar de desperdiciar un tiempo valioso en el monitoreo incesante de su tablero. \u00a1No pierda el tiempo y se embarque en este viaje transformador hoy, optimizando y racionalizando las notificaciones que emanan de su tienda!<\/p>\n","protected":false},"featured_media":165885,"comment_status":"open","ping_status":"open","template":"","meta":[],"product_brand":[2427],"product_cat":[1207,1248,1206],"product_tag":[1280],"class_list":{"0":"post-118367","1":"product","2":"type-product","3":"status-publish","4":"has-post-thumbnail","6":"product_brand-easy-digital-downloads","7":"product_cat-comercio-electronico-plugins","8":"product_cat-personalizacion-comercio-electronico-plugins","9":"product_cat-plugins","10":"product_tag-easy-digital-downloads","11":"member-discount","12":"discount-restricted","14":"first","15":"instock","16":"sale","17":"downloadable","18":"virtual","19":"sold-individually","20":"purchasable","21":"product-type-simple"},"_links":{"self":[{"href":"https:\/\/gpl-love.com\/es\/wp-json\/wp\/v2\/product\/118367","targetHints":{"allow":["GET"]}}],"collection":[{"href":"https:\/\/gpl-love.com\/es\/wp-json\/wp\/v2\/product"}],"about":[{"href":"https:\/\/gpl-love.com\/es\/wp-json\/wp\/v2\/types\/product"}],"replies":[{"embeddable":true,"href":"https:\/\/gpl-love.com\/es\/wp-json\/wp\/v2\/comments?post=118367"}],"wp:featuredmedia":[{"embeddable":true,"href":"https:\/\/gpl-love.com\/es\/wp-json\/wp\/v2\/media\/165885"}],"wp:attachment":[{"href":"https:\/\/gpl-love.com\/es\/wp-json\/wp\/v2\/media?parent=118367"}],"wp:term":[{"taxonomy":"product_brand","embeddable":true,"href":"https:\/\/gpl-love.com\/es\/wp-json\/wp\/v2\/product_brand?post=118367"},{"taxonomy":"product_cat","embeddable":true,"href":"https:\/\/gpl-love.com\/es\/wp-json\/wp\/v2\/product_cat?post=118367"},{"taxonomy":"product_tag","embeddable":true,"href":"https:\/\/gpl-love.com\/es\/wp-json\/wp\/v2\/product_tag?post=118367"}],"curies":[{"name":"wp","href":"https:\/\/api.w.org\/{rel}","templated":true}]}}