{"id":118365,"date":"2021-10-22T00:00:00","date_gmt":"2021-10-22T05:00:00","guid":{"rendered":"https:\/\/gpl-love.com\/es\/?post_type=product&#038;p=118365"},"modified":"2026-03-09T07:29:32","modified_gmt":"2026-03-09T12:29:32","slug":"easy-digital-downloads-resend-receipt","status":"publish","type":"product","link":"https:\/\/gpl-love.com\/es\/producto\/easy-digital-downloads-resend-receipt\/","title":{"rendered":"Easy Digital Downloads Resend Receipt 1.0.2"},"content":{"rendered":"<h3>Easy Digital Downloads Resend Receipt Caracteristicas<\/h3>\n<p>Easy Digital Downloads Reense Recibe es una soluci\u00f3n notablemente sin esfuerzo que otorga a los clientes la capacidad de recuperar sus recibos de compra cuando lo deseen. Este complemento, un componente complementario de descargas digitales f\u00e1ciles, optimiza efectivamente el intrincado proceso de recuperaci\u00f3n de recibo enviando r\u00e1pidamente un correo electr\u00f3nico al cliente, repleto de un enlace conveniente que conduce directamente a su recepci\u00f3n deseada. En consecuencia, esto elimina la onerosa tarea de recorrer innumerables correos electr\u00f3nicos o comunicarse con el vendedor en busca de una copia del recibo. Adem\u00e1s, la funci\u00f3n de recibo de Reengio, que cuenta con un sorprendente grado de personalizaci\u00f3n, permite a los vendedores infundir su identidad de marca distintiva al incorporar su logotipo y un mensaje personalizado dentro del correo electr\u00f3nico. Sin duda, esta herramienta invaluable sirve como un verdadero regalo del cielo tanto para los vendedores como para los compradores, ya que no solo ahorra un tiempo y esfuerzo sustanciales, sino que tambi\u00e9n garantiza que todos los registros de compras cruciales sigan siendo accesibles sin esfuerzo a perpetuidad.<\/p>\n<ul>\n<li>Reenviar los recibos a los clientes con facilidad<\/li>\n<li>Reducir las consultas de servicio al cliente sobre los recibos perdidos<\/li>\n<li>Personalice la plantilla de correo electr\u00f3nico de reenv\u00edo para que coincida con su marca<\/li>\n<li>Vea un registro de todos los intentos de reinicio exitosos y no exitosos<\/li>\n<li>Elija qu\u00e9 productos son elegibles para los recibos de reenv\u00edo<\/li>\n<li>Establezca un l\u00edmite de reenv\u00edo para prevenir el abuso<\/li>\n<li>Aumentar la satisfacci\u00f3n del cliente al proporcionar un proceso de recuperaci\u00f3n de recibos sin problemas<\/li>\n<li>Compatible con descargas digitales f\u00e1ciles y otras plataformas de comercio electr\u00f3nico<\/li>\n<li>Aumente sus ventas asegurando que los clientes tengan acceso a sus recibos.<\/li>\n<\/ul>\n","protected":false},"excerpt":{"rendered":"<p>El complemento Easy Digital Downloads Reense recibe ofrece una soluci\u00f3n simple y eficiente para reiniciar los recibos a sus valiosos clientes. Al utilizar este complemento, puede recuperar sin esfuerzo el recibo inicial y distribuirlo una vez m\u00e1s con solo unos pocos clics directos. Esta caracter\u00edstica conveniente no solo le ahorra tiempo valioso y minimiza cualquier posible inconveniente, sino que tambi\u00e9n garantiza que a sus clientes se les otorgue un acceso conveniente a la informaci\u00f3n vital que requieren. Adem\u00e1s, el complemento le otorga la capacidad de personalizar el mensaje adjunto que acompa\u00f1a al recibo, lo que le permite proporcionar detalles complementarios o incluso promover ofertas adicionales a su estimada clientela. Al incorporar el complemento de recibo de Reinicias Digitales f\u00e1ciles en sus operaciones, est\u00e1 simplificando efectivamente sus protocolos de servicio al cliente y reforzando su rendimiento general de ventas.<\/p>\n","protected":false},"featured_media":165881,"comment_status":"open","ping_status":"open","template":"","meta":[],"product_brand":[2427],"product_cat":[1208,1207,1206],"product_tag":[1280],"class_list":{"0":"post-118365","1":"product","2":"type-product","3":"status-publish","4":"has-post-thumbnail","6":"product_brand-easy-digital-downloads","7":"product_cat-administracion","8":"product_cat-comercio-electronico-plugins","9":"product_cat-plugins","10":"product_tag-easy-digital-downloads","11":"member-discount","12":"discount-restricted","14":"first","15":"instock","16":"sale","17":"downloadable","18":"virtual","19":"sold-individually","20":"purchasable","21":"product-type-simple"},"_links":{"self":[{"href":"https:\/\/gpl-love.com\/es\/wp-json\/wp\/v2\/product\/118365","targetHints":{"allow":["GET"]}}],"collection":[{"href":"https:\/\/gpl-love.com\/es\/wp-json\/wp\/v2\/product"}],"about":[{"href":"https:\/\/gpl-love.com\/es\/wp-json\/wp\/v2\/types\/product"}],"replies":[{"embeddable":true,"href":"https:\/\/gpl-love.com\/es\/wp-json\/wp\/v2\/comments?post=118365"}],"wp:featuredmedia":[{"embeddable":true,"href":"https:\/\/gpl-love.com\/es\/wp-json\/wp\/v2\/media\/165881"}],"wp:attachment":[{"href":"https:\/\/gpl-love.com\/es\/wp-json\/wp\/v2\/media?parent=118365"}],"wp:term":[{"taxonomy":"product_brand","embeddable":true,"href":"https:\/\/gpl-love.com\/es\/wp-json\/wp\/v2\/product_brand?post=118365"},{"taxonomy":"product_cat","embeddable":true,"href":"https:\/\/gpl-love.com\/es\/wp-json\/wp\/v2\/product_cat?post=118365"},{"taxonomy":"product_tag","embeddable":true,"href":"https:\/\/gpl-love.com\/es\/wp-json\/wp\/v2\/product_tag?post=118365"}],"curies":[{"name":"wp","href":"https:\/\/api.w.org\/{rel}","templated":true}]}}