{"id":118363,"date":"2021-10-22T00:00:00","date_gmt":"2021-10-22T05:00:00","guid":{"rendered":"https:\/\/gpl-love.com\/es\/?post_type=product&#038;p=118363"},"modified":"2026-03-09T07:29:29","modified_gmt":"2026-03-09T12:29:29","slug":"easy-digital-downloads-points-y-rewards","status":"publish","type":"product","link":"https:\/\/gpl-love.com\/es\/producto\/easy-digital-downloads-points-y-rewards\/","title":{"rendered":"Easy Digital Downloads Points y Rewards 2.1.11"},"content":{"rendered":"<h3>Easy Digital Downloads Points y Rewards Caracteristicas<\/h3>\n<p>Easy Digital Downloads Points and Rewards es un complemento excepcionalmente innovador e innovador que ha sido meticulosamente dise\u00f1ado y dise\u00f1ado con el prop\u00f3sito expl\u00edcito de mejorar y elevar en gran medida el programa de lealtad de su estimada tienda en l\u00ednea. Este complemento extraordinario le otorga la extraordinaria capacidad de recompensar generosamente a sus clientes altamente valorados y apreciados con una gran cantidad de puntos valiosos para emprender acciones espec\u00edficas y notables que indudablemente contribuyen al crecimiento y el \u00e9xito pr\u00f3speros de su negocio, como hacer una compra, dejar una compra. Una revisi\u00f3n altamente favorable y encomiable, o incluso participando en el acto encomiable de derivar a un amigo querido y confiable a su estimada tienda en l\u00ednea. Estos puntos incre\u00edblemente valiosos y extraordinarios, una vez obtenidos, pueden canjearse posteriormente y juiciosamente por una amplia gama de recompensas y beneficios altamente codiciados y buscados, incluidos, pero no necesariamente limitados a descuentos sustanciales u otras recompensas altamente atractivas y atractivas que seguramente se pueden cautivan y cautivan a sus estimados clientes, actuando as\u00ed como un incentivo poderoso y convincente que los alienta y motiva a continuar su patrocinio altamente valorado y apreciado y lealtad inquebrantable a su estimada tienda en l\u00ednea. Adem\u00e1s, este complemento verdaderamente notable y excepcional tambi\u00e9n cuenta con usted y le confiere una amplia gama de herramientas de gesti\u00f3n y informes altamente completos y exhaustivos que han sido meticulosamente incorporados e integrados sin problemas dentro de su estimado marco, lo que lo hace sin esfuerzo y notablemente sin esfuerzo para que usted se Rastree y monitoree meticulosamente el progreso y el desarrollo de los puntos de los clientes y las recompensas a lo largo de la vida \u00fatil y la trayectoria de su estimada tienda en l\u00ednea. Adem\u00e1s, este complemento verdaderamente notable y excepcional le brinda la oportunidad \u00fanica de establecer y establecer h\u00e1bilmente reglas y condiciones personalizadas y personalizadas que se alineen con precisi\u00f3n y precisamente con las necesidades y requisitos espec\u00edficos y meticulosos de su estimada tienda en l\u00ednea, empoderando y empoderando y empoderando y empoderando permiti\u00e9ndole ejercer el control e influencia de eficacia y eficiente sobre el funcionamiento y el funcionamiento general de su programa de fidelizaci\u00f3n, asegurando su m\u00e1xima eficiencia y efectividad en todo momento. En conclusi\u00f3n, es inequ\u00edvocamente claro y evidente que las descargas digitales f\u00e1ciles de descarga digital y las recompensas representan indudablemente una herramienta inmensamente potente y formidable que es absolutamente indispensable para todos y cada una de las empresas de comercio electr\u00f3nico exigente y astuto que est\u00e1 firmemente comprometida y dedicada a mejorar y elevar la Niveles de lealtad y compromiso del cliente, impulsando y propicio impulsando el notable crecimiento y \u00e9xito de su negocio a alturas nuevas y sin precedentes.<\/p>\n<ul>\n<li>Puntos y complemento de recompensas para la popular plataforma de comercio electr\u00f3nico de descargas digitales f\u00e1ciles<\/li>\n<li>Le permite recompensar a los clientes con puntos por comprar productos<\/li>\n<li>Los puntos se pueden canjear por descuentos en compras futuras<\/li>\n<li>Personalizar la cantidad de puntos otorgados por d\u00f3lar gastado<\/li>\n<li>Opci\u00f3n para establecer fechas de vencimiento para puntos<\/li>\n<li>Los clientes pueden ver su saldo de puntos e historial en el tablero de su cuenta<\/li>\n<li>F\u00e1cil de instalar y configurar<\/li>\n<li>Puede ayudar a aumentar el compromiso y la lealtad del cliente<\/li>\n<li>Compatible con una variedad de pasarelas de pago<\/li>\n<li>Puede integrarse con otros complementos de EDD para obtener a\u00fan m\u00e1s funcionalidad<\/li>\n<li>Ofrece una forma \u00fanica de incentivar y recompensar a sus clientes.<\/li>\n<\/ul>\n","protected":false},"excerpt":{"rendered":"<p>El complemento f\u00e1cil de descargas digitales y recompensas es un programa de lealtad incre\u00edblemente efectivo y eficiente meticulosamente dise\u00f1ado para expresar gratitud hacia sus estimados clientes por su inquebrantable compromiso y lealtad. Esta herramienta notable y formidable le faculta ingeniosamente elaborar y personalizar recompensas \u00fanicas que sirven como motivadores potentes para impulsar acciones deseables de sus clientes, incluidas, entre otros, realizar compras o proporcionar revisiones invaluables. A medida que sus clientes se involucren con sus ofertas, gradualmente acumular\u00e1n una impresionante cuenta de puntos que posteriormente se puede canjear para una exquisita variedad de recompensas, que abarca cualquier cosa, desde descuentos tentadores hasta el privilegio de adquirir productos exclusivos y esquivos. Al integrar sin problemas los puntos y el complemento de recompensas en su modelo de negocio, est\u00e1 listo para revolucionar las interacciones de sus clientes, encender un sentido ferviente de lealtad y devoci\u00f3n, y finalmente presenciar un aumento sin precedentes en sus cifras de ventas.<\/p>\n","protected":false},"featured_media":165878,"comment_status":"open","ping_status":"open","template":"","meta":[],"product_brand":[2427],"product_cat":[1207,1225,1206],"product_tag":[1280],"class_list":{"0":"post-118363","1":"product","2":"type-product","3":"status-publish","4":"has-post-thumbnail","6":"product_brand-easy-digital-downloads","7":"product_cat-comercio-electronico-plugins","8":"product_cat-marketing","9":"product_cat-plugins","10":"product_tag-easy-digital-downloads","11":"member-discount","12":"discount-restricted","14":"first","15":"instock","16":"sale","17":"downloadable","18":"virtual","19":"sold-individually","20":"purchasable","21":"product-type-simple"},"_links":{"self":[{"href":"https:\/\/gpl-love.com\/es\/wp-json\/wp\/v2\/product\/118363","targetHints":{"allow":["GET"]}}],"collection":[{"href":"https:\/\/gpl-love.com\/es\/wp-json\/wp\/v2\/product"}],"about":[{"href":"https:\/\/gpl-love.com\/es\/wp-json\/wp\/v2\/types\/product"}],"replies":[{"embeddable":true,"href":"https:\/\/gpl-love.com\/es\/wp-json\/wp\/v2\/comments?post=118363"}],"wp:featuredmedia":[{"embeddable":true,"href":"https:\/\/gpl-love.com\/es\/wp-json\/wp\/v2\/media\/165878"}],"wp:attachment":[{"href":"https:\/\/gpl-love.com\/es\/wp-json\/wp\/v2\/media?parent=118363"}],"wp:term":[{"taxonomy":"product_brand","embeddable":true,"href":"https:\/\/gpl-love.com\/es\/wp-json\/wp\/v2\/product_brand?post=118363"},{"taxonomy":"product_cat","embeddable":true,"href":"https:\/\/gpl-love.com\/es\/wp-json\/wp\/v2\/product_cat?post=118363"},{"taxonomy":"product_tag","embeddable":true,"href":"https:\/\/gpl-love.com\/es\/wp-json\/wp\/v2\/product_tag?post=118363"}],"curies":[{"name":"wp","href":"https:\/\/api.w.org\/{rel}","templated":true}]}}