{"id":118361,"date":"2024-11-29T00:00:00","date_gmt":"2024-11-29T05:00:00","guid":{"rendered":"https:\/\/gpl-love.com\/es\/producto\/easy-digital-downloads-per-product-emails\/"},"modified":"2026-03-09T07:29:26","modified_gmt":"2026-03-09T12:29:26","slug":"easy-digital-downloads-per-product-emails","status":"publish","type":"product","link":"https:\/\/gpl-love.com\/es\/producto\/easy-digital-downloads-per-product-emails\/","title":{"rendered":"Easy Digital Downloads Per Product Emails 2.0.1"},"content":{"rendered":"<h3>Easy Digital Downloads Per Product Emails Caracteristicas<\/h3>\n<p>Easy Digital Descargas por correo electr\u00f3nico de productos es una herramienta notablemente robusta e influyente dise\u00f1ada espec\u00edficamente para comerciantes en l\u00ednea que utilizan la plataforma f\u00e1cil de descargas digitales. Este ingenioso complemento faculta a los comerciantes para dise\u00f1ar campa\u00f1as de correo electr\u00f3nico automatizadas y sin esfuerzo atendidas a cada producto individual ubicado dentro de su tienda en l\u00ednea. En particular, este complemento otorga a los comerciantes la notable capacidad de personalizar meticulosamente las plantillas de correo electr\u00f3nico, atacar y apelar meticulosamente a grupos de clientes espec\u00edficos y monitorear y evaluar escrupulosamente las tasas de participaci\u00f3n del correo electr\u00f3nico. En consecuencia, los comerciantes pueden establecer y fomentar sin problemas una conexi\u00f3n profunda y significativa con su estimada base de clientes, elevando as\u00ed sus interacciones a un nivel de personalizaci\u00f3n sin precedentes. Al integrar ingeniosamente este ingenioso complemento en su arsenal, los comerciantes pueden reforzar de manera efectiva y eficiente la participaci\u00f3n del cliente y aumentar exponencialmente las ventas, todo mientras optimizan de manera amplia y sin esfuerzo sus esfuerzos de marketing por correo electr\u00f3nico. Cuando se ve de manera integral, se hace innegablemente evidente que las descargas digitales f\u00e1ciles por correos electr\u00f3nicos de productos son una inversi\u00f3n absolutamente indispensable y astuta para cualquier comerciante exigente que busque revolucionar y mejorar su estrategia actual de marketing por correo electr\u00f3nico.<\/p>\n<ul>\n<li>Env\u00eda correos electr\u00f3nicos personalizados a los clientes para cada producto comprado<\/li>\n<li>Funciona sin problemas con el complemento de descargas digitales f\u00e1ciles<\/li>\n<li>Proporciona un toque profesional y personalizado a la comunicaci\u00f3n del cliente<\/li>\n<li>Puede incluir informaci\u00f3n del producto, detalles de compra y ofertas o promociones especiales.<\/li>\n<li>Ahorra tiempo automatizando el proceso de correo electr\u00f3nico<\/li>\n<li>Mejora la satisfacci\u00f3n del cliente al proporcionar informaci\u00f3n relevante y oportuna<\/li>\n<li>Se puede personalizar con su propio estilo de marca y escritura<\/li>\n<li>Ayuda a aumentar las ventas promocionando productos o ventas generales en el correo electr\u00f3nico<\/li>\n<li>Permite la segmentaci\u00f3n de clientes en funci\u00f3n de su historial de compras para el marketing dirigido<\/li>\n<li>Proporciona informaci\u00f3n sobre el comportamiento y las preferencias del cliente en funci\u00f3n de su respuesta a los correos electr\u00f3nicos.<\/li>\n<\/ul>\n","protected":false},"excerpt":{"rendered":"<p>Easy Digital Descargas por correo electr\u00f3nico del producto es un complemento incre\u00edblemente robusto y f\u00e1cil de usar que le otorga la capacidad de enviar correos electr\u00f3nicos excepcionalmente personalizados y personalizados a sus estimados clientes, todos basados \u200b\u200ben los productos que han comprado diligentemente. Al utilizar este complemento extraordinario, puede crear plantillas de correo electr\u00f3nico extraordinarias, cada una personalizada de manera distintiva para cada producto en su extenso repertorio. Adem\u00e1s, posee la capacidad de incorporar sin esfuerzo im\u00e1genes e hiperv\u00ednculos en sus correos electr\u00f3nicos, mejorando y elevando a\u00fan m\u00e1s el atractivo visual general. Adem\u00e1s, incluso puede incluir contenido din\u00e1mico que est\u00e1 intrincadamente entrelazado con el historial de compras espec\u00edfico de cada cliente individual. Ya sea que su objetivo principal es ofrecerles gangas exclusivas y descuentos irresistibles, proporcionarles un soporte incomparable y actualizaciones de productos indispensables, o simplemente expresar su m\u00e1s sincero gratitud por su inquebrantable patrocinio, mantenga la seguridad de que las descargas digitales f\u00e1ciles de ser de los correos electr\u00f3nicos de productos facilitar\u00e1n y facilitar\u00e1n sin costura y facilitar\u00e1n sin costura y facilitar\u00e1n sin costura y facilitar\u00e1n sin costura y facilitar\u00e1n sin costura, facilitar\u00e1n y se facilitar\u00e1n sin costura. Alace sus esfuerzos de comunicaci\u00f3n, lo que le permite fomentar y cultivar relaciones excepcionalmente fuertes y mutuamente beneficiosas con sus estimados clientes.<\/p>\n","protected":false},"featured_media":165876,"comment_status":"open","ping_status":"open","template":"","meta":[],"product_brand":[2427],"product_cat":[1207,1248,1206],"product_tag":[1280],"class_list":{"0":"post-118361","1":"product","2":"type-product","3":"status-publish","4":"has-post-thumbnail","6":"product_brand-easy-digital-downloads","7":"product_cat-comercio-electronico-plugins","8":"product_cat-personalizacion-comercio-electronico-plugins","9":"product_cat-plugins","10":"product_tag-easy-digital-downloads","11":"member-discount","12":"discount-restricted","14":"first","15":"instock","16":"sale","17":"downloadable","18":"virtual","19":"sold-individually","20":"purchasable","21":"product-type-simple"},"_links":{"self":[{"href":"https:\/\/gpl-love.com\/es\/wp-json\/wp\/v2\/product\/118361","targetHints":{"allow":["GET"]}}],"collection":[{"href":"https:\/\/gpl-love.com\/es\/wp-json\/wp\/v2\/product"}],"about":[{"href":"https:\/\/gpl-love.com\/es\/wp-json\/wp\/v2\/types\/product"}],"replies":[{"embeddable":true,"href":"https:\/\/gpl-love.com\/es\/wp-json\/wp\/v2\/comments?post=118361"}],"wp:featuredmedia":[{"embeddable":true,"href":"https:\/\/gpl-love.com\/es\/wp-json\/wp\/v2\/media\/165876"}],"wp:attachment":[{"href":"https:\/\/gpl-love.com\/es\/wp-json\/wp\/v2\/media?parent=118361"}],"wp:term":[{"taxonomy":"product_brand","embeddable":true,"href":"https:\/\/gpl-love.com\/es\/wp-json\/wp\/v2\/product_brand?post=118361"},{"taxonomy":"product_cat","embeddable":true,"href":"https:\/\/gpl-love.com\/es\/wp-json\/wp\/v2\/product_cat?post=118361"},{"taxonomy":"product_tag","embeddable":true,"href":"https:\/\/gpl-love.com\/es\/wp-json\/wp\/v2\/product_tag?post=118361"}],"curies":[{"name":"wp","href":"https:\/\/api.w.org\/{rel}","templated":true}]}}