{"id":118359,"date":"2021-10-22T00:00:00","date_gmt":"2021-10-22T05:00:00","guid":{"rendered":"https:\/\/gpl-love.com\/es\/?post_type=product&#038;p=118359"},"modified":"2026-03-09T07:29:25","modified_gmt":"2026-03-09T12:29:25","slug":"easy-digital-downloads-pdf-vouchers","status":"publish","type":"product","link":"https:\/\/gpl-love.com\/es\/producto\/easy-digital-downloads-pdf-vouchers\/","title":{"rendered":"Easy Digital Downloads PDF Vouchers 2.1.3"},"content":{"rendered":"<h3>Easy Digital Downloads PDF Vouchers Caracteristicas<\/h3>\n<p>Easy Digital Descargas PDF Vouchers es una herramienta excepcional que satisface las necesidades de las empresas y las personas al proporcionarles la capacidad de ofrecer a sus clientes cupones o cupones de regalo. Este producto altamente eficiente permite a los usuarios crear y personalizar los cupones PDF sin esfuerzo de acuerdo con sus propias preferencias, incorporando sus dise\u00f1os, texto y logotipos \u00fanicos. Adem\u00e1s, los usuarios pueden establecer c\u00f3digos de cupones, fechas de vencimiento y varios otros par\u00e1metros para ejercer control sobre la utilizaci\u00f3n de sus cupones. La comodidad de la entrega de correo electr\u00f3nico garantiza que los clientes reciban r\u00e1pidamente sus cupones, que luego pueden canjearse convenientemente tanto en l\u00ednea como en persona. Con su simplicidad, versatilidad y rentabilidad, los cupones PDF f\u00e1ciles de descargas f\u00e1ciles sirven como un activo invaluable para reforzar las ventas, recompensar a los clientes leales y fomentar la promoci\u00f3n de la marca.<\/p>\n<ul>\n<li>Le permite crear y vender cupones PDF con descargas digitales f\u00e1ciles<\/li>\n<li>Perfecto para empresas que desean vender certificados de regalo, boletos u otros art\u00edculos canjeables<\/li>\n<li>Dise\u00f1o de cupones personalizable con su propio logotipo y marca<\/li>\n<li>Opci\u00f3n para establecer fechas de vencimiento del cup\u00f3n, ubicaciones de canje y otras restricciones<\/li>\n<li>Los clientes reciben un c\u00f3digo de cup\u00f3n \u00fanico por correo electr\u00f3nico y pueden canjearlo f\u00e1cilmente en su sitio web<\/li>\n<li>Se integra con las pasarelas de pago populares, incluidos PayPal y Stripe<\/li>\n<li>Informes detallados y seguimiento de ventas y reembolsos de cupones<\/li>\n<li>Compatible con temas y complementos populares de WordPress<\/li>\n<li>Ofrece soporte de varios idiomas para empresas internacionales<\/li>\n<li>Desarrollador con c\u00f3digo de c\u00f3digo abierto y documentaci\u00f3n extensa para la personalizaci\u00f3n e integraci\u00f3n.<\/li>\n<\/ul>\n","protected":false},"excerpt":{"rendered":"<p>Easy Digital Descargas PDF Vouchers es una extensi\u00f3n excepcionalmente robusta que le otorga la notable capacidad para dise\u00f1ar cupones PDF personalizados y personalizados para su estimada tienda en l\u00ednea, mejorando as\u00ed su eficacia y atractivo general. Esta extensi\u00f3n altamente avanzada le permite generar y vender una variedad de cupones que sus estimados clientes pueden utilizar convenientemente para adquirir su gama incomparable de productos excepcionales, servicios inigualizados y eventos extraordinarios. Adem\u00e1s, esta extensi\u00f3n sin igual tambi\u00e9n le otorga un control y dominio incomparables sobre la gesti\u00f3n y el seguimiento de estos cupones, lo que le permite establecer efectivamente las fechas de vencimiento, reducir el uso y moda el dise\u00f1o de una manera que armoniza sin problemas con la est\u00e9tica general de su marca estimada de su estad\u00eda marca de su estad\u00eda marca. . Al aprovechar las funcionalidades din\u00e1micas y la versatilidad incomparable de los cupones PDF de descargas digitales f\u00e1ciles, tiene la capacidad \u00fanica de presentar a sus estimados clientes una experiencia de compra incomparable e incomparable, solidificando as\u00ed su lealtad y confianza en su marca.<\/p>\n","protected":false},"featured_media":165875,"comment_status":"open","ping_status":"open","template":"","meta":[],"product_brand":[2427],"product_cat":[1207,1248,1206],"product_tag":[1280],"class_list":{"0":"post-118359","1":"product","2":"type-product","3":"status-publish","4":"has-post-thumbnail","6":"product_brand-easy-digital-downloads","7":"product_cat-comercio-electronico-plugins","8":"product_cat-personalizacion-comercio-electronico-plugins","9":"product_cat-plugins","10":"product_tag-easy-digital-downloads","11":"member-discount","12":"discount-restricted","14":"first","15":"instock","16":"sale","17":"downloadable","18":"virtual","19":"sold-individually","20":"purchasable","21":"product-type-simple"},"_links":{"self":[{"href":"https:\/\/gpl-love.com\/es\/wp-json\/wp\/v2\/product\/118359","targetHints":{"allow":["GET"]}}],"collection":[{"href":"https:\/\/gpl-love.com\/es\/wp-json\/wp\/v2\/product"}],"about":[{"href":"https:\/\/gpl-love.com\/es\/wp-json\/wp\/v2\/types\/product"}],"replies":[{"embeddable":true,"href":"https:\/\/gpl-love.com\/es\/wp-json\/wp\/v2\/comments?post=118359"}],"wp:featuredmedia":[{"embeddable":true,"href":"https:\/\/gpl-love.com\/es\/wp-json\/wp\/v2\/media\/165875"}],"wp:attachment":[{"href":"https:\/\/gpl-love.com\/es\/wp-json\/wp\/v2\/media?parent=118359"}],"wp:term":[{"taxonomy":"product_brand","embeddable":true,"href":"https:\/\/gpl-love.com\/es\/wp-json\/wp\/v2\/product_brand?post=118359"},{"taxonomy":"product_cat","embeddable":true,"href":"https:\/\/gpl-love.com\/es\/wp-json\/wp\/v2\/product_cat?post=118359"},{"taxonomy":"product_tag","embeddable":true,"href":"https:\/\/gpl-love.com\/es\/wp-json\/wp\/v2\/product_tag?post=118359"}],"curies":[{"name":"wp","href":"https:\/\/api.w.org\/{rel}","templated":true}]}}