{"id":118357,"date":"2021-02-09T00:00:00","date_gmt":"2021-02-09T05:00:00","guid":{"rendered":"https:\/\/gpl-love.com\/es\/producto\/easy-digital-downloads-paypal-payments-advanced\/"},"modified":"2026-03-09T07:29:21","modified_gmt":"2026-03-09T12:29:21","slug":"easy-digital-downloads-paypal-payments-advanced","status":"publish","type":"product","link":"https:\/\/gpl-love.com\/es\/producto\/easy-digital-downloads-paypal-payments-advanced\/","title":{"rendered":"Easy Digital Downloads PayPal Payments Advanced 1.1.1"},"content":{"rendered":"<h3>Easy Digital Downloads PayPal Payments Advanced Caracteristicas<\/h3>\n<p>Easy Digital Download PayPal Payments Advanced es un complemento excepcional de pasarela de pago que ha sido dise\u00f1ado espec\u00edficamente para la plataforma f\u00e1cil de descargas digitales. Este notable complemento faculta a los usuarios para aceptar los pagos sin problemas a trav\u00e9s de PayPal, al tiempo que les otorga el acceso a una gran cantidad de caracter\u00edsticas adicionales que realmente mejoran la experiencia de pago general. Estas caracter\u00edsticas adicionales abarcan la capacidad de personalizar y adaptar el proceso de pago de acuerdo con las preferencias de uno, gestionar efectivamente los pagos recurrentes y emitir reembolsos sin esfuerzo cuando sea necesario. Adem\u00e1s, vale la pena se\u00f1alar que este complemento abarca un sistema de an\u00e1lisis y informes incre\u00edblemente completos que ayude diligentemente a los usuarios a rastrear meticulosamente sus ventas e ingresos. La interfaz f\u00e1cil de usar y la funcionalidad notablemente robusta de descargas digitales f\u00e1ciles de pagos de PayPal avanzan innegablemente lo convierten en una opci\u00f3n excepcional para las empresas que buscan activamente una soluci\u00f3n de pasarela de pago altamente confiable e incre\u00edblemente eficiente.<\/p>\n<ul>\n<li>Integre perfectamente los pagos de PayPal en su tienda f\u00e1cil de descargas digitales<\/li>\n<li>Acepte los pagos de los clientes en todo el mundo con el alcance global de PayPal<\/li>\n<li>Ahorre tiempo y simplifique su proceso de pago permitiendo a los clientes pagar con su cuenta de PayPal<\/li>\n<li>Ofrezca opciones de pago personalizables, incluidos pagos \u00fanicos, suscripciones y planes de presentaci\u00f3n<\/li>\n<li>Proteja su negocio y los clientes con las robustas medidas de prevenci\u00f3n de fraude de PayPal<\/li>\n<li>Acceda a informes detallados y an\u00e1lisis para rastrear sus ventas e ingresos de PayPal<\/li>\n<li>Beneficiarse de la plataforma confiable y segura de las descargas digitales f\u00e1ciles, dise\u00f1ada para productos digitales.<\/li>\n<li>Reciba apoyo experto de las descargas digitales f\u00e1ciles y los equipos de PayPal<\/li>\n<li>Personalice la apariencia de su p\u00e1gina de pago de PayPal para que coincida con su marca<\/li>\n<li>Disfrute de las bajas tarifas de transacci\u00f3n con la estructura de precios competitivos de PayPal.<\/li>\n<\/ul>\n","protected":false},"excerpt":{"rendered":"<p>Easy Digital Descargas PayPal Payments Advanced es un complemento de pago incre\u00edblemente robusto y din\u00e1mico que ha sido dise\u00f1ado espec\u00edficamente para comerciantes que utilizan descargas digitales de WordPress y f\u00e1ciles. Este complemento excepcional proporciona la integraci\u00f3n perfecta de los pagos de PayPal avanzado en su proceso de pago, lo que le brinda a sus valiosos clientes un nivel incomparable de seguridad y conveniencia a lo largo de su experiencia de pago. Adem\u00e1s, est\u00e1 repleto de una extensa variedad de funcionalidades avanzadas y un sistema de protecci\u00f3n de fraude integrado que sirve para mitigar notablemente cualquier riesgo potencial, lo que garantiza que sus transacciones sigan siendo resueltamente seguras e inexpugables. En consecuencia, con la invaluable asistencia de descargas digitales f\u00e1ciles de PayPal Payments Avanzados, la tarea de administrar efectivamente los pagos para su estimada tienda digital se ha simplificado sin esfuerzo, \u00a1asegurando que nunca haya sido m\u00e1s eficaz o sin complicaciones!<\/p>\n","protected":false},"featured_media":165872,"comment_status":"open","ping_status":"open","template":"","meta":[],"product_brand":[2427],"product_cat":[1207,1426,1206],"product_tag":[1280],"class_list":{"0":"post-118357","1":"product","2":"type-product","3":"status-publish","4":"has-post-thumbnail","6":"product_brand-easy-digital-downloads","7":"product_cat-comercio-electronico-plugins","8":"product_cat-pago-comercio-electronico-plugins","9":"product_cat-plugins","10":"product_tag-easy-digital-downloads","11":"member-discount","12":"discount-restricted","14":"first","15":"instock","16":"sale","17":"downloadable","18":"virtual","19":"sold-individually","20":"purchasable","21":"product-type-simple"},"_links":{"self":[{"href":"https:\/\/gpl-love.com\/es\/wp-json\/wp\/v2\/product\/118357","targetHints":{"allow":["GET"]}}],"collection":[{"href":"https:\/\/gpl-love.com\/es\/wp-json\/wp\/v2\/product"}],"about":[{"href":"https:\/\/gpl-love.com\/es\/wp-json\/wp\/v2\/types\/product"}],"replies":[{"embeddable":true,"href":"https:\/\/gpl-love.com\/es\/wp-json\/wp\/v2\/comments?post=118357"}],"wp:featuredmedia":[{"embeddable":true,"href":"https:\/\/gpl-love.com\/es\/wp-json\/wp\/v2\/media\/165872"}],"wp:attachment":[{"href":"https:\/\/gpl-love.com\/es\/wp-json\/wp\/v2\/media?parent=118357"}],"wp:term":[{"taxonomy":"product_brand","embeddable":true,"href":"https:\/\/gpl-love.com\/es\/wp-json\/wp\/v2\/product_brand?post=118357"},{"taxonomy":"product_cat","embeddable":true,"href":"https:\/\/gpl-love.com\/es\/wp-json\/wp\/v2\/product_cat?post=118357"},{"taxonomy":"product_tag","embeddable":true,"href":"https:\/\/gpl-love.com\/es\/wp-json\/wp\/v2\/product_tag?post=118357"}],"curies":[{"name":"wp","href":"https:\/\/api.w.org\/{rel}","templated":true}]}}