{"id":118355,"date":"2024-11-29T00:00:00","date_gmt":"2024-11-29T05:00:00","guid":{"rendered":"https:\/\/gpl-love.com\/es\/?post_type=product&#038;p=118355"},"modified":"2026-03-09T07:29:19","modified_gmt":"2026-03-09T12:29:19","slug":"easy-digital-downloads-message","status":"publish","type":"product","link":"https:\/\/gpl-love.com\/es\/producto\/easy-digital-downloads-message\/","title":{"rendered":"Easy Digital Downloads Message 1.2.5"},"content":{"rendered":"<h3>Easy Digital Downloads Message Caracteristicas<\/h3>\n<p>El complemento de mensajes de descargas digitales f\u00e1ciles es una herramienta altamente eficiente y robusta, lo que le permite enviar mensajes personalizados sin esfuerzo a sus estimados clientes que han realizado compras en su tienda en l\u00ednea. Este complemento excepcional ofrece una inmensa flexibilidad, lo que le permite personalizar mensajes para una gran cantidad de escenarios que incluyen confirmaci\u00f3n de pedidos, confirmaci\u00f3n de env\u00edo e incluso actualizaciones de productos. Adem\u00e1s, tiene la libertad de incrustar informaci\u00f3n pertinente dentro de sus mensajes, abarcando detalles cruciales como detalles del pedido, informaci\u00f3n integral del producto e incluso n\u00fameros de seguimiento. La incorporaci\u00f3n de datos tan valiosos asegura que sus clientes apreciados permanezcan debidamente informados sobre sus compras, amplificando as\u00ed su confianza en su estimada marca. Vale la pena se\u00f1alar que el complemento en s\u00ed es extremadamente f\u00e1cil de usar, facilitando la navegaci\u00f3n y la modificaci\u00f3n perfecta para satisfacer sus requisitos \u00fanicos. En resumen, el complemento indispensable de mensajes de descargas digitales f\u00e1ciles sirve como un activo indispensable para cualquier propietario de la tienda en l\u00ednea exigente con el objetivo de mejorar su comunicaci\u00f3n del cliente y su experiencia general.<\/p>\n<ul>\n<li>Simplifica el proceso de enviar descargas digitales a los clientes<\/li>\n<li>Proporciona una forma eficiente y f\u00e1cil de usar de compartir archivos<\/li>\n<li>Hace que sea f\u00e1cil administrar y rastrear las descargas<\/li>\n<li>Env\u00eda correos electr\u00f3nicos de notificaci\u00f3n autom\u00e1tica a los clientes al comprar y descargar<\/li>\n<li>Ofrece varias opciones de personalizaci\u00f3n para plantillas de correo electr\u00f3nico y enlaces de descarga<\/li>\n<li>Se integra a la perfecci\u00f3n con varias pasarelas de pago y complementos de WordPress<\/li>\n<li>Ofrece informes detallados y an\u00e1lisis sobre ventas y descargas<\/li>\n<li>Proporciona una excelente atenci\u00f3n al cliente y actualizaciones regulares al software.<\/li>\n<\/ul>\n","protected":false},"excerpt":{"rendered":"<p>Al utilizar las capacidades excepcionales del mensaje f\u00e1cil de descargas digitales, est\u00e1 facultado para enviar mensajes a medida y personalizados a medida y a aquellos clientes valiosos que toman la sabia decisi\u00f3n de adquirir sus estimados productos digitales. Esta herramienta notable y potente le otorga la capacidad de difundir mensajes meticulosamente elaborados, adaptados meticulosamente a las preferencias y gustos \u00fanicos de los clientes individuales, a trav\u00e9s de un correo electr\u00f3nico, lo que le permite cultivar y fomentar v\u00ednculos y conexiones robustas y duraderas con sus estimados. Clientela, al tiempo que facilita simult\u00e1neamente la estimulaci\u00f3n de las compras recurrentes y repetidas. Ya sea que su objetivo final sea extender a sus estimados clientes una oferta promocional especial y exclusiva, o suministrarles informaci\u00f3n complementaria e integral sobre sus diversas ofertas de productos, o incluso expresar humildemente su sincero gratitud por la lealtad inquebrantable y el patrocinio continuo de su Los clientes estimados, las capacidades notables e incomparables del mensaje de descargas digitales f\u00e1ciles sirven para optimizar y simplificar el proceso de comunicarse de manera efectiva y sin problemas con su preciado p\u00fablico objetivo de una manera aut\u00e9nticamente personal e individualmente personalizada. No dude en elevar y mejorar su estrategia de ventas digitales existentes al incorporar y aprovechar el potencial formidable y las capacidades del mensaje de descargas digitales f\u00e1ciles, y comenzar su viaje hacia el \u00e9xito y la prosperidad al comenzar la utilizaci\u00f3n e integraci\u00f3n de esta herramienta revolucionaria e innovadora en su existente. Marco y aparato hoy!<\/p>\n","protected":false},"featured_media":165870,"comment_status":"open","ping_status":"open","template":"","meta":[],"product_brand":[2427],"product_cat":[1207,1225,1206],"product_tag":[1280],"class_list":{"0":"post-118355","1":"product","2":"type-product","3":"status-publish","4":"has-post-thumbnail","6":"product_brand-easy-digital-downloads","7":"product_cat-comercio-electronico-plugins","8":"product_cat-marketing","9":"product_cat-plugins","10":"product_tag-easy-digital-downloads","11":"member-discount","12":"discount-restricted","14":"first","15":"instock","16":"sale","17":"downloadable","18":"virtual","19":"sold-individually","20":"purchasable","21":"product-type-simple"},"_links":{"self":[{"href":"https:\/\/gpl-love.com\/es\/wp-json\/wp\/v2\/product\/118355","targetHints":{"allow":["GET"]}}],"collection":[{"href":"https:\/\/gpl-love.com\/es\/wp-json\/wp\/v2\/product"}],"about":[{"href":"https:\/\/gpl-love.com\/es\/wp-json\/wp\/v2\/types\/product"}],"replies":[{"embeddable":true,"href":"https:\/\/gpl-love.com\/es\/wp-json\/wp\/v2\/comments?post=118355"}],"wp:featuredmedia":[{"embeddable":true,"href":"https:\/\/gpl-love.com\/es\/wp-json\/wp\/v2\/media\/165870"}],"wp:attachment":[{"href":"https:\/\/gpl-love.com\/es\/wp-json\/wp\/v2\/media?parent=118355"}],"wp:term":[{"taxonomy":"product_brand","embeddable":true,"href":"https:\/\/gpl-love.com\/es\/wp-json\/wp\/v2\/product_brand?post=118355"},{"taxonomy":"product_cat","embeddable":true,"href":"https:\/\/gpl-love.com\/es\/wp-json\/wp\/v2\/product_cat?post=118355"},{"taxonomy":"product_tag","embeddable":true,"href":"https:\/\/gpl-love.com\/es\/wp-json\/wp\/v2\/product_tag?post=118355"}],"curies":[{"name":"wp","href":"https:\/\/api.w.org\/{rel}","templated":true}]}}