{"id":118353,"date":"2021-02-09T00:00:00","date_gmt":"2021-02-09T05:00:00","guid":{"rendered":"https:\/\/gpl-love.com\/es\/producto\/easy-digital-downloads-manual-purchases\/"},"modified":"2026-03-09T07:29:18","modified_gmt":"2026-03-09T12:29:18","slug":"easy-digital-downloads-manual-purchases","status":"publish","type":"product","link":"https:\/\/gpl-love.com\/es\/producto\/easy-digital-downloads-manual-purchases\/","title":{"rendered":"Easy Digital Downloads Manual Purchases 2.0.5"},"content":{"rendered":"<h3>Easy Digital Downloads Manual Purchases Caracteristicas<\/h3>\n<p>Las compras del manual de descargas digitales de Easy es una herramienta altamente encomiable que atiende las necesidades de individuos o empresas que desean vender productos digitales mientras optan por supervisar personalmente los aspectos transaccionales y de entrega. Al emplear este complemento, los clientes est\u00e1n facultados para adquirir productos directamente del sitio web, posteriormente recibiendo un correo electr\u00f3nico que verifica su compra y les otorga pautas instructivas sobre c\u00f3mo consumar su pedido. Facilitando la m\u00e1xima conveniencia y competencia, este complemento permite a los proveedores administrar \u00f3rdenes sin esfuerzo, difundir enlaces de descarga y pagos de procesos utilizando su pasarela de pago preferido. Al ofrecer una flexibilidad y conveniencia incomparables tanto para los compradores como para los proveedores, este complemento emerge como la elecci\u00f3n por excelencia para aquellos que aspiran a vender productos digitales sin esfuerzo.<\/p>\n<ul>\n<li>Permite a los clientes realizar compras manuales de productos digitales<\/li>\n<li>Interfaz de usuario simple e intuitiva<\/li>\n<li>Genera autom\u00e1ticamente enlaces de descarga \u00fanicos para cada compra<\/li>\n<li>Admite m\u00faltiples pasarelas de pago<\/li>\n<li>Correos electr\u00f3nicos de confirmaci\u00f3n de compra personalizable<\/li>\n<li>Proporciona informes detallados sobre ventas e ingresos<\/li>\n<li>Se integra a la perfecci\u00f3n con la plataforma de descargas digitales f\u00e1ciles<\/li>\n<li>Ofrece documentaci\u00f3n integral y atenci\u00f3n al cliente.<\/li>\n<\/ul>\n","protected":false},"excerpt":{"rendered":"<p>Las compras del manual de descargas digitales de Easy es una herramienta incre\u00edblemente f\u00e1cil de usar y sin problemas que le brinda la conveniencia de vender sin esfuerzo sus productos digitales directamente desde su propio sitio de WordPress. Simplemente haciendo clic en algunos botones, tiene la capacidad de establecer formularios de compra personalizados que satisfagan sus necesidades espec\u00edficas, lo que le permite aceptar los pagos sin problemas de sus estimados clientes a trav\u00e9s de una amplia gama de pasarelas de pago muy populares. Este complemento notable y robusto abarca una gran cantidad de caracter\u00edsticas excepcionales, incluida, entre otros, la personalizaci\u00f3n incomparable de las notificaciones de correo electr\u00f3nico, el seguimiento de ventas meticuloso y la gesti\u00f3n eficiente de las cuentas de los clientes. Independientemente de si se dedica actualmente a la venta de libros electr\u00f3nicos, m\u00fasica, software o cualquier otra forma de bienes digitales, tenga la seguridad de que las f\u00e1ciles compras manuales de descargas digitales sin duda facilitar\u00e1n el proceso y impulsar\u00e1n su negocio a alturas sin precedentes.<\/p>\n","protected":false},"featured_media":165869,"comment_status":"open","ping_status":"open","template":"","meta":[],"product_brand":[2427],"product_cat":[1207,1248,1206],"product_tag":[1280],"class_list":{"0":"post-118353","1":"product","2":"type-product","3":"status-publish","4":"has-post-thumbnail","6":"product_brand-easy-digital-downloads","7":"product_cat-comercio-electronico-plugins","8":"product_cat-personalizacion-comercio-electronico-plugins","9":"product_cat-plugins","10":"product_tag-easy-digital-downloads","11":"member-discount","12":"discount-restricted","14":"first","15":"instock","16":"sale","17":"downloadable","18":"virtual","19":"sold-individually","20":"purchasable","21":"product-type-simple"},"_links":{"self":[{"href":"https:\/\/gpl-love.com\/es\/wp-json\/wp\/v2\/product\/118353","targetHints":{"allow":["GET"]}}],"collection":[{"href":"https:\/\/gpl-love.com\/es\/wp-json\/wp\/v2\/product"}],"about":[{"href":"https:\/\/gpl-love.com\/es\/wp-json\/wp\/v2\/types\/product"}],"replies":[{"embeddable":true,"href":"https:\/\/gpl-love.com\/es\/wp-json\/wp\/v2\/comments?post=118353"}],"wp:featuredmedia":[{"embeddable":true,"href":"https:\/\/gpl-love.com\/es\/wp-json\/wp\/v2\/media\/165869"}],"wp:attachment":[{"href":"https:\/\/gpl-love.com\/es\/wp-json\/wp\/v2\/media?parent=118353"}],"wp:term":[{"taxonomy":"product_brand","embeddable":true,"href":"https:\/\/gpl-love.com\/es\/wp-json\/wp\/v2\/product_brand?post=118353"},{"taxonomy":"product_cat","embeddable":true,"href":"https:\/\/gpl-love.com\/es\/wp-json\/wp\/v2\/product_cat?post=118353"},{"taxonomy":"product_tag","embeddable":true,"href":"https:\/\/gpl-love.com\/es\/wp-json\/wp\/v2\/product_tag?post=118353"}],"curies":[{"name":"wp","href":"https:\/\/api.w.org\/{rel}","templated":true}]}}