{"id":118349,"date":"2024-11-29T00:00:00","date_gmt":"2024-11-29T05:00:00","guid":{"rendered":"https:\/\/gpl-love.com\/es\/?post_type=product&#038;p=118349"},"modified":"2026-03-09T07:29:08","modified_gmt":"2026-03-09T12:29:08","slug":"easy-digital-downloads-frontend-submissions","status":"publish","type":"product","link":"https:\/\/gpl-love.com\/es\/producto\/easy-digital-downloads-frontend-submissions\/","title":{"rendered":"Easy Digital Downloads Frontend Submissions 2.8.2"},"content":{"rendered":"<h3>Easy Digital Downloads Frontend Submissions Caracteristicas<\/h3>\n<p>Descargas digitales f\u00e1ciles Los env\u00edos frontends, una herramienta altamente potente meticulosamente dise\u00f1ada para la conveniencia de los comerciantes de comercio electr\u00f3nico y los creadores de productos digitales, ofrece la asombrosa capacidad para que los usuarios env\u00eden y supervisen sin esfuerzo sus productos digitales directamente desde el interfaz de su sitio web. Este complemento de vanguardia mejora sin problemas la experiencia del usuario, asegurando un proceso sencillo y sin problemas de mercadeo y mercanc\u00edas digitales de venta en Internet. Con una interfaz intuitiva dise\u00f1ada y una gran cantidad de opciones personalizables, las descargas digitales f\u00e1ciles de presentaci\u00f3n de frontend de la frontend de los comerciantes simplifican la gesti\u00f3n y la venta de sus productos digitales con mayor efectividad. Repleto de funcionalidades notables, como formularios de env\u00edo de productos, paneles de proveedores y tarifas de comisi\u00f3n, este complemento atiende perfectamente a las personas emprendedoras que buscan monetizar su precioso contenido digital. En esencia, las descargas digitales f\u00e1ciles de frontend presenta, sin duda, se destaca como una herramienta indispensable para cualquier propietario de negocios en l\u00ednea exigente que se esfuerza por optimizar y optimizar el proceso de ventas de sus estimados productos digitales.<\/p>\n<ul>\n<li>Integre perfectamente un formulario de env\u00edo en su tienda f\u00e1cil de descargas digitales<\/li>\n<li>Permitir a los usuarios enviar y administrar sus propios productos directamente desde la interfaz de su sitio.<\/li>\n<li>Configure los formularios de env\u00edo personalizados para asegurarse de recibir toda la informaci\u00f3n necesaria de los vendedores<\/li>\n<li>Aprobar o rechazar productos enviados con facilidad, asegurando que su tienda permanezca de alta calidad y relevante<\/li>\n<li>Configure correos electr\u00f3nicos autom\u00e1ticos para mantener a los vendedores actualizados sobre el estado de su producto<\/li>\n<li>Recolecte la comisi\u00f3n de todos los productos vendidos, manteniendo su flujo de ingresos saludable<\/li>\n<li>Ofrecer una experiencia f\u00e1cil de usar a los vendedores, impulsar el compromiso y la participaci\u00f3n en su tienda<\/li>\n<li>Beneficiarse de una variedad de complementos y extensiones, lo que le permite adaptar el complemento a sus necesidades exactas<\/li>\n<li>Acceda a una amplia documentaci\u00f3n y soporte del equipo experimentado de descargas digitales f\u00e1ciles.<\/li>\n<\/ul>\n","protected":false},"excerpt":{"rendered":"<p>Easy Digital Descargas frontend Envisiones es una plataforma extremadamente vers\u00e1til, que otorga a los usuarios la notable capacidad de enviar de inmediato y sin esfuerzo sus productos digitales. Al incorporar este producto extraordinario en las operaciones de su negocio, puede establecer un sistema sin problemas integrado que facilite la aceptaci\u00f3n y evaluaci\u00f3n de los env\u00edos directamente en su sitio web. En consecuencia, esto allana el camino para un flujo de trabajo significativamente mejorado, que optimiza la gesti\u00f3n de sus productos digitales y garantiza que sus estimados clientes tengan al tanto de una experiencia notablemente f\u00e1cil de usar. Adem\u00e1s, con una variedad de caracter\u00edsticas impresionantes, como la capacidad de formularios personalizados, cargas de archivos y notificaciones por correo electr\u00f3nico, este producto excepcional sirve como una selecci\u00f3n incomparable para cualquier empresa que busque optimizar el proceso de enviar productos digitales.<\/p>\n","protected":false},"featured_media":165861,"comment_status":"open","ping_status":"open","template":"","meta":[],"product_brand":[2427],"product_cat":[1207,1248,1206],"product_tag":[1280],"class_list":{"0":"post-118349","1":"product","2":"type-product","3":"status-publish","4":"has-post-thumbnail","6":"product_brand-easy-digital-downloads","7":"product_cat-comercio-electronico-plugins","8":"product_cat-personalizacion-comercio-electronico-plugins","9":"product_cat-plugins","10":"product_tag-easy-digital-downloads","11":"member-discount","12":"discount-restricted","14":"first","15":"instock","16":"sale","17":"downloadable","18":"virtual","19":"sold-individually","20":"purchasable","21":"product-type-simple"},"_links":{"self":[{"href":"https:\/\/gpl-love.com\/es\/wp-json\/wp\/v2\/product\/118349","targetHints":{"allow":["GET"]}}],"collection":[{"href":"https:\/\/gpl-love.com\/es\/wp-json\/wp\/v2\/product"}],"about":[{"href":"https:\/\/gpl-love.com\/es\/wp-json\/wp\/v2\/types\/product"}],"replies":[{"embeddable":true,"href":"https:\/\/gpl-love.com\/es\/wp-json\/wp\/v2\/comments?post=118349"}],"wp:featuredmedia":[{"embeddable":true,"href":"https:\/\/gpl-love.com\/es\/wp-json\/wp\/v2\/media\/165861"}],"wp:attachment":[{"href":"https:\/\/gpl-love.com\/es\/wp-json\/wp\/v2\/media?parent=118349"}],"wp:term":[{"taxonomy":"product_brand","embeddable":true,"href":"https:\/\/gpl-love.com\/es\/wp-json\/wp\/v2\/product_brand?post=118349"},{"taxonomy":"product_cat","embeddable":true,"href":"https:\/\/gpl-love.com\/es\/wp-json\/wp\/v2\/product_cat?post=118349"},{"taxonomy":"product_tag","embeddable":true,"href":"https:\/\/gpl-love.com\/es\/wp-json\/wp\/v2\/product_tag?post=118349"}],"curies":[{"name":"wp","href":"https:\/\/api.w.org\/{rel}","templated":true}]}}