{"id":118348,"date":"2021-02-09T00:00:00","date_gmt":"2021-02-09T05:00:00","guid":{"rendered":"https:\/\/gpl-love.com\/es\/producto\/advanced-custom-fields-para-woocommerce\/"},"modified":"2026-03-09T07:16:26","modified_gmt":"2026-03-09T12:16:26","slug":"advanced-custom-fields-para-woocommerce","status":"publish","type":"product","link":"https:\/\/gpl-love.com\/es\/producto\/advanced-custom-fields-para-woocommerce\/","title":{"rendered":"Advanced Custom Fields para WooCommerce 5.2.0"},"content":{"rendered":"<h3>Advanced Custom Fields para WooCommerce Caracteristicas<\/h3>\n<p>Advanced Custom Fields para WooCommerce es un complemento muy robusto e influyente que proporciona a los propietarios de sitios web la capacidad perfecta de generar sin esfuerzo campos y datos personalizados para sus productos de WooCommerce. Al utilizar este complemento, los usuarios tienen la capacidad de incorporar campos nuevos en sus p\u00e1ginas de productos, adaptar la disposici\u00f3n y los elementos est\u00e9ticos de estos campos a su gusto e incluso emplear una l\u00f3gica condicional para exhibir campos espec\u00edficos basados \u200b\u200ben criterios predeterminados. Este complemento excepcional es particularmente ventajoso para las empresas que desean proporcionar a su estimada clientela con informaci\u00f3n de productos m\u00e1s intrincada e integral, o aquellas que buscan ofrecer opciones a medida para sus productos. Con la integraci\u00f3n de campos personalizados avanzados para WooCommerce, los usuarios pueden elevar su tienda en l\u00ednea a nuevas alturas, forjando as\u00ed un encuentro de compras \u00fanico y personalizado para sus valiosos clientes.<\/p>\n<ul>\n<li>Agrega campos personalizables a las p\u00e1ginas de productos en WooCommerce<\/li>\n<li>Permite informaci\u00f3n m\u00e1s detallada del producto y una mejor organizaci\u00f3n<\/li>\n<li>Puede crear campos para variaciones de productos y opciones de precios personalizadas<\/li>\n<li>Interfaz de usuario intuitiva para administrar y editar campos personalizados<\/li>\n<li>Capacidad para asignar campos a categor\u00edas de productos espec\u00edficas o productos individuales<\/li>\n<li>Admite una amplia gama de tipos de campo, que incluyen cuadros de texto, casillas de verificaci\u00f3n, botones de radio y men\u00fas desplegables<\/li>\n<li>Funciona sin problemas con WooCommerce y no requiere ning\u00fan conocimiento de codificaci\u00f3n<\/li>\n<li>Proporciona una experiencia de compra profesional m\u00e1s aerodin\u00e1mica para los clientes.<\/li>\n<li>Ayuda a las empresas a aumentar las ventas al proporcionar informaci\u00f3n de productos m\u00e1s relevante a los clientes.<\/li>\n<\/ul>\n","protected":false},"excerpt":{"rendered":"<p>Los campos personalizados avanzados para el complemento WooCommerce es una herramienta din\u00e1mica de mejora de WooCommerce que ofrece personalizaci\u00f3n del producto WooCommerce al siguiente nivel. Esta herramienta avanzada para WooCommerce permite a los usuarios integrar campos personalizados para los productos de WooCommerce sin esfuerzo. El prop\u00f3sito es ofrecer una pantalla personalizada de productos de WooCommerce, completa con atributos \u00fanicos de productos de WooCommerce y opciones de precios variadas para productos de WooCommerce.<\/p>\n<p>Este complemento excepcional ofrece una integraci\u00f3n perfecta de complementos de WooCommerce, lo que lo convierte en un complemento de WooCommerce vers\u00e1til adecuado para todos los tama\u00f1os de las tiendas en l\u00ednea. Ya sea que sea un usuario de complemento de WooCommerce de peque\u00f1as empresas o que busque integraci\u00f3n de WooCommerce a gran escala, este complemento se ajusta perfectamente a la tela de comercio electr\u00f3nico.<\/p>\n<p>El complemento mejora la experiencia de compra de WooCommerce al proporcionar una navegaci\u00f3n sin fricci\u00f3n para compras en l\u00ednea. Permite a los compradores potenciales navegar por WooCommerce con facilidad, accediendo a la informaci\u00f3n crucial del producto r\u00e1pidamente, lo que ayuda a tomar decisiones de compra bien informadas.<\/p>\n<p>La interfaz intuitiva de WooCommerce cumple con los diversos requisitos del mercado de comercio electr\u00f3nico y garantiza una experiencia cohesiva tanto para los proveedores como para los compradores. El complemento est\u00e1 dise\u00f1ado para mejorar la decisi\u00f3n del cliente de WooCommerce y proporcionar una mejor experiencia de proveedor de WooCommerce y experiencia en el comprador de WooCommerce<\/p>\n","protected":false},"featured_media":165296,"comment_status":"open","ping_status":"open","template":"","meta":[],"product_brand":[2339],"product_cat":[1207,1248,1206],"product_tag":[1256],"class_list":{"0":"post-118348","1":"product","2":"type-product","3":"status-publish","4":"has-post-thumbnail","6":"product_brand-codecanyon","7":"product_cat-comercio-electronico-plugins","8":"product_cat-personalizacion-comercio-electronico-plugins","9":"product_cat-plugins","10":"product_tag-codecanyon","11":"member-discount","12":"discount-restricted","14":"first","15":"instock","16":"sale","17":"downloadable","18":"virtual","19":"sold-individually","20":"purchasable","21":"product-type-simple"},"_links":{"self":[{"href":"https:\/\/gpl-love.com\/es\/wp-json\/wp\/v2\/product\/118348","targetHints":{"allow":["GET"]}}],"collection":[{"href":"https:\/\/gpl-love.com\/es\/wp-json\/wp\/v2\/product"}],"about":[{"href":"https:\/\/gpl-love.com\/es\/wp-json\/wp\/v2\/types\/product"}],"replies":[{"embeddable":true,"href":"https:\/\/gpl-love.com\/es\/wp-json\/wp\/v2\/comments?post=118348"}],"wp:featuredmedia":[{"embeddable":true,"href":"https:\/\/gpl-love.com\/es\/wp-json\/wp\/v2\/media\/165296"}],"wp:attachment":[{"href":"https:\/\/gpl-love.com\/es\/wp-json\/wp\/v2\/media?parent=118348"}],"wp:term":[{"taxonomy":"product_brand","embeddable":true,"href":"https:\/\/gpl-love.com\/es\/wp-json\/wp\/v2\/product_brand?post=118348"},{"taxonomy":"product_cat","embeddable":true,"href":"https:\/\/gpl-love.com\/es\/wp-json\/wp\/v2\/product_cat?post=118348"},{"taxonomy":"product_tag","embeddable":true,"href":"https:\/\/gpl-love.com\/es\/wp-json\/wp\/v2\/product_tag?post=118348"}],"curies":[{"name":"wp","href":"https:\/\/api.w.org\/{rel}","templated":true}]}}