{"id":118315,"date":"2026-01-10T00:00:00","date_gmt":"2026-01-10T05:00:00","guid":{"rendered":"https:\/\/gpl-love.com\/es\/?post_type=product&#038;p=118315"},"modified":"2026-03-09T07:46:33","modified_gmt":"2026-03-09T12:46:33","slug":"learnpress-paid-membership-pro-integration","status":"publish","type":"product","link":"https:\/\/gpl-love.com\/es\/producto\/learnpress-paid-membership-pro-integration\/","title":{"rendered":"LearnPress Paid Membership Pro Integration 4.1.2"},"content":{"rendered":"<h3>LearnPress Paid Membership Pro Integration Caracteristicas<\/h3>\n<p>La integraci\u00f3n PRO de Membres\u00eda Pagado de LearnPress se presenta como una herramienta incre\u00edblemente potente e influyente, dotada de la capacidad de amalgamar los aspectos caracter\u00edsticos tanto del complemento LearPress LMS como del complemento de membres\u00eda PAGE PRO. Utilizando esta integraci\u00f3n, los usuarios reciben la capacidad de forjar plataformas de aprendizaje electr\u00f3nico formidables e influyentes que ofrecen contenido premium y servicios basados \u200b\u200ben la membres\u00eda a sus estimados estudiantes. Esta notable integraci\u00f3n ofrece un enfoque sin esfuerzo y simplificado para administrar membres\u00edas, monitorear el progreso y acceder al contenido premium, todo alojado dentro de un lugar centralizado singular. Adem\u00e1s, proporciona a los usuarios una extensa gama de opciones de personalizaci\u00f3n, incluido el establecimiento de niveles de membres\u00eda, la elaboraci\u00f3n de formularios de registro personalizados y la regulaci\u00f3n meticulosa del acceso a cursos o contenido espec\u00edficos. En general, la integraci\u00f3n pro de membres\u00eda pagada de Learnpress emerge como una herramienta indispensable e imperativa, una que cualquier individuo motivado que aspirara a construir una plataforma triunfante de aprendizaje electr\u00f3nico ser\u00eda negligente para ignorar.<\/p>\n<ul>\n<li>Integraci\u00f3n perfecta de LearnPress con membres\u00eda pagada Pro<\/li>\n<li>Capacidad para ofrecer cursos o lecciones como parte de un paquete de membres\u00eda pagado<\/li>\n<li>F\u00e1cil configuraci\u00f3n y gesti\u00f3n de los niveles de membres\u00eda y acceso al contenido<\/li>\n<li>Control sobre la duraci\u00f3n, la frecuencia de renovaci\u00f3n y el precio de las membres\u00edas<\/li>\n<li>Oportunidad de vender cursos y paquetes de membres\u00eda simult\u00e1neamente<\/li>\n<li>Gesti\u00f3n de membres\u00eda automatizada, incluidas renovaciones, cancelaciones y actualizaciones<\/li>\n<li>Informes detallados sobre suscriptores de membres\u00eda, actividad y pagos<\/li>\n<li>Integraci\u00f3n con pasarelas de pago populares, incluidas Stripe, PayPal y Authorize.net<\/li>\n<li>Compatible con WordPress, lo que facilita la incorporaci\u00f3n en su sitio web existente<\/li>\n<li>Altamente flexible y personalizable, con funcionalidad avanzada disponible a trav\u00e9s de complementos y extensiones.<\/li>\n<\/ul>\n","protected":false},"excerpt":{"rendered":"<p>La integraci\u00f3n de Membres\u00eda PAGADO de LearnPress cuenta con un complemento intrincado que armoniza sin problemas con su Sistema de Gesti\u00f3n de Aprendizaje LearnPress (LMS) para proporcionar una soluci\u00f3n de membres\u00eda en l\u00ednea segura y adaptable. Al utilizar este complemento, tiene la capacidad sin esfuerzo para restringir la admisi\u00f3n \u00fanicamente a los miembros pagos para cursos o m\u00f3dulos espec\u00edficos, todo el tiempo proporcion\u00e1ndoles contenido exclusivo, descuentos y soporte individual adaptado a sus necesidades. Esta integraci\u00f3n es una opci\u00f3n ideal para educadores o creadores de cursos que buscan monetizar sus cursos en l\u00ednea y establecer una ardiente comunidad de estudiantes que son leales a sus ense\u00f1anzas. Adem\u00e1s, el proceso de configuraci\u00f3n es muy f\u00e1cil, que ofrece opciones de personalizaci\u00f3n completas y una variedad de caracter\u00edsticas s\u00f3lidas y herramientas de informes que sin duda elevar\u00e1n el calibre de su programa de aprendizaje electr\u00f3nico.<\/p>\n","protected":false},"featured_media":166599,"comment_status":"open","ping_status":"open","template":"","meta":[],"product_brand":[2486],"product_cat":[1214,1206,1211],"product_tag":[2137],"class_list":{"0":"post-118315","1":"product","2":"type-product","3":"status-publish","4":"has-post-thumbnail","6":"product_brand-learnpress","7":"product_cat-personalizacion","8":"product_cat-plugins","9":"product_cat-wordpress-plugins","10":"product_tag-learnpress","11":"member-discount","12":"discount-restricted","14":"first","15":"instock","16":"sale","17":"downloadable","18":"virtual","19":"sold-individually","20":"purchasable","21":"product-type-simple"},"_links":{"self":[{"href":"https:\/\/gpl-love.com\/es\/wp-json\/wp\/v2\/product\/118315","targetHints":{"allow":["GET"]}}],"collection":[{"href":"https:\/\/gpl-love.com\/es\/wp-json\/wp\/v2\/product"}],"about":[{"href":"https:\/\/gpl-love.com\/es\/wp-json\/wp\/v2\/types\/product"}],"replies":[{"embeddable":true,"href":"https:\/\/gpl-love.com\/es\/wp-json\/wp\/v2\/comments?post=118315"}],"wp:featuredmedia":[{"embeddable":true,"href":"https:\/\/gpl-love.com\/es\/wp-json\/wp\/v2\/media\/166599"}],"wp:attachment":[{"href":"https:\/\/gpl-love.com\/es\/wp-json\/wp\/v2\/media?parent=118315"}],"wp:term":[{"taxonomy":"product_brand","embeddable":true,"href":"https:\/\/gpl-love.com\/es\/wp-json\/wp\/v2\/product_brand?post=118315"},{"taxonomy":"product_cat","embeddable":true,"href":"https:\/\/gpl-love.com\/es\/wp-json\/wp\/v2\/product_cat?post=118315"},{"taxonomy":"product_tag","embeddable":true,"href":"https:\/\/gpl-love.com\/es\/wp-json\/wp\/v2\/product_tag?post=118315"}],"curies":[{"name":"wp","href":"https:\/\/api.w.org\/{rel}","templated":true}]}}