{"id":118313,"date":"2025-05-13T00:00:00","date_gmt":"2025-05-13T05:00:00","guid":{"rendered":"https:\/\/gpl-love.com\/es\/?post_type=product&#038;p=118313"},"modified":"2026-03-09T07:46:32","modified_gmt":"2026-03-09T12:46:32","slug":"learnpress-mycred-integration","status":"publish","type":"product","link":"https:\/\/gpl-love.com\/es\/producto\/learnpress-mycred-integration\/","title":{"rendered":"LearnPress myCRED Integration 4.0.2"},"content":{"rendered":"<h3>LearnPress myCRED Integration Caracteristicas<\/h3>\n<p>La integraci\u00f3n MyCred de LearnPress, una herramienta muy potente, funciona para facilitar la integraci\u00f3n perfecta de LearnPress, un complemento de WordPress que se especializa en la creaci\u00f3n de cursos en l\u00ednea, con MyCred, un ingenioso sistema de gesti\u00f3n de puntos espec\u00edficamente dise\u00f1ado para sitios web. Esta integraci\u00f3n excepcional le brinda la notable capacidad de recompensar generosamente a sus estimados estudiantes por sus ilustres logros en sus estimados cursos en l\u00ednea mediante puntos, insignias e incluso certificados. Adem\u00e1s, la gran versatilidad de esta integraci\u00f3n le permite establecer e implementar una variedad de criterios y regulaciones distintas para la asignaci\u00f3n y el otorgamiento de los puntos a sus alumnos, como la finalizaci\u00f3n exitosa de un curso o el paso triunfante de un cuestionario. Adem\u00e1s, esta integraci\u00f3n incomparable le permite extender la extraordinaria oportunidad para que sus alumnos canjeen sus puntos correctamente ganados por bienes o servicios tangibles de su elecci\u00f3n del reino f\u00edsico. Al aprovechar todo el potencial de la integraci\u00f3n de LearnPress MyCred, se le otorga la invaluable capacidad para participar y estimular activamente a sus alumnos a la gloriosa finalizaci\u00f3n de sus estimados cursos, mejorando profundamente su inquebrantable lealtad y lealtad a su prestigiosa marca.<\/p>\n<ul>\n<li>Integra sin problemas LearnPress y MyCred para proporcionar un sistema integral de aprendizaje y recompensa<\/li>\n<li>Permite un f\u00e1cil seguimiento y gesti\u00f3n del progreso de los estudiantes y puntos de recompensa<\/li>\n<li>Ofrece configuraciones personalizables para otorgar y canjear puntos basados \u200b\u200ben una variedad de criterios<\/li>\n<li>Permite a los instructores incentivar los comportamientos y logros deseados en sus cursos<\/li>\n<li>Proporciona a los estudiantes una experiencia de aprendizaje motivador y atractiva mediante el uso de puntos de recompensa.<\/li>\n<li>Compatible con una gama de pasarelas de pago y plataformas de comercio electr\u00f3nico para opciones de pago y precios flexibles.<\/li>\n<\/ul>\n","protected":false},"excerpt":{"rendered":"<p>La integraci\u00f3n MyCred LearnPress es un componente complementario para el complemento LearnPress WordPress, que exhibe una integraci\u00f3n perfecta con el complemento de gamificaci\u00f3n MyCred. Esta notable integraci\u00f3n le proporciona la capacidad de otorgar puntos, insignias y moneda virtual sobre sus estimados estudiantes a medida que logran con \u00e9xito cursos, cuestionarios, tareas y otras actividades de aprendizaje en su estimada plataforma de aprendizaje electr\u00f3nico. Adem\u00e1s, estas gratificaciones se pueden emplear para estimular e incentivar el compromiso, la colaboraci\u00f3n y otros comportamientos propicios que armonizan y defienden sus apreciados objetivos de aprendizaje. En virtud de la extraordinaria integraci\u00f3n de LearnPress MyCred, tiene la capacidad incomparable para construir una experiencia de aprendizaje m\u00e1s cautivadora e interactiva, inculcando as\u00ed una motivaci\u00f3n ferviente dentro de sus estimados estudiantes para buscar conocimientos y alcanzar sus objetivos estimados.<\/p>\n","protected":false},"featured_media":166598,"comment_status":"open","ping_status":"open","template":"","meta":[],"product_brand":[2486],"product_cat":[1214,1206,1211],"product_tag":[2137],"class_list":{"0":"post-118313","1":"product","2":"type-product","3":"status-publish","4":"has-post-thumbnail","6":"product_brand-learnpress","7":"product_cat-personalizacion","8":"product_cat-plugins","9":"product_cat-wordpress-plugins","10":"product_tag-learnpress","11":"member-discount","12":"discount-restricted","14":"first","15":"instock","16":"sale","17":"downloadable","18":"virtual","19":"sold-individually","20":"purchasable","21":"product-type-simple"},"_links":{"self":[{"href":"https:\/\/gpl-love.com\/es\/wp-json\/wp\/v2\/product\/118313","targetHints":{"allow":["GET"]}}],"collection":[{"href":"https:\/\/gpl-love.com\/es\/wp-json\/wp\/v2\/product"}],"about":[{"href":"https:\/\/gpl-love.com\/es\/wp-json\/wp\/v2\/types\/product"}],"replies":[{"embeddable":true,"href":"https:\/\/gpl-love.com\/es\/wp-json\/wp\/v2\/comments?post=118313"}],"wp:featuredmedia":[{"embeddable":true,"href":"https:\/\/gpl-love.com\/es\/wp-json\/wp\/v2\/media\/166598"}],"wp:attachment":[{"href":"https:\/\/gpl-love.com\/es\/wp-json\/wp\/v2\/media?parent=118313"}],"wp:term":[{"taxonomy":"product_brand","embeddable":true,"href":"https:\/\/gpl-love.com\/es\/wp-json\/wp\/v2\/product_brand?post=118313"},{"taxonomy":"product_cat","embeddable":true,"href":"https:\/\/gpl-love.com\/es\/wp-json\/wp\/v2\/product_cat?post=118313"},{"taxonomy":"product_tag","embeddable":true,"href":"https:\/\/gpl-love.com\/es\/wp-json\/wp\/v2\/product_tag?post=118313"}],"curies":[{"name":"wp","href":"https:\/\/api.w.org\/{rel}","templated":true}]}}