{"id":118311,"date":"2026-01-24T00:00:00","date_gmt":"2026-01-24T05:00:00","guid":{"rendered":"https:\/\/gpl-love.com\/es\/?post_type=product&#038;p=118311"},"modified":"2026-03-09T07:46:31","modified_gmt":"2026-03-09T12:46:31","slug":"learnpress-instructor-commission","status":"publish","type":"product","link":"https:\/\/gpl-love.com\/es\/producto\/learnpress-instructor-commission\/","title":{"rendered":"LearnPress Instructor Commission 4.0.5"},"content":{"rendered":"<h3>LearnPress Instructor Commission Caracteristicas<\/h3>\n<p>La herramienta de la Comisi\u00f3n de Instructor LearnPress ofrece a los instructores una oportunidad innovadora y lucrativa para obtener comisiones para los cursos que crean y administran en la plataforma LearnPress. Al utilizar este complemento, los instructores obtienen la capacidad de establecer su propia tarifa de comisi\u00f3n, lo que les permite ganar una parte del precio del curso cada vez que un estudiante compra uno de sus cursos. La comisi\u00f3n en s\u00ed se calcula en funci\u00f3n del precio espec\u00edfico del curso, ofreciendo a los instructores la capacidad de rastrear sus ganancias y pagos en tiempo real a trav\u00e9s de un tablero integral e interactivo. Esta innovadora herramienta no solo beneficia a los instructores al proporcionarles un medio para monetizar su experiencia y conocimiento, sino que tambi\u00e9n ofrece una situaci\u00f3n de ganar-ganar para la plataforma en su conjunto. Al incentivar a los instructores para producir cursos de alta calidad y atraer a m\u00e1s estudiantes, la herramienta de la Comisi\u00f3n de Instructor LearnPress genera ingresos sustanciales para la plataforma, contribuyendo a su continuo \u00e9xito y crecimiento. En \u00faltima instancia, esta herramienta sirve como catalizador para que los instructores compartan su experiencia con los estudiantes de todo el mundo, lo que les permite adquirir nuevas habilidades y lograr sus aspiraciones educativas.<\/p>\n<ul>\n<li>Permite a los instructores obtener comisiones en las ventas de sus cursos<\/li>\n<li>F\u00e1cil de configurar y configurar<\/li>\n<li>Opciones de tarifa de comisi\u00f3n flexible<\/li>\n<li>Proporciona caracter\u00edsticas completas de informes y an\u00e1lisis<\/li>\n<li>Integraci\u00f3n perfecta con LearnPress LMS<\/li>\n<li>Ayuda a los instructores a monetizar su experiencia<\/li>\n<li>Fomenta la creaci\u00f3n y el compromiso del curso<\/li>\n<li>Aumenta la motivaci\u00f3n y satisfacci\u00f3n del instructor<\/li>\n<li>Puede ser una valiosa fuente de ingresos pasivos para los instructores<\/li>\n<li>Excelente para instituciones educativas, empresas o maestros individuales.<\/li>\n<\/ul>\n","protected":false},"excerpt":{"rendered":"<p>La Comisi\u00f3n de Instructor LearnPress es una herramienta incre\u00edblemente robusta e invaluable que permite a los educadores y entrenadores beneficiarse lucrativamente de sus incansables esfuerzos y dedicaci\u00f3n. Este producto revolucionario otorga a los instructores la capacidad perfecta para monitorear y analizar meticulosamente sus ganancias de comisi\u00f3n por curso individual, al tiempo que les brinda la flexibilidad incomparable para establecer tasas de comisi\u00f3n dispares para cada curso distinto que ofrecen. Adem\u00e1s, esta herramienta excepcional tambi\u00e9n permite a los instructores gobernar y supervisar efectivamente su propia red de afiliados. Su facilidad de uso incomparable y su versatilidad incomparable lo convierten en un activo indispensable para cualquier persona que busque capitalizar expertos en el potencial floreciente de su empresa educativa en l\u00ednea. Le instamos encarecidamente a aprovechar esta notable oportunidad hoy y comenzar a cosechar las abundantes recompensas de su inquebrantable perseverancia y dedicaci\u00f3n.<\/p>\n","protected":false},"featured_media":166597,"comment_status":"open","ping_status":"open","template":"","meta":[],"product_brand":[2486],"product_cat":[1214,1206,1211],"product_tag":[2137],"class_list":{"0":"post-118311","1":"product","2":"type-product","3":"status-publish","4":"has-post-thumbnail","6":"product_brand-learnpress","7":"product_cat-personalizacion","8":"product_cat-plugins","9":"product_cat-wordpress-plugins","10":"product_tag-learnpress","11":"member-discount","12":"discount-restricted","14":"first","15":"instock","16":"sale","17":"downloadable","18":"virtual","19":"sold-individually","20":"purchasable","21":"product-type-simple"},"_links":{"self":[{"href":"https:\/\/gpl-love.com\/es\/wp-json\/wp\/v2\/product\/118311","targetHints":{"allow":["GET"]}}],"collection":[{"href":"https:\/\/gpl-love.com\/es\/wp-json\/wp\/v2\/product"}],"about":[{"href":"https:\/\/gpl-love.com\/es\/wp-json\/wp\/v2\/types\/product"}],"replies":[{"embeddable":true,"href":"https:\/\/gpl-love.com\/es\/wp-json\/wp\/v2\/comments?post=118311"}],"wp:featuredmedia":[{"embeddable":true,"href":"https:\/\/gpl-love.com\/es\/wp-json\/wp\/v2\/media\/166597"}],"wp:attachment":[{"href":"https:\/\/gpl-love.com\/es\/wp-json\/wp\/v2\/media?parent=118311"}],"wp:term":[{"taxonomy":"product_brand","embeddable":true,"href":"https:\/\/gpl-love.com\/es\/wp-json\/wp\/v2\/product_brand?post=118311"},{"taxonomy":"product_cat","embeddable":true,"href":"https:\/\/gpl-love.com\/es\/wp-json\/wp\/v2\/product_cat?post=118311"},{"taxonomy":"product_tag","embeddable":true,"href":"https:\/\/gpl-love.com\/es\/wp-json\/wp\/v2\/product_tag?post=118311"}],"curies":[{"name":"wp","href":"https:\/\/api.w.org\/{rel}","templated":true}]}}