{"id":118309,"date":"2025-10-30T00:00:00","date_gmt":"2025-10-30T05:00:00","guid":{"rendered":"https:\/\/gpl-love.com\/es\/?post_type=product&#038;p=118309"},"modified":"2026-03-09T07:46:28","modified_gmt":"2026-03-09T12:46:28","slug":"learnpress-content-drip","status":"publish","type":"product","link":"https:\/\/gpl-love.com\/es\/producto\/learnpress-content-drip\/","title":{"rendered":"LearnPress Content Drip 4.0.8"},"content":{"rendered":"<h3>LearnPress Content Drip Caracteristicas<\/h3>\n<p>LearnPress Content Drip es un complemento muy innovador e incre\u00edblemente \u00fatil dise\u00f1ado espec\u00edficamente para WordPress. Su funci\u00f3n principal es capacitar a los usuarios con la capacidad de gotear estrat\u00e9gicamente alimentar su contenido del curso. Al emplear este complemento, los creadores de cursos pueden programar meticulosamente su contenido de manera perfecta y gradual, asegurando as\u00ed que los alumnos reciban porciones de informaci\u00f3n regulares y manejables. Esta notable caracter\u00edstica demuestra ser particularmente ventajosa para cursos en l\u00ednea, sitios de membres\u00eda y otras plataformas de aprendizaje que buscan mantener el compromiso y la motivaci\u00f3n de sus alumnos. El complemento de goteo de contenido LearnPress sirve como un recurso invaluable, que ofrece un medio eficiente y f\u00e1cil de usar para entregar contenido de forma de alimentaci\u00f3n de goteo y mantener efectivamente a los alumnos en el camino correcto. Al aprovechar este complemento, los usuarios obtienen la capacidad de elaborar su propia l\u00ednea de tiempo del curso, establecer fechas e intervalos espec\u00edficos para cada lecci\u00f3n individual e incluso adaptar la secuencia del contenido de goteo de acuerdo con sus preferencias. Con la ayuda de LearnPress Content Drip, los creadores del curso pueden proporcionar de manera efectiva a sus alumnos una experiencia de aprendizaje mejorada, lo que resulta en una mayor participaci\u00f3n y tasas de retenci\u00f3n amplificadas. Para resumir, este complemento representa una herramienta excepcional para cualquier persona que busque producir un viaje de aprendizaje en l\u00ednea m\u00e1s impactante y exitoso.<\/p>\n<ul>\n<li>Programar y liberar f\u00e1cilmente el contenido del curso durante un per\u00edodo de tiempo establecido<\/li>\n<li>Personalizar los horarios de goteo para cursos individuales o contenido espec\u00edfico del curso<\/li>\n<li>Contenido de curso de alimentaci\u00f3n de goteo autom\u00e1ticamente para garantizar que los estudiantes no se sientan abrumados con la informaci\u00f3n<\/li>\n<li>Fomentar el compromiso constante con el material del curso a lo largo de la experiencia de aprendizaje<\/li>\n<li>Mejorar los resultados del aprendizaje proporcionando fragmentos de informaci\u00f3n regulares y digeribles<\/li>\n<li>Integre a la perfecci\u00f3n con la plataforma LearnPress LMS para una experiencia simplificada<\/li>\n<li>Obtener control sobre cu\u00e1ndo y c\u00f3mo se entrega el material del curso a los estudiantes<\/li>\n<li>Aumentar las tasas de satisfacci\u00f3n y retenci\u00f3n de los estudiantes al proporcionar un ritmo manejable de aprendizaje<\/li>\n<li>Simplifique la gesti\u00f3n del curso eliminando la necesidad de versiones manuales de contenido<\/li>\n<li>Maximice la efectividad de su contenido educativo aprovechando el poder del goteo de contenido.<\/li>\n<\/ul>\n","protected":false},"excerpt":{"rendered":"<p>La herramienta de goteo de contenido LearnPress es un recurso incre\u00edblemente poderoso que ha sido dise\u00f1ado espec\u00edficamente para ayudar a los creadores de contenido educativo a administrar eficientemente sus cursos. Su funci\u00f3n principal es automatizar la entrega de los materiales del curso a los estudiantes a intervalos predeterminados, proporcionando as\u00ed una experiencia de aprendizaje altamente organizada y duradera. Al utilizar esta herramienta, uno puede ejercer el control sobre la manera y el momento en que los estudiantes accedan al contenido, asegurando as\u00ed su compromiso y motivaci\u00f3n sostenidas durante la duraci\u00f3n del curso. Adem\u00e1s, a los usuarios se les otorga la opci\u00f3n de personalizar completamente la secuencia de goteo, incluidos factores como la frecuencia de la liberaci\u00f3n de contenido, as\u00ed como el tipo espec\u00edfico y el formato de contenido que se difundir\u00e1. Independientemente de si est\u00e1 operando una academia en l\u00ednea o manteniendo un blog personal, la herramienta de goteo de contenido LearnPress es una necesidad absoluta, ya que sin duda lo ayudar\u00e1 a crear una experiencia educativa que sea cautivadora y efectiva para sus estudiantes estimados.<\/p>\n","protected":false},"featured_media":166595,"comment_status":"open","ping_status":"open","template":"","meta":[],"product_brand":[2486],"product_cat":[1214,1206,1211],"product_tag":[2137],"class_list":{"0":"post-118309","1":"product","2":"type-product","3":"status-publish","4":"has-post-thumbnail","6":"product_brand-learnpress","7":"product_cat-personalizacion","8":"product_cat-plugins","9":"product_cat-wordpress-plugins","10":"product_tag-learnpress","11":"member-discount","12":"discount-restricted","14":"first","15":"instock","16":"sale","17":"downloadable","18":"virtual","19":"sold-individually","20":"purchasable","21":"product-type-simple"},"_links":{"self":[{"href":"https:\/\/gpl-love.com\/es\/wp-json\/wp\/v2\/product\/118309","targetHints":{"allow":["GET"]}}],"collection":[{"href":"https:\/\/gpl-love.com\/es\/wp-json\/wp\/v2\/product"}],"about":[{"href":"https:\/\/gpl-love.com\/es\/wp-json\/wp\/v2\/types\/product"}],"replies":[{"embeddable":true,"href":"https:\/\/gpl-love.com\/es\/wp-json\/wp\/v2\/comments?post=118309"}],"wp:featuredmedia":[{"embeddable":true,"href":"https:\/\/gpl-love.com\/es\/wp-json\/wp\/v2\/media\/166595"}],"wp:attachment":[{"href":"https:\/\/gpl-love.com\/es\/wp-json\/wp\/v2\/media?parent=118309"}],"wp:term":[{"taxonomy":"product_brand","embeddable":true,"href":"https:\/\/gpl-love.com\/es\/wp-json\/wp\/v2\/product_brand?post=118309"},{"taxonomy":"product_cat","embeddable":true,"href":"https:\/\/gpl-love.com\/es\/wp-json\/wp\/v2\/product_cat?post=118309"},{"taxonomy":"product_tag","embeddable":true,"href":"https:\/\/gpl-love.com\/es\/wp-json\/wp\/v2\/product_tag?post=118309"}],"curies":[{"name":"wp","href":"https:\/\/api.w.org\/{rel}","templated":true}]}}